{"id":713068,"date":"2025-08-27T17:03:48","date_gmt":"2025-08-27T14:03:48","guid":{"rendered":"https:\/\/roveyayinevi.com.tr\/index.php\/urun\/ali-kopter-5-tatilde-hayat-ne-guzel\/"},"modified":"2026-04-16T02:21:41","modified_gmt":"2026-04-15T23:21:41","slug":"ali-kopter-5-tatilde-hayat-ne-guzel","status":"publish","type":"product","link":"https:\/\/roveyayinevi.com.tr\/index.php\/urun\/ali-kopter-5-tatilde-hayat-ne-guzel\/","title":{"rendered":"Ali Kopter 5 &#8211; Tatilde Hayat Ne G\u00fczel!"},"content":{"rendered":"<p>Yaz tatilinin h\u0131zla geli\u015fiyle birlikte, benim de yan gelip yatma d\u00f6nemim ba\u015flad\u0131. \u00d6\u011flende uyan\u0131p, ayaklar\u0131m\u0131 duvara koyup dinlendirme sezonunu a\u00e7m\u0131\u015f bulunuyorum.Ders yok, kalem yok, defter yok, \u00f6dev yok. Okula gitmek i\u00e7in erkenden kalk\u0131p ko\u015fturmak hi\u00e7 yok.Ko\u015fturmalara son verip yava\u015f hareket etme d\u00f6nemine girdim. Kendimi Ay\u2019da hareket eden astronotlar gibi hissediyorum.Her ad\u0131m att\u0131\u011f\u0131mda, lay lay lom\u2026 Bir ad\u0131m daha at, bir lay lay lom daha&#8230;Her \u015fey ne kadar da g\u00fczel, tatil ne kadar da g\u00fczel! \u0130nsan\u0131n \u015fark\u0131 s\u00f6yleyesi ve \u015fiir yazas\u0131 geliyor.Okulun son g\u00fcnlerinde kat\u0131ld\u0131\u011f\u0131m \u015fiir yar\u0131\u015fmas\u0131n\u0131 hat\u0131rl\u0131yor musunuz?O yar\u0131\u015fmada il \u00fc\u00e7\u00fcnc\u00fcs\u00fc oldum. Be\u015f dakikal\u0131k teneff\u00fcste yazd\u0131\u011f\u0131m o \u015fiirle dereceye girdim anlayaca\u011f\u0131n\u0131z.Ne kadar sa\u00e7ma de\u011fil mi? Bana madalya bile verdiler. <\/p>\n","protected":false},"excerpt":{"rendered":"<p>Yaz tatilinin h\u0131zla geli\u015fiyle birlikte, benim de yan gelip yatma d\u00f6nemim ba\u015flad\u0131. \u00d6\u011flende uyan\u0131p, ayaklar\u0131m\u0131 duvara koyup dinlendirme sezonunu a\u00e7m\u0131\u015f bulunuyorum.Ders yok, kalem yok, defter yok,<span class=\"excerpt-hellip\"> [\u2026]<\/span><\/p>\n","protected":false},"featured_media":0,"template":"","meta":{"_monsterinsights_skip_tracking":false,"_monsterinsights_sitenote_active":false,"_monsterinsights_sitenote_note":"","_monsterinsights_sitenote_category":0},"product_brand":[],"product_cat":[12274,12284],"product_tag":[],"class_list":{"0":"post-713068","1":"product","2":"type-product","3":"status-publish","5":"product_cat-cocuk-ve-genclik-kitaplari","6":"product_cat-hikayeler","7":"pa_cilt-ciltsiz","8":"pa_tur-kitap","9":"pa_yayinevi-ugurbocegi-yayinlari","10":"pa_yazar-sebnem-guler-karacan","12":"first","13":"instock","14":"sale","15":"shipping-taxable","16":"purchasable","17":"product-type-simple"},"_links":{"self":[{"href":"https:\/\/roveyayinevi.com.tr\/index.php\/wp-json\/wp\/v2\/product\/713068","targetHints":{"allow":["GET"]}}],"collection":[{"href":"https:\/\/roveyayinevi.com.tr\/index.php\/wp-json\/wp\/v2\/product"}],"about":[{"href":"https:\/\/roveyayinevi.com.tr\/index.php\/wp-json\/wp\/v2\/types\/product"}],"wp:attachment":[{"href":"https:\/\/roveyayinevi.com.tr\/index.php\/wp-json\/wp\/v2\/media?parent=713068"}],"wp:term":[{"taxonomy":"product_brand","embeddable":true,"href":"https:\/\/roveyayinevi.com.tr\/index.php\/wp-json\/wp\/v2\/product_brand?post=713068"},{"taxonomy":"product_cat","embeddable":true,"href":"https:\/\/roveyayinevi.com.tr\/index.php\/wp-json\/wp\/v2\/product_cat?post=713068"},{"taxonomy":"product_tag","embeddable":true,"href":"https:\/\/roveyayinevi.com.tr\/index.php\/wp-json\/wp\/v2\/product_tag?post=713068"}],"curies":[{"name":"wp","href":"https:\/\/api.w.org\/{rel}","templated":true}]}}