{"id":713066,"date":"2025-08-27T17:03:47","date_gmt":"2025-08-27T14:03:47","guid":{"rendered":"https:\/\/roveyayinevi.com.tr\/index.php\/urun\/egitim-ve-gelisim-ozellikleriyle-okul-cagi-cocugu\/"},"modified":"2026-04-16T02:21:41","modified_gmt":"2026-04-15T23:21:41","slug":"egitim-ve-gelisim-ozellikleriyle-okul-cagi-cocugu","status":"publish","type":"product","link":"https:\/\/roveyayinevi.com.tr\/index.php\/urun\/egitim-ve-gelisim-ozellikleriyle-okul-cagi-cocugu\/","title":{"rendered":"E\u011fitim ve Geli\u015fim \u00d6zellikleriyle Okul \u00c7a\u011f\u0131 \u00c7ocu\u011fu"},"content":{"rendered":"<p>Okul\u00f6ncesi d\u00f6nemde zihinsel geli\u015fim y\u00f6n\u00fcnden hen\u00fcz sezgisel d\u00fc\u015f\u00fcnme evresinde bulunan \u00e7ocuk, ilkokul \u00e7a\u011f\u0131na geldi\u011finde soyut kavramlar\u0131 anlamaya, \u00f6zel bir \u00f6\u011frenme durumundan yola \u00e7\u0131karak genellemeler yapmaya, yeteneklerinin ve s\u0131n\u0131rl\u0131l\u0131klar\u0131n\u0131n fark\u0131na varmaya ba\u015flar.B\u00fct\u00fcn bu de\u011fi\u015fim ve geli\u015fimin sa\u011fl\u0131kl\u0131 bir \u015fekilde ger\u00e7ekle\u015fmesi, b\u00fcy\u00fck \u00f6l\u00e7\u00fcde \u00e7ocu\u011fa haz\u0131rlanan yak\u0131n \u00e7evre ko\u015fullar\u0131na, ona tan\u0131nan f\u0131rsatlara, benlik de\u011feri ad\u0131na at\u0131lan olumlu tohumlara, evde ve okulda sunulan sa\u011fl\u0131kl\u0131 etkile\u015fim ortam\u0131na ba\u011fl\u0131d\u0131r.Elinizdeki kitap, okul \u00e7a\u011f\u0131 \u00e7ocu\u011funun sa\u011fl\u0131kl\u0131 geli\u015fimi i\u00e7in ana-baba ve \u00f6\u011fretmenlere gerekli t\u00fcm bilgileri vermeyi ama\u00e7lamaktad\u0131r. <\/p>\n","protected":false},"excerpt":{"rendered":"<p>Okul\u00f6ncesi d\u00f6nemde zihinsel geli\u015fim y\u00f6n\u00fcnden hen\u00fcz sezgisel d\u00fc\u015f\u00fcnme evresinde bulunan \u00e7ocuk, ilkokul \u00e7a\u011f\u0131na geldi\u011finde soyut kavramlar\u0131 anlamaya, \u00f6zel bir \u00f6\u011frenme durumundan yola \u00e7\u0131karak genellemeler yapmaya, yeteneklerinin<span class=\"excerpt-hellip\"> [\u2026]<\/span><\/p>\n","protected":false},"featured_media":0,"template":"","meta":{"_monsterinsights_skip_tracking":false,"_monsterinsights_sitenote_active":false,"_monsterinsights_sitenote_note":"","_monsterinsights_sitenote_category":0},"product_brand":[],"product_cat":[12679,12357],"product_tag":[],"class_list":{"0":"post-713066","1":"product","2":"type-product","3":"status-publish","5":"product_cat-cocuk-psikolojisi","6":"product_cat-psikoloji","7":"pa_cilt-ciltsiz","8":"pa_tur-kitap","9":"pa_yayinevi-remzi-kitabevi","10":"pa_yazar-haluk-yavuzer","12":"first","13":"instock","14":"sale","15":"shipping-taxable","16":"purchasable","17":"product-type-simple"},"_links":{"self":[{"href":"https:\/\/roveyayinevi.com.tr\/index.php\/wp-json\/wp\/v2\/product\/713066","targetHints":{"allow":["GET"]}}],"collection":[{"href":"https:\/\/roveyayinevi.com.tr\/index.php\/wp-json\/wp\/v2\/product"}],"about":[{"href":"https:\/\/roveyayinevi.com.tr\/index.php\/wp-json\/wp\/v2\/types\/product"}],"wp:attachment":[{"href":"https:\/\/roveyayinevi.com.tr\/index.php\/wp-json\/wp\/v2\/media?parent=713066"}],"wp:term":[{"taxonomy":"product_brand","embeddable":true,"href":"https:\/\/roveyayinevi.com.tr\/index.php\/wp-json\/wp\/v2\/product_brand?post=713066"},{"taxonomy":"product_cat","embeddable":true,"href":"https:\/\/roveyayinevi.com.tr\/index.php\/wp-json\/wp\/v2\/product_cat?post=713066"},{"taxonomy":"product_tag","embeddable":true,"href":"https:\/\/roveyayinevi.com.tr\/index.php\/wp-json\/wp\/v2\/product_tag?post=713066"}],"curies":[{"name":"wp","href":"https:\/\/api.w.org\/{rel}","templated":true}]}}