{"id":713065,"date":"2025-08-27T17:03:46","date_gmt":"2025-08-27T14:03:46","guid":{"rendered":"https:\/\/roveyayinevi.com.tr\/index.php\/urun\/hashasiler-efsaneler-ve-gercekler\/"},"modified":"2026-04-16T02:21:41","modified_gmt":"2026-04-15T23:21:41","slug":"hashasiler-efsaneler-ve-gercekler","status":"publish","type":"product","link":"https:\/\/roveyayinevi.com.tr\/index.php\/urun\/hashasiler-efsaneler-ve-gercekler\/","title":{"rendered":"Ha\u015fha\u015filer &#8211; Efsaneler ve Ger\u00e7ekler"},"content":{"rendered":"<p>Ge\u00e7mi\u015ften bug\u00fcne Hasan Sabbah ve Nizariler i\u00e7in gizemli, mistik ve efsanevi bir profil \u00e7izildi. Ger\u00e7eklik ve efsane aras\u0131nda anlat\u0131lan tarihleri filmlere ve romanlara konu oldu. Bir\u00e7ok ki\u015finin \u00f6\u011frendi\u011fi, okudu\u011fu ve inand\u0131\u011f\u0131 uydurma hikayelerin ger\u00e7ekli\u011fi bu kitapta a\u00e7\u0131klanmaya \u00e7al\u0131\u015f\u0131ld\u0131. Alamut Kalesi\u2019nde ger\u00e7ekten cennet bah\u00e7esi var m\u0131yd\u0131? Fedailer ger\u00e7ekten \u00f6l\u00fcme atlad\u0131lar m\u0131? Ha\u015fha\u015f kulland\u0131lar m\u0131? Hasan Sabbah, \u00d6mer Hayyam ve Nizam\u00fc\u2019l M\u00fclk arkada\u015f m\u0131yd\u0131? Hasan Sabbah taraf\u0131ndan kurulan yap\u0131 devlet mi te\u015fkilat m\u0131 tarikat m\u0131? Sel\u00e7uklu Devleti ve ordusuna nas\u0131l s\u0131zd\u0131lar? Alamut\u2019taki suikast listeleri, h\u00fccre evleri vb. daha bir\u00e7ok merak edilen konunun i\u00e7 y\u00fcz\u00fc tarih merakl\u0131lar\u0131na yeni bir bak\u0131\u015f a\u00e7\u0131s\u0131 kazand\u0131racakt\u0131r. <\/p>\n","protected":false},"excerpt":{"rendered":"<p>Ge\u00e7mi\u015ften bug\u00fcne Hasan Sabbah ve Nizariler i\u00e7in gizemli, mistik ve efsanevi bir profil \u00e7izildi. Ger\u00e7eklik ve efsane aras\u0131nda anlat\u0131lan tarihleri filmlere ve romanlara konu oldu. Bir\u00e7ok<span class=\"excerpt-hellip\"> [\u2026]<\/span><\/p>\n","protected":false},"featured_media":0,"template":"","meta":{"_monsterinsights_skip_tracking":false,"_monsterinsights_sitenote_active":false,"_monsterinsights_sitenote_note":"","_monsterinsights_sitenote_category":0},"product_brand":[],"product_cat":[12370,12304],"product_tag":[],"class_list":{"0":"post-713065","1":"product","2":"type-product","3":"status-publish","5":"product_cat-arastirma-inceleme","6":"product_cat-tarih","7":"pa_cilt-ciltsiz","8":"pa_tur-kitap","9":"pa_yayinevi-yeditepe-yayinevi","10":"pa_yazar-ayse-atici-arayancan","12":"first","13":"instock","14":"sale","15":"shipping-taxable","16":"purchasable","17":"product-type-simple"},"_links":{"self":[{"href":"https:\/\/roveyayinevi.com.tr\/index.php\/wp-json\/wp\/v2\/product\/713065","targetHints":{"allow":["GET"]}}],"collection":[{"href":"https:\/\/roveyayinevi.com.tr\/index.php\/wp-json\/wp\/v2\/product"}],"about":[{"href":"https:\/\/roveyayinevi.com.tr\/index.php\/wp-json\/wp\/v2\/types\/product"}],"wp:attachment":[{"href":"https:\/\/roveyayinevi.com.tr\/index.php\/wp-json\/wp\/v2\/media?parent=713065"}],"wp:term":[{"taxonomy":"product_brand","embeddable":true,"href":"https:\/\/roveyayinevi.com.tr\/index.php\/wp-json\/wp\/v2\/product_brand?post=713065"},{"taxonomy":"product_cat","embeddable":true,"href":"https:\/\/roveyayinevi.com.tr\/index.php\/wp-json\/wp\/v2\/product_cat?post=713065"},{"taxonomy":"product_tag","embeddable":true,"href":"https:\/\/roveyayinevi.com.tr\/index.php\/wp-json\/wp\/v2\/product_tag?post=713065"}],"curies":[{"name":"wp","href":"https:\/\/api.w.org\/{rel}","templated":true}]}}