{"id":713064,"date":"2025-08-27T17:03:45","date_gmt":"2025-08-27T14:03:45","guid":{"rendered":"https:\/\/roveyayinevi.com.tr\/index.php\/urun\/otekiler-gunu\/"},"modified":"2026-04-16T02:21:41","modified_gmt":"2026-04-15T23:21:41","slug":"otekiler-gunu","status":"publish","type":"product","link":"https:\/\/roveyayinevi.com.tr\/index.php\/urun\/otekiler-gunu\/","title":{"rendered":"\u00d6tekiler G\u00fcn\u00fc"},"content":{"rendered":"<p>&#8220;Hayat\u0131m\u0131z\u0131n seyir defterini haf\u0131za tutar, onu temize \u00e7eken unutu\u015ftur. \u0130nsan unuttuklar\u0131n\u0131n g\u00f6lgesinde ya\u015far.&#8221;\u201cBiz zamana tasarruf etti\u011fimizi d\u00fc\u015f\u00fcn\u00fcrken, zaman bizi sarf ediyor.\u201dModern insan\u0131n en b\u00fcy\u00fck problemi varl\u0131klad\u0131r. Kaosun, \u015fiddetin, nefretin aras\u0131nda iyili\u011fi, g\u00fczelli\u011fi ve esteti\u011fi ararken bocalar. \u00c7o\u011fu zaman sordu\u011fu sorulara bir cevap bulamaz ve geri \u00e7ekilir. Oysa her geri \u00e7ekilme insan\u0131n zaman kar\u015f\u0131s\u0131ndaki acizli\u011fini kuvvetlendirir, bu da insan\u0131 kaybedenler saf\u0131na yerle\u015ftirir. \u0130nsan\u0131n varl\u0131k problemini kazanabilmesi, hi\u00e7 de\u011filse bu problemle ba\u015f edebilmesi i\u00e7in soru sormas\u0131 gerekir. Ben kimim? \u00d6teki kim? Var olmak nedir? Yokluk neyi anlat\u0131r? Zaman sadece ak\u0131p giden \u015fey midir? H\u00e2limden mi memnun olmal\u0131y\u0131m yoksa mevcudiyetimden mi?..Kelime dilin yap\u0131 ta\u015f\u0131, c\u00fcmle s\u00f6z\u00fcn evidir. \u00d6tekiler G\u00fcn\u00fc: \u0130nsana a\u00e7\u0131lan c\u00fcmle kap\u0131s\u0131; insan\u0131n eyleyi\u015fine, s\u00f6yleyi\u015fine, y\u00fcr\u00fcy\u00fc\u015f\u00fcne, k\u0131r\u0131l\u0131\u015f\u0131na&#8230; Soran, anlayan, \u015feylere ve g\u00f6r\u00fcnt\u00fclere anlam katan, unutan, yaln\u0131z kalan insana insanca bak\u0131\u015flar\u2026Tekin \u015eener, &#8220;\u00d6tekiler G\u00fcn\u00fc: Dil Bah\u00e7esinde C\u00fcmle Tarhlar\u0131&#8221; kitab\u0131nda insan\u0131n d\u00fc\u011f\u00fcmlerini kelimelerle \u00e7\u00f6zmeye \u00e7al\u0131\u015f\u0131yor. Evvela hik\u00e2yenin ba\u015f\u0131ndan, yani \u00e7ocukluktan ba\u015fl\u0131yor ve zamanlar\u0131, mekanlar\u0131, foto\u011fraflar\u0131, hayalleri yan yana koyarak insan\u0131 insana yak\u0131nla\u015ft\u0131rman\u0131n yollar\u0131n\u0131 ar\u0131yor. T\u00fcrk\u00e7enin t\u00fcm lezzetini ve zarafetini metinlerine ta\u015f\u0131yor. Her okuyana birer \u00fcmit olabilmesi niyetiyle harfleri tane tane diziyor, \u00f6bek \u00f6bek c\u00fcmleler seriyor\u2026 <\/p>\n","protected":false},"excerpt":{"rendered":"<p>&#8220;Hayat\u0131m\u0131z\u0131n seyir defterini haf\u0131za tutar, onu temize \u00e7eken unutu\u015ftur. \u0130nsan unuttuklar\u0131n\u0131n g\u00f6lgesinde ya\u015far.&#8221;\u201cBiz zamana tasarruf etti\u011fimizi d\u00fc\u015f\u00fcn\u00fcrken, zaman bizi sarf ediyor.\u201dModern insan\u0131n en b\u00fcy\u00fck problemi varl\u0131klad\u0131r.<span class=\"excerpt-hellip\"> [\u2026]<\/span><\/p>\n","protected":false},"featured_media":0,"template":"","meta":{"_monsterinsights_skip_tracking":false,"_monsterinsights_sitenote_active":false,"_monsterinsights_sitenote_note":"","_monsterinsights_sitenote_category":0},"product_brand":[],"product_cat":[12777,12291],"product_tag":[],"class_list":{"0":"post-713064","1":"product","2":"type-product","3":"status-publish","5":"product_cat-deneme","6":"product_cat-edebiyat","7":"pa_cilt-ciltsiz","8":"pa_tur-kitap","9":"pa_yayinevi-karakum-yayinevi","10":"pa_yazar-tekin-sener","12":"first","13":"instock","14":"sale","15":"shipping-taxable","16":"purchasable","17":"product-type-simple"},"_links":{"self":[{"href":"https:\/\/roveyayinevi.com.tr\/index.php\/wp-json\/wp\/v2\/product\/713064","targetHints":{"allow":["GET"]}}],"collection":[{"href":"https:\/\/roveyayinevi.com.tr\/index.php\/wp-json\/wp\/v2\/product"}],"about":[{"href":"https:\/\/roveyayinevi.com.tr\/index.php\/wp-json\/wp\/v2\/types\/product"}],"wp:attachment":[{"href":"https:\/\/roveyayinevi.com.tr\/index.php\/wp-json\/wp\/v2\/media?parent=713064"}],"wp:term":[{"taxonomy":"product_brand","embeddable":true,"href":"https:\/\/roveyayinevi.com.tr\/index.php\/wp-json\/wp\/v2\/product_brand?post=713064"},{"taxonomy":"product_cat","embeddable":true,"href":"https:\/\/roveyayinevi.com.tr\/index.php\/wp-json\/wp\/v2\/product_cat?post=713064"},{"taxonomy":"product_tag","embeddable":true,"href":"https:\/\/roveyayinevi.com.tr\/index.php\/wp-json\/wp\/v2\/product_tag?post=713064"}],"curies":[{"name":"wp","href":"https:\/\/api.w.org\/{rel}","templated":true}]}}