{"id":713059,"date":"2025-08-27T17:03:42","date_gmt":"2025-08-27T14:03:42","guid":{"rendered":"https:\/\/roveyayinevi.com.tr\/index.php\/urun\/super-dahiler-toplama\/"},"modified":"2026-04-16T02:21:41","modified_gmt":"2026-04-15T23:21:41","slug":"super-dahiler-toplama","status":"publish","type":"product","link":"https:\/\/roveyayinevi.com.tr\/index.php\/urun\/super-dahiler-toplama\/","title":{"rendered":"S\u00fcper Dahiler Toplama"},"content":{"rendered":"<p>S\u00fcper Dahiler Toplama Oyunu: S\u00fcper dahiler toplama oyunu \u00e7ocuklar\u0131n toplama i\u015flemini zihinden daha h\u0131zl\u0131 yapmalar\u0131n\u0131 sa\u011flayacak ve oynarken hem dikkat geli\u015ftirecek hemde e\u011flenerek h\u0131zl\u0131 bir \u015fekilde \u00f6\u011frenmeyi sa\u011flayan \u00e7ok \u00f6zel bir oyundur. S\u00fcper Dahiler Toplama Oyunu 5 oyunu bir arada sunar. Ayr\u0131ca s\u0131n\u0131f i\u00e7i oyun modeliyle \u00f6\u011frencilerin e\u011flenerek \u00f6\u011frenmesine katk\u0131 sa\u011flayacak  ve ayn\u0131 zamanda s\u0131n\u0131f i\u00e7i dikkat geli\u015fimini artt\u0131racakt\u0131r. S\u00fcper Dahiler Toplama Oyunu: &#8211; H\u0131z &#8211; Dikkat ve Odaklanma &#8211; Problem \u00c7\u00f6zme Becerisi &#8211; G\u00f6rsel Alg\u0131 &#8211; \u0130\u015flem H\u0131z\u0131 gibi geli\u015fim alanlar\u0131na katk\u0131 sa\u011flar. <\/p>\n","protected":false},"excerpt":{"rendered":"<p>S\u00fcper Dahiler Toplama Oyunu: S\u00fcper dahiler toplama oyunu \u00e7ocuklar\u0131n toplama i\u015flemini zihinden daha h\u0131zl\u0131 yapmalar\u0131n\u0131 sa\u011flayacak ve oynarken hem dikkat geli\u015ftirecek hemde e\u011flenerek h\u0131zl\u0131 bir \u015fekilde<span class=\"excerpt-hellip\"> [\u2026]<\/span><\/p>\n","protected":false},"featured_media":0,"template":"","meta":{"_monsterinsights_skip_tracking":false,"_monsterinsights_sitenote_active":false,"_monsterinsights_sitenote_note":"","_monsterinsights_sitenote_category":0},"product_brand":[],"product_cat":[12291,15566],"product_tag":[],"class_list":{"0":"post-713059","1":"product","2":"type-product","3":"status-publish","5":"product_cat-edebiyat","6":"product_cat-oyun","7":"pa_cilt-set","8":"pa_tur-kitap10","9":"pa_yayinevi-dikkat-atolyesi-yayinlari","10":"pa_yazar-kollektif","12":"first","13":"instock","14":"sale","15":"shipping-taxable","16":"purchasable","17":"product-type-simple"},"_links":{"self":[{"href":"https:\/\/roveyayinevi.com.tr\/index.php\/wp-json\/wp\/v2\/product\/713059","targetHints":{"allow":["GET"]}}],"collection":[{"href":"https:\/\/roveyayinevi.com.tr\/index.php\/wp-json\/wp\/v2\/product"}],"about":[{"href":"https:\/\/roveyayinevi.com.tr\/index.php\/wp-json\/wp\/v2\/types\/product"}],"wp:attachment":[{"href":"https:\/\/roveyayinevi.com.tr\/index.php\/wp-json\/wp\/v2\/media?parent=713059"}],"wp:term":[{"taxonomy":"product_brand","embeddable":true,"href":"https:\/\/roveyayinevi.com.tr\/index.php\/wp-json\/wp\/v2\/product_brand?post=713059"},{"taxonomy":"product_cat","embeddable":true,"href":"https:\/\/roveyayinevi.com.tr\/index.php\/wp-json\/wp\/v2\/product_cat?post=713059"},{"taxonomy":"product_tag","embeddable":true,"href":"https:\/\/roveyayinevi.com.tr\/index.php\/wp-json\/wp\/v2\/product_tag?post=713059"}],"curies":[{"name":"wp","href":"https:\/\/api.w.org\/{rel}","templated":true}]}}