{"id":713057,"date":"2025-08-27T17:03:41","date_gmt":"2025-08-27T14:03:41","guid":{"rendered":"https:\/\/roveyayinevi.com.tr\/index.php\/urun\/super-dahiler-carpim-tablosu-1-2xden-5xe\/"},"modified":"2026-04-16T02:21:41","modified_gmt":"2026-04-15T23:21:41","slug":"super-dahiler-carpim-tablosu-1-2xden-5xe","status":"publish","type":"product","link":"https:\/\/roveyayinevi.com.tr\/index.php\/urun\/super-dahiler-carpim-tablosu-1-2xden-5xe\/","title":{"rendered":"S\u00fcper Dahiler \u00c7arp\u0131m Tablosu 1  (2x\u2019den 5x\u2019e)"},"content":{"rendered":"<p>S\u00fcper Dahiler \u00c7arpma \u0130\u015flemi Oyunu: \u0130\u015flem kartlar\u0131 ile sonu\u00e7 kartlar\u0131 aras\u0131nda ya bir ya da tamam\u0131n\u0131 h\u0131zl\u0131 ve seri bir \u015fekilde e\u015fle\u015ftirme oyunudur. Oyun 1-6 ki\u015fi aras\u0131nda 5 modelle oynanabilir. S\u0131n\u0131f i\u00e7i oyun se\u00e7ene\u011fiyle desteklenen oyun hem e\u011flendiriyor hemde \u00f6\u011fretiyor. S\u00fcper Dahiler \u00c7arpma \u0130\u015flemi Oyunu: &#8211; \u0130\u015flem H\u0131z\u0131 &#8211; Problem \u00c7\u00f6zme Becerisi &#8211; Dikkat ve Odaklanam &#8211; G\u00f6rsel Alg\u0131 gibi geli\u015fim alanlar\u0131na katk\u0131 sa\u011flar. <\/p>\n","protected":false},"excerpt":{"rendered":"<p>S\u00fcper Dahiler \u00c7arpma \u0130\u015flemi Oyunu: \u0130\u015flem kartlar\u0131 ile sonu\u00e7 kartlar\u0131 aras\u0131nda ya bir ya da tamam\u0131n\u0131 h\u0131zl\u0131 ve seri bir \u015fekilde e\u015fle\u015ftirme oyunudur. Oyun 1-6 ki\u015fi<span class=\"excerpt-hellip\"> [\u2026]<\/span><\/p>\n","protected":false},"featured_media":0,"template":"","meta":{"_monsterinsights_skip_tracking":false,"_monsterinsights_sitenote_active":false,"_monsterinsights_sitenote_note":"","_monsterinsights_sitenote_category":0},"product_brand":[],"product_cat":[12291,15566],"product_tag":[],"class_list":{"0":"post-713057","1":"product","2":"type-product","3":"status-publish","5":"product_cat-edebiyat","6":"product_cat-oyun","7":"pa_cilt-set","8":"pa_tur-kitap20","9":"pa_yayinevi-dikkat-atolyesi-yayinlari","10":"pa_yazar-kollektif","12":"first","13":"instock","14":"sale","15":"shipping-taxable","16":"purchasable","17":"product-type-simple"},"_links":{"self":[{"href":"https:\/\/roveyayinevi.com.tr\/index.php\/wp-json\/wp\/v2\/product\/713057","targetHints":{"allow":["GET"]}}],"collection":[{"href":"https:\/\/roveyayinevi.com.tr\/index.php\/wp-json\/wp\/v2\/product"}],"about":[{"href":"https:\/\/roveyayinevi.com.tr\/index.php\/wp-json\/wp\/v2\/types\/product"}],"wp:attachment":[{"href":"https:\/\/roveyayinevi.com.tr\/index.php\/wp-json\/wp\/v2\/media?parent=713057"}],"wp:term":[{"taxonomy":"product_brand","embeddable":true,"href":"https:\/\/roveyayinevi.com.tr\/index.php\/wp-json\/wp\/v2\/product_brand?post=713057"},{"taxonomy":"product_cat","embeddable":true,"href":"https:\/\/roveyayinevi.com.tr\/index.php\/wp-json\/wp\/v2\/product_cat?post=713057"},{"taxonomy":"product_tag","embeddable":true,"href":"https:\/\/roveyayinevi.com.tr\/index.php\/wp-json\/wp\/v2\/product_tag?post=713057"}],"curies":[{"name":"wp","href":"https:\/\/api.w.org\/{rel}","templated":true}]}}