{"id":713055,"date":"2025-08-27T17:03:40","date_gmt":"2025-08-27T14:03:40","guid":{"rendered":"https:\/\/roveyayinevi.com.tr\/index.php\/urun\/cogito-sayi-76-pierre-bourdieu\/"},"modified":"2026-04-16T02:21:41","modified_gmt":"2026-04-15T23:21:41","slug":"cogito-sayi-76-pierre-bourdieu","status":"publish","type":"product","link":"https:\/\/roveyayinevi.com.tr\/index.php\/urun\/cogito-sayi-76-pierre-bourdieu\/","title":{"rendered":"Cogito Say\u0131: 76 Pierre Bourdieu"},"content":{"rendered":"<p>3 ayl\u0131k d\u00fc\u015f\u00fcnce dergisi cogito, 2014 bahar\u0131n\u0131 \u00e7ok kapsaml\u0131 bir Pierre Bourdieu say\u0131s\u0131yla kar\u015f\u0131l\u0131yor. \u00d6l\u00fcm\u00fcn\u00fcn ard\u0131ndan 12 y\u0131l ge\u00e7mesine, Michel Foucault\u2019yla birlikte sosyal bilim endekslerinde en \u00e7ok ba\u015fvurulan yazarlardan biri olmas\u0131na ra\u011fmen en \u00f6nemli eserlerinin bir\u00e7o\u011funun T\u00fcrk\u00e7ede h\u00e2l\u00e2 yay\u0131mlanmad\u0131\u011f\u0131 g\u00f6z \u00f6n\u00fcne al\u0131nd\u0131\u011f\u0131nda, Bourdieu hakk\u0131nda \u00f6zel bir say\u0131n\u0131n \u00f6nemi daha iyi anla\u015f\u0131labilir. Cogito gibi sadece \u00fcniversite alan\u0131na de\u011fil, daha geni\u015f bir okur kitlesine hitap eden bir d\u00fc\u015f\u00fcnce dergisinin Bourdieu\u2019ye bir say\u0131 hasretmesi, \u00f6zel \u00e7eviri zorluklar\u0131 ve T\u00fcrkiye\u2019de yay\u0131nc\u0131l\u0131k alan\u0131n\u0131n kendisine has karma\u015falar\u0131 nedeniyle hen\u00fcz \u00f6z\u00fcmsenememi\u015f bir d\u00fc\u015f\u00fcncenin, bir ara\u015ft\u0131rma program\u0131n\u0131n \u00fczerinde \u00e7al\u0131\u015ft\u0131\u011f\u0131 sorunlar\u0131n giderek daha yak\u0131c\u0131 hale geldi\u011fine i\u015faret ediyor.Bu \u00f6zel say\u0131da, Bourdieu\u2019n\u00fcn daha \u00f6nce T\u00fcrk\u00e7ele\u015ftirilmemi\u015f metinlerine, Ocak ay\u0131nda \u0130stanbul\u2019da bir Bourdieu semineri veren Loic Wacquant\u2019\u0131n ve farkl\u0131 \u00e7al\u0131\u015fma alanlar\u0131ndan gelen yazarlar\u0131n makaleleri e\u015flik ediyor. Bu say\u0131ya katk\u0131da bulunanlar\u0131n farkl\u0131 \u00e7al\u0131\u015fma alanlar\u0131na ra\u011fmen ortak kayg\u0131s\u0131, Bourdieu\u2019n\u00fcn \u015ferh edilmesinden ziyade, Bourdieu sosyolojisinin \u201calet kutusu\u201dnun m\u00fcmk\u00fcn olan en verimli \u015fekilde kullan\u0131lmas\u0131.Bu say\u0131n\u0131n en temel avantajlar\u0131ndan biri, hem Bourdieu ile uzun zamand\u0131r hemhal olanlara hem de Bourdieu ile tan\u0131\u015f\u0131kl\u0131\u011f\u0131 yeni ba\u015flayacak olan okurlara, Bourdieu\u2019n\u00fcn \u00e7al\u0131\u015ft\u0131\u011f\u0131 sahalar\u0131n kapsay\u0131c\u0131l\u0131\u011f\u0131n\u0131 takdim ederek, akademik disiplinler ayr\u0131\u015fmas\u0131n\u0131n sorgulanmas\u0131 i\u00e7in ciddi soru\u015fturma patikalar\u0131 vermesidir. Siyasetten bilim sosyolojisine, kent \u00e7al\u0131\u015fmalar\u0131ndan k\u00fclt\u00fcrel \u00fcretim alan\u0131na pek \u00e7ok farkl\u0131 alanda Bourdieu ile d\u00fc\u015f\u00fcnme prati\u011finin geli\u015ftirildi\u011fi bu \u00f6zel say\u0131, T\u00fcrkiye \u00f6zelinde \u00f6zerk ve demokratik bilim taraftar\u0131 kolektiflerin ve d\u00fc\u015f\u00fcn\u00fcmsel entelekt\u00fcel a\u011flar\u0131n geli\u015fimine katk\u0131da bulunmay\u0131 ama\u00e7l\u0131yor.Bu Say\u0131da:Cogito\u2019dan5 \u2022 \u00d6zerk ve M\u00fcdahil Bir Sosyal Bilim \u0130\u00e7in8 \u2022 Pierre Bourdieu \u2022 Sosyolojiye \u00d6vg\u00fc16 \u2022 Lo\u00efc Wacquant \u2022 1993\u2019te Bourdieu: Bilimsel Kutsamaya DairBir Vaka \u0130ncelemesi35 \u2022 Bar\u0131\u015f B\u00fcy\u00fckokutan \u2022 Amerikan Sosyolo\u011fu Olarak Pierre Bourdieu42 \u2022 Mustafa Emirbayer \u2022 Charles Tilly ve Pierre Bourdieu79 \u2022 Nazl\u0131 \u00d6kten \u2022 Devlet \u00dczerine: Son Bir Hesapla\u015fma89 \u2022 G\u00fcney \u00c7e\u011fin &amp; Levent \u00dcnsald\u0131 \u2022 Bourdieu\u2019n\u00fcn \u015eerhleri \u00dczerinden\u201cTemsiliyet Simyas\u0131\u201d106 \u2022 Mike Savage \u2022 Pierre Bourdieu\u2019n\u00fcn Kay\u0131p Kent Sosyolojisi121 \u2022 Alim Arl\u0131 &#8211; Emrah G\u00f6ker \u2022 Kent Sosyolojisini Bourdieu veWacquant ile D\u00fc\u015f\u00fcnmek140 \u2022 Jean-Daniel Reynaud &amp; Pierre Bourdieu \u2022 Bir Eylem SosyolojisiM\u00fcmk\u00fcn m\u00fcd\u00fcr?152 \u2022 \u00d6zg\u00fcr Budak \u2022 Esnek \u0130stihdam Toplumunda K\u00fclt\u00fcrel Sermaye167 \u2022 \u00d6zg\u00fcr Arun \u2022 \u0130nce Zevkler &#8211; Ola\u011fan Be\u011feniler: \u00c7a\u011fda\u015f T\u00fcrkiye\u2019deK\u00fclt\u00fcrel E\u015fitsizli\u011fin Yans\u0131malar\u0131192 \u2022 Pierre Bourdieu \u2022 Simgesel Sermaye ve Toplumsal S\u0131n\u0131flar204 \u2022 Lo\u00efc Wacquant \u2022 Simgesel \u0130ktidar ve Grup Olu\u015fumu:Pierre Bourdieu\u2019n\u00fcn S\u0131n\u0131f\u0131 Yeniden \u00c7er\u00e7evelemesi \u00dczerine230 \u2022 Irmak Karademir Haz\u0131r \u2022 Bourdieu Sonras\u0131 Yeni E\u015fitsizlik G\u00fcndemleri:K\u00fclt\u00fcrel S\u0131n\u0131f Analizi, Be\u011feni ve Kimlik265 \u2022 \u00c7etin \u00c7elik \u2022 Sosyal Sermaye, Ebeveyn A\u011flar\u0131 ve Okul Ba\u015far\u0131s\u0131290 \u2022 Cihad \u00d6zs\u00f6z \u2022 Pierre Bourdieu: Simgesel \u015eiddet, E\u011fitim, \u0130ktidar312 \u2022 H\u00fcseyin Etil &#8211; Metin Demir \u2022 Pierre Bourdieu\u2019n\u00fcnBilim Sosyolojisine Katk\u0131s\u0131: \u201cAlan Teorisi\u201d, \u201cHabitus\u201d Cini ve\u201cRefleksivite Talebi\u201d350 \u2022 Bar\u0131\u015f M\u00fccen \u2022 Bourdieu\u2019y\u00fc Kullanmak: Bilimsel Nesnenin \u0130n\u015fas\u0131366 \u2022 Sebahattin \u015een \u2022 Pierre Bourdieu Sosyolojisinde D\u00fc\u015f\u00fcn\u00fcmsellik389 \u2022 \u0130\u015ftar G\u00f6zayd\u0131n \u2022 Bourdieu ve Din402 \u2022 Emine Borgen\u00e7 Demirel \u2022 \u00c7evirinin Bourdieu SosyolojisiyleYap\u0131lanan Y\u00fcz\u00fc, \u00c7eviri Sosyolojisi417 \u2022 Seval \u015eahin \u2022 1918\u2019de Edebi Be\u011feni ve Bir Edebi Bi\u00e7iminOrtaya \u00c7\u0131k\u0131\u015f\u0131432 \u2022 Pierre Bourdieu \u2022 \u0130nsanlar ve Mekanizmalar445 \u2022 Lo\u00efc Wacquant\u2019la S\u00f6yle\u015fi \u2022 Bourdieu\u2019yle BirlikteGe\u00e7en Say\u0131dakiler451 \u2022 Say\u0131 75 N\u00f6robilim ve Felsefe452 \u2022 Yazarlar Hakk\u0131nda <\/p>\n","protected":false},"excerpt":{"rendered":"<p>3 ayl\u0131k d\u00fc\u015f\u00fcnce dergisi cogito, 2014 bahar\u0131n\u0131 \u00e7ok kapsaml\u0131 bir Pierre Bourdieu say\u0131s\u0131yla kar\u015f\u0131l\u0131yor. \u00d6l\u00fcm\u00fcn\u00fcn ard\u0131ndan 12 y\u0131l ge\u00e7mesine, Michel Foucault\u2019yla birlikte sosyal bilim endekslerinde en<span class=\"excerpt-hellip\"> [\u2026]<\/span><\/p>\n","protected":false},"featured_media":0,"template":"","meta":{"_monsterinsights_skip_tracking":false,"_monsterinsights_sitenote_active":false,"_monsterinsights_sitenote_note":"","_monsterinsights_sitenote_category":0},"product_brand":[],"product_cat":[13527],"product_tag":[],"class_list":{"0":"post-713055","1":"product","2":"type-product","3":"status-publish","5":"product_cat-sureli-yayinlar","6":"pa_cilt-ciltsiz","7":"pa_tur-dergi","8":"pa_yayinevi-yapi-kredi-yayinlari-dergi","9":"pa_yazar-kollektif","11":"first","12":"instock","13":"sale","14":"shipping-taxable","15":"purchasable","16":"product-type-simple"},"_links":{"self":[{"href":"https:\/\/roveyayinevi.com.tr\/index.php\/wp-json\/wp\/v2\/product\/713055","targetHints":{"allow":["GET"]}}],"collection":[{"href":"https:\/\/roveyayinevi.com.tr\/index.php\/wp-json\/wp\/v2\/product"}],"about":[{"href":"https:\/\/roveyayinevi.com.tr\/index.php\/wp-json\/wp\/v2\/types\/product"}],"wp:attachment":[{"href":"https:\/\/roveyayinevi.com.tr\/index.php\/wp-json\/wp\/v2\/media?parent=713055"}],"wp:term":[{"taxonomy":"product_brand","embeddable":true,"href":"https:\/\/roveyayinevi.com.tr\/index.php\/wp-json\/wp\/v2\/product_brand?post=713055"},{"taxonomy":"product_cat","embeddable":true,"href":"https:\/\/roveyayinevi.com.tr\/index.php\/wp-json\/wp\/v2\/product_cat?post=713055"},{"taxonomy":"product_tag","embeddable":true,"href":"https:\/\/roveyayinevi.com.tr\/index.php\/wp-json\/wp\/v2\/product_tag?post=713055"}],"curies":[{"name":"wp","href":"https:\/\/api.w.org\/{rel}","templated":true}]}}