{"id":713054,"date":"2025-08-27T17:03:39","date_gmt":"2025-08-27T14:03:39","guid":{"rendered":"https:\/\/roveyayinevi.com.tr\/index.php\/urun\/mimarlik-ogrencileriyle-soylesi\/"},"modified":"2026-04-16T02:21:41","modified_gmt":"2026-04-15T23:21:41","slug":"mimarlik-ogrencileriyle-soylesi","status":"publish","type":"product","link":"https:\/\/roveyayinevi.com.tr\/index.php\/urun\/mimarlik-ogrencileriyle-soylesi\/","title":{"rendered":"Mimarl\u0131k \u00d6\u011frencileriyle S\u00f6yle\u015fi"},"content":{"rendered":"<p>Mimarl\u0131k tarihinde 20. y\u00fczy\u0131la damgas\u0131n\u0131 vuran b\u00fcy\u00fck ustalardan mimar ve \u015fehirci Le Corbusier, \u00e7ok ilgin\u00e7 bir yazard\u0131 da ayn\u0131 zamanda. Uzun ya\u015fam\u0131 boyunca, mimarl\u0131k, \u015fehircilik, sanat ve ya\u015fam \u00fcst\u00fcne \u00f6nc\u00fc d\u00fc\u015f\u00fcncelerini, olu\u015fturdu\u011fu kuramlar\u0131, dergilerle konferanslarla ve yay\u0131mlad\u0131\u011f\u0131 onlarca kitapla, d\u00fcnyan\u0131n d\u00f6rt bir yan\u0131na yayd\u0131. Elinizdeki kitap, bu \u00e7ok \u00f6nemli yarat\u0131c\u0131 ve d\u00fc\u015f\u00fcn\u00fcr\u00fcn heyecan verici d\u00fcnyas\u0131n\u0131n kap\u0131lar\u0131n\u0131, T\u00fcrk okurlar\u0131na a\u00e7\u0131yor. \ufffcTan\u0131t\u0131m Metni<\/p>\n","protected":false},"excerpt":{"rendered":"<p>Mimarl\u0131k tarihinde 20. y\u00fczy\u0131la damgas\u0131n\u0131 vuran b\u00fcy\u00fck ustalardan mimar ve \u015fehirci Le Corbusier, \u00e7ok ilgin\u00e7 bir yazard\u0131 da ayn\u0131 zamanda. Uzun ya\u015fam\u0131 boyunca, mimarl\u0131k, \u015fehircilik, sanat<span class=\"excerpt-hellip\"> [\u2026]<\/span><\/p>\n","protected":false},"featured_media":0,"template":"","meta":{"_monsterinsights_skip_tracking":false,"_monsterinsights_sitenote_active":false,"_monsterinsights_sitenote_note":"","_monsterinsights_sitenote_category":0},"product_brand":[],"product_cat":[13512,12408],"product_tag":[],"class_list":{"0":"post-713054","1":"product","2":"type-product","3":"status-publish","5":"product_cat-mimarlik","6":"product_cat-sanat","7":"pa_cilt-ciltsiz","8":"pa_tur-kitap","9":"pa_yayinevi-yapi-kredi-yayinlari","10":"pa_yazar-le-corbusier","12":"first","13":"instock","14":"sale","15":"shipping-taxable","16":"purchasable","17":"product-type-simple"},"_links":{"self":[{"href":"https:\/\/roveyayinevi.com.tr\/index.php\/wp-json\/wp\/v2\/product\/713054","targetHints":{"allow":["GET"]}}],"collection":[{"href":"https:\/\/roveyayinevi.com.tr\/index.php\/wp-json\/wp\/v2\/product"}],"about":[{"href":"https:\/\/roveyayinevi.com.tr\/index.php\/wp-json\/wp\/v2\/types\/product"}],"wp:attachment":[{"href":"https:\/\/roveyayinevi.com.tr\/index.php\/wp-json\/wp\/v2\/media?parent=713054"}],"wp:term":[{"taxonomy":"product_brand","embeddable":true,"href":"https:\/\/roveyayinevi.com.tr\/index.php\/wp-json\/wp\/v2\/product_brand?post=713054"},{"taxonomy":"product_cat","embeddable":true,"href":"https:\/\/roveyayinevi.com.tr\/index.php\/wp-json\/wp\/v2\/product_cat?post=713054"},{"taxonomy":"product_tag","embeddable":true,"href":"https:\/\/roveyayinevi.com.tr\/index.php\/wp-json\/wp\/v2\/product_tag?post=713054"}],"curies":[{"name":"wp","href":"https:\/\/api.w.org\/{rel}","templated":true}]}}