{"id":713052,"date":"2025-08-27T17:03:38","date_gmt":"2025-08-27T14:03:38","guid":{"rendered":"https:\/\/roveyayinevi.com.tr\/index.php\/urun\/dost-atesi-altinda-yasamak\/"},"modified":"2026-04-16T02:21:41","modified_gmt":"2026-04-15T23:21:41","slug":"dost-atesi-altinda-yasamak","status":"publish","type":"product","link":"https:\/\/roveyayinevi.com.tr\/index.php\/urun\/dost-atesi-altinda-yasamak\/","title":{"rendered":"Dost Ate\u015fi Alt\u0131nda Ya\u015famak"},"content":{"rendered":"<p>Son be\u015f y\u0131l\u0131m\u0131z belki de y\u00fcz y\u0131la bedel. O kadar k\u0131sa bir s\u00fcrede o kadar \u00e7ok \u015fey ya\u015fad\u0131k ki&#8230; \u201cBunu da atlatabilir miyiz\u201d diye sordu\u011fumuz her soru sonras\u0131 o soruyu sorduran \u201cbadire\u201dden daha b\u00fcy\u00fc\u011f\u00fcyle s\u0131nand\u0131k. D\u00fc\u015fman\u0131n do\u011fas\u0131 d\u00fc\u015fmanl\u0131k yapmakt\u0131r bildik. Bir de \u201cDost ate\u015fi\u201d alt\u0131nda kald\u0131k. Dost sand\u0131klar\u0131m\u0131z\u0131n ihanetine \u015fahitlik ettik. \u201cDost ate\u015fi alt\u0131nda ya\u015fad\u0131\u011f\u0131m\u0131z g\u00fcnler\u201di ancak ayaklar\u0131m\u0131z bu topraklara s\u0131ms\u0131k\u0131 basarsa, tarihsel kodlar\u0131m\u0131za yeniden d\u00f6nersek a\u015fabilece\u011fimizi bildik.  Hepsini kaydettik. Hepsini not ettik. G\u00fcn\u00fc gelince durdu\u011fumuz yerin neresi oldu\u011funu en y\u00fcksek sesten dillendirdik. G\u00fcn\u00fc geldi\u011finde meydan okuduk. \u00d6l\u00fcm\u00fc g\u00f6ze ald\u0131k. Milli ve yerli olanlar\u0131n yan\u0131nda yerimizi ald\u0131k! Saf\u0131m\u0131z\u0131 tercih ederken bir an olsun teredd\u00fct ya\u015famad\u0131k. \u0130\u015f bu kitab\u0131n \u00f6zeti budur\u2026 Ya\u015fad\u0131\u011f\u0131m\u0131z g\u00fcnlere tan\u0131kl\u0131\u011f\u0131m\u0131zd\u0131r. Derdimizin kay\u0131t alt\u0131na al\u0131nmas\u0131d\u0131r. Derdimizi s\u00f6ylemektir. \u0130stiklal Madalyas\u0131 sahibi dedem Hasan onba\u015f\u0131n\u0131n bize \u00f6\u011fretti\u011fi dua \u015fudur. \u201cAllah (cc) devlete, millete zeval vermesin!\u201d <\/p>\n","protected":false},"excerpt":{"rendered":"<p>Son be\u015f y\u0131l\u0131m\u0131z belki de y\u00fcz y\u0131la bedel. O kadar k\u0131sa bir s\u00fcrede o kadar \u00e7ok \u015fey ya\u015fad\u0131k ki&#8230; \u201cBunu da atlatabilir miyiz\u201d diye sordu\u011fumuz her<span class=\"excerpt-hellip\"> [\u2026]<\/span><\/p>\n","protected":false},"featured_media":0,"template":"","meta":{"_monsterinsights_skip_tracking":false,"_monsterinsights_sitenote_active":false,"_monsterinsights_sitenote_note":"","_monsterinsights_sitenote_category":0},"product_brand":[],"product_cat":[31194,12337],"product_tag":[],"class_list":{"0":"post-713052","1":"product","2":"type-product","3":"status-publish","5":"product_cat-guncel-siyaset","6":"product_cat-politika-siyaset","7":"pa_cilt-ciltsiz","8":"pa_tur-kitap","9":"pa_yayinevi-hayat-yayinlari","10":"pa_yazar-hasan-ozturk","12":"first","13":"instock","14":"sale","15":"shipping-taxable","16":"purchasable","17":"product-type-simple"},"_links":{"self":[{"href":"https:\/\/roveyayinevi.com.tr\/index.php\/wp-json\/wp\/v2\/product\/713052","targetHints":{"allow":["GET"]}}],"collection":[{"href":"https:\/\/roveyayinevi.com.tr\/index.php\/wp-json\/wp\/v2\/product"}],"about":[{"href":"https:\/\/roveyayinevi.com.tr\/index.php\/wp-json\/wp\/v2\/types\/product"}],"wp:attachment":[{"href":"https:\/\/roveyayinevi.com.tr\/index.php\/wp-json\/wp\/v2\/media?parent=713052"}],"wp:term":[{"taxonomy":"product_brand","embeddable":true,"href":"https:\/\/roveyayinevi.com.tr\/index.php\/wp-json\/wp\/v2\/product_brand?post=713052"},{"taxonomy":"product_cat","embeddable":true,"href":"https:\/\/roveyayinevi.com.tr\/index.php\/wp-json\/wp\/v2\/product_cat?post=713052"},{"taxonomy":"product_tag","embeddable":true,"href":"https:\/\/roveyayinevi.com.tr\/index.php\/wp-json\/wp\/v2\/product_tag?post=713052"}],"curies":[{"name":"wp","href":"https:\/\/api.w.org\/{rel}","templated":true}]}}