{"id":713051,"date":"2025-08-27T17:03:37","date_gmt":"2025-08-27T14:03:37","guid":{"rendered":"https:\/\/roveyayinevi.com.tr\/index.php\/urun\/cirak\/"},"modified":"2026-04-16T02:21:41","modified_gmt":"2026-04-15T23:21:41","slug":"cirak","status":"publish","type":"product","link":"https:\/\/roveyayinevi.com.tr\/index.php\/urun\/cirak\/","title":{"rendered":"\u00c7\u0131rak"},"content":{"rendered":"<p>Rizzoli&amp;Isles\u2019in serisinin ikinci maceras\u0131 Boston\u2019da bo\u011fucu bir yaz ya\u015fanmaktad\u0131r. Kocalar\u0131n\u0131n g\u00f6zleri \u00f6n\u00fcnde sald\u0131r\u0131ya u\u011frayan kad\u0131nlar ka\u00e7\u0131r\u0131l\u0131p \u00f6ld\u00fcr\u00fcl\u00fcr. Cesetleri g\u00fcnler sonra bulunur.   Katilin y\u00f6ntemi, dedektif JaneRizzoli\u2019nin bir y\u0131l \u00f6nce hapse att\u0131rd\u0131\u011f\u0131 seri katil WarrenHoyt\u2019unkine \u00e7ok benzemektedir.  Rizzoli\u2019nin bu cinayetlerde Hoyt\u2019tan izler g\u00f6rmesini ya\u015fad\u0131\u011f\u0131 travmaya ba\u011flayanlar m\u0131 hakl\u0131d\u0131r, yoksa WarrenHoyt \u2013Cerrah\u2013 kendisine bir \u00e7\u0131rak m\u0131 bulmu\u015ftur?  Cerrah\u2019\u0131n yazar\u0131 TessGerritsen\u2019den yine soluk solu\u011fa, m\u00fcthi\u015f bir roman&#8230; <\/p>\n","protected":false},"excerpt":{"rendered":"<p>Rizzoli&amp;Isles\u2019in serisinin ikinci maceras\u0131 Boston\u2019da bo\u011fucu bir yaz ya\u015fanmaktad\u0131r. Kocalar\u0131n\u0131n g\u00f6zleri \u00f6n\u00fcnde sald\u0131r\u0131ya u\u011frayan kad\u0131nlar ka\u00e7\u0131r\u0131l\u0131p \u00f6ld\u00fcr\u00fcl\u00fcr. Cesetleri g\u00fcnler sonra bulunur. Katilin y\u00f6ntemi, dedektif JaneRizzoli\u2019nin bir<span class=\"excerpt-hellip\"> [\u2026]<\/span><\/p>\n","protected":false},"featured_media":0,"template":"","meta":{"_monsterinsights_skip_tracking":false,"_monsterinsights_sitenote_active":false,"_monsterinsights_sitenote_note":"","_monsterinsights_sitenote_category":0},"product_brand":[],"product_cat":[12291,15445],"product_tag":[],"class_list":{"0":"post-713051","1":"product","2":"type-product","3":"status-publish","5":"product_cat-edebiyat","6":"product_cat-polisiye","7":"pa_cilt-ciltsiz","8":"pa_tur-kitap","9":"pa_yayinevi-dogan-kitap","10":"pa_yazar-tess-gerritsen","12":"first","13":"instock","14":"sale","15":"shipping-taxable","16":"purchasable","17":"product-type-simple"},"_links":{"self":[{"href":"https:\/\/roveyayinevi.com.tr\/index.php\/wp-json\/wp\/v2\/product\/713051","targetHints":{"allow":["GET"]}}],"collection":[{"href":"https:\/\/roveyayinevi.com.tr\/index.php\/wp-json\/wp\/v2\/product"}],"about":[{"href":"https:\/\/roveyayinevi.com.tr\/index.php\/wp-json\/wp\/v2\/types\/product"}],"wp:attachment":[{"href":"https:\/\/roveyayinevi.com.tr\/index.php\/wp-json\/wp\/v2\/media?parent=713051"}],"wp:term":[{"taxonomy":"product_brand","embeddable":true,"href":"https:\/\/roveyayinevi.com.tr\/index.php\/wp-json\/wp\/v2\/product_brand?post=713051"},{"taxonomy":"product_cat","embeddable":true,"href":"https:\/\/roveyayinevi.com.tr\/index.php\/wp-json\/wp\/v2\/product_cat?post=713051"},{"taxonomy":"product_tag","embeddable":true,"href":"https:\/\/roveyayinevi.com.tr\/index.php\/wp-json\/wp\/v2\/product_tag?post=713051"}],"curies":[{"name":"wp","href":"https:\/\/api.w.org\/{rel}","templated":true}]}}