{"id":713050,"date":"2025-08-27T17:03:37","date_gmt":"2025-08-27T14:03:37","guid":{"rendered":"https:\/\/roveyayinevi.com.tr\/index.php\/urun\/kapat-cocuklari-sanal-dunyadan-koruma-kilavuzu\/"},"modified":"2026-04-16T02:21:41","modified_gmt":"2026-04-15T23:21:41","slug":"kapat-cocuklari-sanal-dunyadan-koruma-kilavuzu","status":"publish","type":"product","link":"https:\/\/roveyayinevi.com.tr\/index.php\/urun\/kapat-cocuklari-sanal-dunyadan-koruma-kilavuzu\/","title":{"rendered":"Kapat! \u00c7ocuklar\u0131 Sanal D\u00fcnyada(n) Koruma K\u0131lavuzu"},"content":{"rendered":"<p>T\u00fcrkiye&#8217;de ilk! \u00c7ocu\u011funu d\u00fc\u015f\u00fcnen aileler i\u00e7in rehber kitap! Gereksizse kapat! Ailenle zaman ge\u00e7iriyorken kapat! Ders \u00e7al\u0131\u015f\u0131yorken kapat! Yatarken kapat! Yemekte  kapat! \u0130yi g\u00fczel de &#8220;KAPAT&#8221; demekle olmuyor. Yasaklamakla olmuyor. Hepinizin sesini duyar gibiyiz: &#8220;Ne yapsak olmuyor!&#8221; Ak\u0131ll\u0131 telefon, internet, sosyal medya ve sanal oyunlar getirdi\u011fi kolayl\u0131klar\u0131n yan\u0131nda bir\u00e7ok risk ve tehlikeyi de  bar\u0131nd\u0131r\u0131yor. Ba\u011f\u0131ml\u0131l\u0131k ba\u015fta olmak \u00fczere \u00e7ocu\u011funuz ve dahi sizde ciddi psikolojik rahats\u0131zl\u0131klara neden olabiliyor. Sizleri ekrana hapsedebiliyor! Oysa biz diyoruz ki hayat ekran\u0131n de\u011fil, ekran hayat\u0131n i\u00e7inde, k\u00fc\u00e7\u00fcc\u00fck bir par\u00e7a, ona hapsolma. Ve bunun \u00e7\u00f6z\u00fcm\u00fcn\u00fc de sunuyoruz. Ad\u0131m, ad\u0131m, madde madde, anla\u015f\u0131l\u0131r bi\u00e7imde&#8230; \u00c7ocu\u011funuzu koruman\u0131z i\u00e7in. Sanal d\u00fcnyada(n) koru(n)man\u0131z i\u00e7in. Elinizdeki kitap bir ilk! Yabanc\u0131s\u0131 oldu\u011fumuz bu yeni d\u00fcnyan\u0131n dilini \u00e7\u00f6zen d\u00f6rt d\u00f6rtl\u00fck bir k\u0131lavuz! Sanal d\u00fcnya ger\u00e7e\u011fini anlayarak, onu hayat\u0131m\u0131zdan tamamen \u00e7\u0131karman\u0131n m\u00fcmk\u00fcn olmad\u0131\u011f\u0131 bilinciyle yaz\u0131ld\u0131. Bu &#8216;sahte varolu\u015f, hakiki yaln\u0131zl\u0131k&#8217; sorununa \u00e7\u00f6z\u00fcm sunmak i\u00e7in&#8230; Anne babalara yard\u0131mc\u0131 olmak amac\u0131yla&#8230;  Herkes okumal\u0131! Hatta okullarda ders olarak okutulmal\u0131, t\u00fcm gen\u00e7lere, ebeveynlere hediye edilmeli. Ak\u0131ll\u0131 telefon satan firmalar biraz sosyal sorumluluk bilincine sahipse her telefonla birlikte bu kitab\u0131 da \u00fccretsiz olarak vermeli! <\/p>\n","protected":false},"excerpt":{"rendered":"<p>T\u00fcrkiye&#8217;de ilk! \u00c7ocu\u011funu d\u00fc\u015f\u00fcnen aileler i\u00e7in rehber kitap! Gereksizse kapat! Ailenle zaman ge\u00e7iriyorken kapat! Ders \u00e7al\u0131\u015f\u0131yorken kapat! Yatarken kapat! Yemekte kapat! \u0130yi g\u00fczel de &#8220;KAPAT&#8221; demekle<span class=\"excerpt-hellip\"> [\u2026]<\/span><\/p>\n","protected":false},"featured_media":0,"template":"","meta":{"_monsterinsights_skip_tracking":false,"_monsterinsights_sitenote_active":false,"_monsterinsights_sitenote_note":"","_monsterinsights_sitenote_category":0},"product_brand":[],"product_cat":[12831,12324],"product_tag":[],"class_list":{"0":"post-713050","1":"product","2":"type-product","3":"status-publish","5":"product_cat-aile-ve-cocuk","6":"product_cat-sosyoloji","7":"pa_cilt-ciltsiz","8":"pa_tur-kitap","9":"pa_yayinevi-hayykitap","10":"pa_yazar-mehmet-sakiroglu-cansel-poyraz-akyol","12":"first","13":"instock","14":"sale","15":"shipping-taxable","16":"purchasable","17":"product-type-simple"},"_links":{"self":[{"href":"https:\/\/roveyayinevi.com.tr\/index.php\/wp-json\/wp\/v2\/product\/713050","targetHints":{"allow":["GET"]}}],"collection":[{"href":"https:\/\/roveyayinevi.com.tr\/index.php\/wp-json\/wp\/v2\/product"}],"about":[{"href":"https:\/\/roveyayinevi.com.tr\/index.php\/wp-json\/wp\/v2\/types\/product"}],"wp:attachment":[{"href":"https:\/\/roveyayinevi.com.tr\/index.php\/wp-json\/wp\/v2\/media?parent=713050"}],"wp:term":[{"taxonomy":"product_brand","embeddable":true,"href":"https:\/\/roveyayinevi.com.tr\/index.php\/wp-json\/wp\/v2\/product_brand?post=713050"},{"taxonomy":"product_cat","embeddable":true,"href":"https:\/\/roveyayinevi.com.tr\/index.php\/wp-json\/wp\/v2\/product_cat?post=713050"},{"taxonomy":"product_tag","embeddable":true,"href":"https:\/\/roveyayinevi.com.tr\/index.php\/wp-json\/wp\/v2\/product_tag?post=713050"}],"curies":[{"name":"wp","href":"https:\/\/api.w.org\/{rel}","templated":true}]}}