{"id":713048,"date":"2025-08-27T17:03:36","date_gmt":"2025-08-27T14:03:36","guid":{"rendered":"https:\/\/roveyayinevi.com.tr\/index.php\/urun\/turkiyenin-yurt-disi-yatirimlari-neden-nereye-nasil\/"},"modified":"2026-04-16T02:21:41","modified_gmt":"2026-04-15T23:21:41","slug":"turkiyenin-yurt-disi-yatirimlari-neden-nereye-nasil","status":"publish","type":"product","link":"https:\/\/roveyayinevi.com.tr\/index.php\/urun\/turkiyenin-yurt-disi-yatirimlari-neden-nereye-nasil\/","title":{"rendered":"T\u00fcrkiye&#8217;nin Yurt D\u0131\u015f\u0131 Yat\u0131r\u0131mlar\u0131: Neden? Nereye? Nas\u0131l?"},"content":{"rendered":"<p>T\u00fcrkiye\u2019den \u00e7\u0131kan do\u011frudan sermaye yat\u0131r\u0131mlar\u0131ndaki son on be\u015f y\u0131ll\u0131k artan trend, bu kitab\u0131n yaz\u0131lmas\u0131n\u0131n ana motivasyonunu olu\u015fturmaktad\u0131r. Bu nedenle, bu kitab\u0131n temel ama\u00e7lar\u0131ndan birisi T\u00fcrk firmalar\u0131n\u0131n di\u011fer \u00fclkelerde yat\u0131r\u0131m yapma nedenlerini ortaya \u00e7\u0131karmakt\u0131r. \u0130kinci amac\u0131 ise yat\u0131r\u0131m i\u00e7in gidilen \u00fclkenin neden tercih edildi\u011fi sorusunu cevaplamakt\u0131r. Ba\u015fka bir ifade ile, T\u00fcrk firmalar\u0131n\u0131n farkl\u0131 \u00fclkelerde yat\u0131r\u0131m yapma kararlar\u0131n\u0131 belirleyen fakt\u00f6rleri ortaya \u00e7\u0131karmakt\u0131r. T\u00fcrkiye\u2019den yurt d\u0131\u015f\u0131na \u00e7\u0131kan do\u011frudan sermaye yat\u0131r\u0131mlar\u0131 ile ilgili literat\u00fcre bak\u0131ld\u0131\u011f\u0131nda konu ile ilgili yap\u0131lm\u0131\u015f k\u0131s\u0131tl\u0131 say\u0131da \u00e7al\u0131\u015fman\u0131n var oldu\u011fu g\u00f6ze \u00e7arpmaktad\u0131r. Bu kitap \u00f6zellikle T\u00fcrkiye\u2019den yurt d\u0131\u015f\u0131na \u00e7\u0131kan yat\u0131r\u0131mlar\u0131n \u00fclke se\u00e7imini belirleyen fakt\u00f6rleri firma d\u00fczeyinde veriler ile ortaya \u00e7\u0131karmay\u0131 hedefleyen ilk \u00e7al\u0131\u015fmalardan biridir. Bu kitab\u0131n T\u00fcrkiye\u2019den \u00e7\u0131kan yat\u0131r\u0131mlara ili\u015fkin elde edilen sonu\u00e7lar\u0131n, T\u00fcrkiye Cumhuriyet Merkez Bankas\u0131, T.C. Ekonomi Bakanl\u0131\u011f\u0131, T.C. Hazine M\u00fcste\u015farl\u0131\u011f\u0131 ba\u015fta olmak \u00fczere gerek kamu kurum ve kurulu\u015flar\u0131na gerekse \u00f6zel sekt\u00f6re ve son olarak konu ile ilgili ara\u015ft\u0131rmac\u0131lara faydal\u0131 olmas\u0131 temel dile\u011fimizdir. <\/p>\n","protected":false},"excerpt":{"rendered":"<p>T\u00fcrkiye\u2019den \u00e7\u0131kan do\u011frudan sermaye yat\u0131r\u0131mlar\u0131ndaki son on be\u015f y\u0131ll\u0131k artan trend, bu kitab\u0131n yaz\u0131lmas\u0131n\u0131n ana motivasyonunu olu\u015fturmaktad\u0131r. Bu nedenle, bu kitab\u0131n temel ama\u00e7lar\u0131ndan birisi T\u00fcrk firmalar\u0131n\u0131n<span class=\"excerpt-hellip\"> [\u2026]<\/span><\/p>\n","protected":false},"featured_media":0,"template":"","meta":{"_monsterinsights_skip_tracking":false,"_monsterinsights_sitenote_active":false,"_monsterinsights_sitenote_note":"","_monsterinsights_sitenote_category":0},"product_brand":[],"product_cat":[12312,12304],"product_tag":[],"class_list":{"0":"post-713048","1":"product","2":"type-product","3":"status-publish","5":"product_cat-diger","6":"product_cat-tarih","7":"pa_cilt-ciltsiz","8":"pa_tur-kitap","9":"pa_yayinevi-efil-yayinevi","10":"pa_yazar-kollektif","12":"first","13":"instock","14":"sale","15":"shipping-taxable","16":"purchasable","17":"product-type-simple"},"_links":{"self":[{"href":"https:\/\/roveyayinevi.com.tr\/index.php\/wp-json\/wp\/v2\/product\/713048","targetHints":{"allow":["GET"]}}],"collection":[{"href":"https:\/\/roveyayinevi.com.tr\/index.php\/wp-json\/wp\/v2\/product"}],"about":[{"href":"https:\/\/roveyayinevi.com.tr\/index.php\/wp-json\/wp\/v2\/types\/product"}],"wp:attachment":[{"href":"https:\/\/roveyayinevi.com.tr\/index.php\/wp-json\/wp\/v2\/media?parent=713048"}],"wp:term":[{"taxonomy":"product_brand","embeddable":true,"href":"https:\/\/roveyayinevi.com.tr\/index.php\/wp-json\/wp\/v2\/product_brand?post=713048"},{"taxonomy":"product_cat","embeddable":true,"href":"https:\/\/roveyayinevi.com.tr\/index.php\/wp-json\/wp\/v2\/product_cat?post=713048"},{"taxonomy":"product_tag","embeddable":true,"href":"https:\/\/roveyayinevi.com.tr\/index.php\/wp-json\/wp\/v2\/product_tag?post=713048"}],"curies":[{"name":"wp","href":"https:\/\/api.w.org\/{rel}","templated":true}]}}