{"id":713046,"date":"2025-08-27T17:03:35","date_gmt":"2025-08-27T14:03:35","guid":{"rendered":"https:\/\/roveyayinevi.com.tr\/index.php\/urun\/ekonomide-yarismalarin-motivasyona-etkisi\/"},"modified":"2026-04-16T02:21:41","modified_gmt":"2026-04-15T23:21:41","slug":"ekonomide-yarismalarin-motivasyona-etkisi","status":"publish","type":"product","link":"https:\/\/roveyayinevi.com.tr\/index.php\/urun\/ekonomide-yarismalarin-motivasyona-etkisi\/","title":{"rendered":"Ekonomide Yar\u0131\u015fmalar\u0131n Motivasyona Etkisi"},"content":{"rendered":"<p>G\u00fcnl\u00fck hayattaki bir\u00e7ok etkile\u015fim, yar\u0131\u015fma olarak adland\u0131r\u0131labilir. Do\u011fadaki canl\u0131lar\u0131n e\u015f bulup \u00e7iftle\u015fmek i\u00e7in birbirleriyle m\u00fccadele etmeleri, okullar\u0131n \u00f6\u011frenci kabul\u00fc, se\u00e7im \u00e7al\u0131\u015fmalar\u0131 yapan politikac\u0131lar, spor m\u00fcsabakalar\u0131, sava\u015flar, politik lobi faaliyetleri, \u015firketler aras\u0131 ara\u015ft\u0131rma ve geli\u015ftirme yar\u0131\u015flar\u0131, \u015firket i\u00e7i y\u00fckselme i\u00e7in personel m\u00fccadeleleri gibi \u00f6rneklerin her biri yar\u0131\u015fma s\u0131n\u0131f\u0131na girer. Bu kitap, bu t\u00fcr yar\u0131\u015fmalar\u0131n ekonomi teorisinde nas\u0131l modellendiklerini, bu modellerin deneylerle nas\u0131l test edildi\u011fini ve testler sonucunda \u00e7\u0131kan ilgin\u00e7 sonu\u00e7lar\u0131 tart\u0131\u015fmakta, konuyla ilgili literat\u00fcr\u00fcn kapsaml\u0131 bir anlat\u0131m\u0131n\u0131 sunmaktad\u0131r. <\/p>\n","protected":false},"excerpt":{"rendered":"<p>G\u00fcnl\u00fck hayattaki bir\u00e7ok etkile\u015fim, yar\u0131\u015fma olarak adland\u0131r\u0131labilir. Do\u011fadaki canl\u0131lar\u0131n e\u015f bulup \u00e7iftle\u015fmek i\u00e7in birbirleriyle m\u00fccadele etmeleri, okullar\u0131n \u00f6\u011frenci kabul\u00fc, se\u00e7im \u00e7al\u0131\u015fmalar\u0131 yapan politikac\u0131lar, spor m\u00fcsabakalar\u0131, sava\u015flar,<span class=\"excerpt-hellip\"> [\u2026]<\/span><\/p>\n","protected":false},"featured_media":0,"template":"","meta":{"_monsterinsights_skip_tracking":false,"_monsterinsights_sitenote_active":false,"_monsterinsights_sitenote_note":"","_monsterinsights_sitenote_category":0},"product_brand":[],"product_cat":[12312,12304],"product_tag":[],"class_list":{"0":"post-713046","1":"product","2":"type-product","3":"status-publish","5":"product_cat-diger","6":"product_cat-tarih","7":"pa_cilt-ciltsiz","8":"pa_tur-kitap","9":"pa_yayinevi-efil-yayinevi","10":"pa_yazar-muruvvet-buyukboyaci-nur-ayvaz-cavdaroglu","12":"first","13":"instock","14":"sale","15":"shipping-taxable","16":"purchasable","17":"product-type-simple"},"_links":{"self":[{"href":"https:\/\/roveyayinevi.com.tr\/index.php\/wp-json\/wp\/v2\/product\/713046","targetHints":{"allow":["GET"]}}],"collection":[{"href":"https:\/\/roveyayinevi.com.tr\/index.php\/wp-json\/wp\/v2\/product"}],"about":[{"href":"https:\/\/roveyayinevi.com.tr\/index.php\/wp-json\/wp\/v2\/types\/product"}],"wp:attachment":[{"href":"https:\/\/roveyayinevi.com.tr\/index.php\/wp-json\/wp\/v2\/media?parent=713046"}],"wp:term":[{"taxonomy":"product_brand","embeddable":true,"href":"https:\/\/roveyayinevi.com.tr\/index.php\/wp-json\/wp\/v2\/product_brand?post=713046"},{"taxonomy":"product_cat","embeddable":true,"href":"https:\/\/roveyayinevi.com.tr\/index.php\/wp-json\/wp\/v2\/product_cat?post=713046"},{"taxonomy":"product_tag","embeddable":true,"href":"https:\/\/roveyayinevi.com.tr\/index.php\/wp-json\/wp\/v2\/product_tag?post=713046"}],"curies":[{"name":"wp","href":"https:\/\/api.w.org\/{rel}","templated":true}]}}