{"id":713045,"date":"2025-08-27T17:03:34","date_gmt":"2025-08-27T14:03:34","guid":{"rendered":"https:\/\/roveyayinevi.com.tr\/index.php\/urun\/yapay-cehennemler-katilimci-sanat-ve-izleyici-politikasi\/"},"modified":"2026-04-16T02:21:41","modified_gmt":"2026-04-15T23:21:41","slug":"yapay-cehennemler-katilimci-sanat-ve-izleyici-politikasi","status":"publish","type":"product","link":"https:\/\/roveyayinevi.com.tr\/index.php\/urun\/yapay-cehennemler-katilimci-sanat-ve-izleyici-politikasi\/","title":{"rendered":"Yapay Cehennemler &#8211; Kat\u0131l\u0131mc\u0131 Sanat ve \u0130zleyici Politikas\u0131"},"content":{"rendered":"<p>Claire Bishop, Yapay Cehennemler\u2019de kat\u0131l\u0131mc\u0131 sanat\u0131n soya\u011fac\u0131n\u0131 \u00e7\u0131kar\u0131yor. \u0130talyan F\u00fct\u00fcrizmi\u2019nden Rus Konstr\u00fcktivizmi\u2019ne, Dada\u2019dan Sit\u00fcasyonizm\u2019e uzanan bir tarihsel g\u00fczerg\u00e2h boyunca \u00e7a\u011fda\u015f sanatta kat\u0131l\u0131mc\u0131l\u0131\u011f\u0131n izini s\u00fcren ve ele\u015ftirisini sunan Bishop, esteti\u011fin etikle y\u00fczle\u015fmesinde 1990\u2019l\u0131 y\u0131llar\u0131 \u201csosyal bir d\u00f6neme\u00e7\u201d olarak tan\u0131ml\u0131yor ve sanat\u00e7\u0131n\u0131n \u00f6zerkli\u011finin, i\u015fbirli\u011fine dayal\u0131 sanat\u0131n ele\u015ftirel damar\u0131n\u0131n ayr\u0131lmaz bir par\u00e7as\u0131 oldu\u011funu \u00f6ne s\u00fcr\u00fcyor.Sit\u00fcasyonist Enternasyonal\u2019dan Do\u011fu Avrupa, Arjantin ve Paris\u2019teki Happening\u2019lere, 1970\u2019lerin Topluluk Sanatlar\u0131 hareketinden Thomas Hirschhorn, Tania Bruguera ve Paul Chan gibi sanat\u00e7\u0131lar\u0131n uzun vadeli e\u011fitim projelerine kadar kat\u0131l\u0131mc\u0131 esteti\u011fin kritik u\u011frak noktalar\u0131n\u0131n derinlemesine ele al\u0131nd\u0131\u011f\u0131 Yapay Cehennemler, ilk yay\u0131mland\u0131\u011f\u0131nda sanat \u00e7evrelerinde pek \u00e7ok tart\u0131\u015fmaya yol a\u00e7m\u0131\u015ft\u0131.\u201c\u00c7a\u011fda\u015f sanat\u00e7\u0131lar\u0131n iyi niyetleri \u00e7o\u011funlukla cehenneme giden yolun ta\u015flar\u0131n\u0131 d\u00f6\u015f\u00fcyor. Claire Bishop onlar\u0131n pe\u015finden gidiyor ve okurlar\u0131n\u0131 yolculu\u011fu boyunca g\u00f6rd\u00fc\u011f\u00fc \u015feylerden duydu\u011fu heyecan\u0131 payla\u015fmaya davet ediyor. Yapay Cehennemler geni\u015f bir tarihsel bilgiyi tekil sanatsal pratiklerin keskin analizleriyle birle\u015ftiriyor. O kadar iyi yap\u0131yor ki bunu, kitab\u0131 bitirdi\u011fimizde cehennemi sevmeye ba\u015flad\u0131\u011f\u0131m\u0131z\u0131 fark ediyoruz tabii yapay kald\u0131\u011f\u0131 s\u00fcrece.\u201d\u2013 Boris Groys \/Claire Bishop, New York\u2019taki CUNY Graduate Center Sanat Tarihi Doktora Program\u0131\u2019nda do\u00e7ent. <\/p>\n","protected":false},"excerpt":{"rendered":"<p>Claire Bishop, Yapay Cehennemler\u2019de kat\u0131l\u0131mc\u0131 sanat\u0131n soya\u011fac\u0131n\u0131 \u00e7\u0131kar\u0131yor. \u0130talyan F\u00fct\u00fcrizmi\u2019nden Rus Konstr\u00fcktivizmi\u2019ne, Dada\u2019dan Sit\u00fcasyonizm\u2019e uzanan bir tarihsel g\u00fczerg\u00e2h boyunca \u00e7a\u011fda\u015f sanatta kat\u0131l\u0131mc\u0131l\u0131\u011f\u0131n izini s\u00fcren ve ele\u015ftirisini<span class=\"excerpt-hellip\"> [\u2026]<\/span><\/p>\n","protected":false},"featured_media":0,"template":"","meta":{"_monsterinsights_skip_tracking":false,"_monsterinsights_sitenote_active":false,"_monsterinsights_sitenote_note":"","_monsterinsights_sitenote_category":0},"product_brand":[],"product_cat":[12312,12304],"product_tag":[],"class_list":{"0":"post-713045","1":"product","2":"type-product","3":"status-publish","5":"product_cat-diger","6":"product_cat-tarih","7":"pa_cilt-ciltsiz","8":"pa_tur-kitap","9":"pa_yayinevi-koc-universitesi-yayinlari","10":"pa_yazar-claire-bishop","12":"first","13":"instock","14":"sale","15":"shipping-taxable","16":"purchasable","17":"product-type-simple"},"_links":{"self":[{"href":"https:\/\/roveyayinevi.com.tr\/index.php\/wp-json\/wp\/v2\/product\/713045","targetHints":{"allow":["GET"]}}],"collection":[{"href":"https:\/\/roveyayinevi.com.tr\/index.php\/wp-json\/wp\/v2\/product"}],"about":[{"href":"https:\/\/roveyayinevi.com.tr\/index.php\/wp-json\/wp\/v2\/types\/product"}],"wp:attachment":[{"href":"https:\/\/roveyayinevi.com.tr\/index.php\/wp-json\/wp\/v2\/media?parent=713045"}],"wp:term":[{"taxonomy":"product_brand","embeddable":true,"href":"https:\/\/roveyayinevi.com.tr\/index.php\/wp-json\/wp\/v2\/product_brand?post=713045"},{"taxonomy":"product_cat","embeddable":true,"href":"https:\/\/roveyayinevi.com.tr\/index.php\/wp-json\/wp\/v2\/product_cat?post=713045"},{"taxonomy":"product_tag","embeddable":true,"href":"https:\/\/roveyayinevi.com.tr\/index.php\/wp-json\/wp\/v2\/product_tag?post=713045"}],"curies":[{"name":"wp","href":"https:\/\/api.w.org\/{rel}","templated":true}]}}