{"id":713044,"date":"2025-08-27T17:03:33","date_gmt":"2025-08-27T14:03:33","guid":{"rendered":"https:\/\/roveyayinevi.com.tr\/index.php\/urun\/pengu-bu-koku-da-ne\/"},"modified":"2026-04-16T02:21:40","modified_gmt":"2026-04-15T23:21:40","slug":"pengu-bu-koku-da-ne","status":"publish","type":"product","link":"https:\/\/roveyayinevi.com.tr\/index.php\/urun\/pengu-bu-koku-da-ne\/","title":{"rendered":"Pengu Bu Koku Da Ne?"},"content":{"rendered":"<p>Y\u0131kanmaktan ho\u015flanmayan miniklere suyu sevdirecek bir \u00f6yk\u00fc! Yazar Selen Somer ve \u00e7izer Nurten Deliorman\u2019\u0131n hayat verdikleri \u201cPengu\u201d serisinin be\u015finci kitab\u0131.Pengu\u2019nun temizlik al\u0131\u015fkanl\u0131\u011f\u0131n\u0131 konu edinen yepyeni ser\u00fcveni Bu Koku Da Ne?, ki\u015fisel hijyen ve bak\u0131m\u0131n sosyal ili\u015fkiler \u00fczerindeki etkilerine de\u011finen sevimli bir \u00f6yk\u00fc.Pengu, okul \u00f6ncesi \u00e7a\u011f\u0131ndaki \u00e7ocuklar\u0131, hayvanlarla insanlar\u0131n uyum i\u00e7erisinde ya\u015fad\u0131klar\u0131 ger\u00e7ek\u00fcst\u00fc bir d\u00fcnyayla tan\u0131\u015ft\u0131rarak hem e\u011flendiriyor hem de bilgilendiriyor.G\u00f6zlerine su geldi\u011fi i\u00e7in y\u0131kanmay\u0131 pek sevmeyen minik Pengu, her ak\u015fam banyoya girmemek i\u00e7in annesine t\u00fcrl\u00fc bahaneler uydurur. Birka\u00e7 g\u00fcn y\u0131kanmadan okula gidince, g\u00fczel ba\u015flayan bir g\u00fcn\u00fcn sonuna do\u011fru tats\u0131z bir s\u00fcrprizle kar\u015f\u0131la\u015f\u0131r. Kitap okuma saatinde, etraf\u0131nda k\u00f6t\u00fc bir koku oldu\u011funu s\u00f6yleyerek arkada\u015flar\u0131 Pengu\u2019nun yan\u0131na oturmak istemez. Pengu acaba kendisinden geldi\u011fi d\u00fc\u015f\u00fcn\u00fclen kokunun kayna\u011f\u0131n\u0131 bulabilecek midir? Pengu Bu Koku Da Ne?, temizlik ve sa\u011fl\u0131kl\u0131 beslenme gibi \u00f6nemli konulara de\u011finirken, ki\u015fisel al\u0131\u015fkanl\u0131klar\u0131m\u0131z\u0131n hayat\u0131m\u0131z\u0131 nas\u0131l etkileyebilece\u011fini g\u00f6zler \u00f6n\u00fcne seriyor. Selen Somer\u2019in hik\u00e2yenin sat\u0131r aralar\u0131na serpi\u015ftirdi\u011fi sorular, minik okurlar\u0131n\u0131 d\u00fc\u015f\u00fcnmeye ve \u00f6z ele\u015ftiride bulunmaya davet ediyor. <\/p>\n","protected":false},"excerpt":{"rendered":"<p>Y\u0131kanmaktan ho\u015flanmayan miniklere suyu sevdirecek bir \u00f6yk\u00fc! Yazar Selen Somer ve \u00e7izer Nurten Deliorman\u2019\u0131n hayat verdikleri \u201cPengu\u201d serisinin be\u015finci kitab\u0131.Pengu\u2019nun temizlik al\u0131\u015fkanl\u0131\u011f\u0131n\u0131 konu edinen yepyeni ser\u00fcveni<span class=\"excerpt-hellip\"> [\u2026]<\/span><\/p>\n","protected":false},"featured_media":0,"template":"","meta":{"_monsterinsights_skip_tracking":false,"_monsterinsights_sitenote_active":false,"_monsterinsights_sitenote_note":"","_monsterinsights_sitenote_category":0},"product_brand":[],"product_cat":[12913,12274],"product_tag":[],"class_list":{"0":"post-713044","1":"product","2":"type-product","3":"status-publish","5":"product_cat-3-6-yas-kitaplari","6":"product_cat-cocuk-ve-genclik-kitaplari","7":"pa_cilt-ciltsiz","8":"pa_tur-kitap","9":"pa_yayinevi-ucanbalik-yayincilik","10":"pa_yazar-selen-somer","12":"first","13":"instock","14":"sale","15":"shipping-taxable","16":"purchasable","17":"product-type-simple"},"_links":{"self":[{"href":"https:\/\/roveyayinevi.com.tr\/index.php\/wp-json\/wp\/v2\/product\/713044","targetHints":{"allow":["GET"]}}],"collection":[{"href":"https:\/\/roveyayinevi.com.tr\/index.php\/wp-json\/wp\/v2\/product"}],"about":[{"href":"https:\/\/roveyayinevi.com.tr\/index.php\/wp-json\/wp\/v2\/types\/product"}],"wp:attachment":[{"href":"https:\/\/roveyayinevi.com.tr\/index.php\/wp-json\/wp\/v2\/media?parent=713044"}],"wp:term":[{"taxonomy":"product_brand","embeddable":true,"href":"https:\/\/roveyayinevi.com.tr\/index.php\/wp-json\/wp\/v2\/product_brand?post=713044"},{"taxonomy":"product_cat","embeddable":true,"href":"https:\/\/roveyayinevi.com.tr\/index.php\/wp-json\/wp\/v2\/product_cat?post=713044"},{"taxonomy":"product_tag","embeddable":true,"href":"https:\/\/roveyayinevi.com.tr\/index.php\/wp-json\/wp\/v2\/product_tag?post=713044"}],"curies":[{"name":"wp","href":"https:\/\/api.w.org\/{rel}","templated":true}]}}