{"id":713043,"date":"2025-08-27T17:03:33","date_gmt":"2025-08-27T14:03:33","guid":{"rendered":"https:\/\/roveyayinevi.com.tr\/index.php\/urun\/buyuk-dogunun-atlilari-anilar-olaylar-belgelerle-mttbnin-yuz-yili\/"},"modified":"2026-04-16T02:21:40","modified_gmt":"2026-04-15T23:21:40","slug":"buyuk-dogunun-atlilari-anilar-olaylar-belgelerle-mttbnin-yuz-yili","status":"publish","type":"product","link":"https:\/\/roveyayinevi.com.tr\/index.php\/urun\/buyuk-dogunun-atlilari-anilar-olaylar-belgelerle-mttbnin-yuz-yili\/","title":{"rendered":"B\u00fcy\u00fck Do\u011fu&#8217;nun Atl\u0131lar\u0131 &#8211; An\u0131lar, Olaylar, Belgelerle MTTB&#8217;nin Y\u00fcz Y\u0131l\u0131"},"content":{"rendered":"<p>B\u00fcy\u00fck Do\u011fu&#8217;nun Atl\u0131lar\u0131; y\u00fcz y\u0131ll\u0131k bir y\u00fcr\u00fcy\u00fc\u015f\u00fcn hikayesini tan\u0131klar\u0131n dilinden, belgelerin izinden anlat\u0131yor. T\u00fcrk siyasi tarihiyle at ba\u015f\u0131 geli\u015fen Milli T\u00fcrk Talebe Birli\u011fi&#8217;nin y\u0131llar i\u00e7inde geli\u015fen, siyasi ideolojiler ile yeni bir rotaya y\u00f6nelen hareketi her zaman merkezine vatan\u0131, T\u00fcrkiye&#8217;yi alm\u0131\u015ft\u0131r. Kim ne derse desin ondan gayr\u0131 bir hayali de olmam\u0131\u015ft\u0131r. Bug\u00fcn bize hayal gelen bir\u00e7ok alanda etkin olma ve insan yeti\u015ftirme inad\u0131 Milli T\u00fcrk Talebe Birli\u011fi&#8217;nin rutin faaliyetleridir. \ufffcTan\u0131t\u0131m Metni<\/p>\n","protected":false},"excerpt":{"rendered":"<p>B\u00fcy\u00fck Do\u011fu&#8217;nun Atl\u0131lar\u0131; y\u00fcz y\u0131ll\u0131k bir y\u00fcr\u00fcy\u00fc\u015f\u00fcn hikayesini tan\u0131klar\u0131n dilinden, belgelerin izinden anlat\u0131yor. T\u00fcrk siyasi tarihiyle at ba\u015f\u0131 geli\u015fen Milli T\u00fcrk Talebe Birli\u011fi&#8217;nin y\u0131llar i\u00e7inde geli\u015fen,<span class=\"excerpt-hellip\"> [\u2026]<\/span><\/p>\n","protected":false},"featured_media":0,"template":"","meta":{"_monsterinsights_skip_tracking":false,"_monsterinsights_sitenote_active":false,"_monsterinsights_sitenote_note":"","_monsterinsights_sitenote_category":0},"product_brand":[],"product_cat":[12304,13493],"product_tag":[],"class_list":{"0":"post-713043","1":"product","2":"type-product","3":"status-publish","5":"product_cat-tarih","6":"product_cat-turkiye-ve-cumhuriyet-tarihi","7":"pa_cilt-ciltsiz","8":"pa_tur-kitap","9":"pa_yayinevi-hoton-yayinlari","10":"pa_yazar-fehmi-calmuk","12":"first","13":"instock","14":"sale","15":"shipping-taxable","16":"purchasable","17":"product-type-simple"},"_links":{"self":[{"href":"https:\/\/roveyayinevi.com.tr\/index.php\/wp-json\/wp\/v2\/product\/713043","targetHints":{"allow":["GET"]}}],"collection":[{"href":"https:\/\/roveyayinevi.com.tr\/index.php\/wp-json\/wp\/v2\/product"}],"about":[{"href":"https:\/\/roveyayinevi.com.tr\/index.php\/wp-json\/wp\/v2\/types\/product"}],"wp:attachment":[{"href":"https:\/\/roveyayinevi.com.tr\/index.php\/wp-json\/wp\/v2\/media?parent=713043"}],"wp:term":[{"taxonomy":"product_brand","embeddable":true,"href":"https:\/\/roveyayinevi.com.tr\/index.php\/wp-json\/wp\/v2\/product_brand?post=713043"},{"taxonomy":"product_cat","embeddable":true,"href":"https:\/\/roveyayinevi.com.tr\/index.php\/wp-json\/wp\/v2\/product_cat?post=713043"},{"taxonomy":"product_tag","embeddable":true,"href":"https:\/\/roveyayinevi.com.tr\/index.php\/wp-json\/wp\/v2\/product_tag?post=713043"}],"curies":[{"name":"wp","href":"https:\/\/api.w.org\/{rel}","templated":true}]}}