{"id":713042,"date":"2025-08-27T17:03:32","date_gmt":"2025-08-27T14:03:32","guid":{"rendered":"https:\/\/roveyayinevi.com.tr\/index.php\/urun\/orgutlerde-etkili-insan-iliskileri\/"},"modified":"2026-04-16T02:21:40","modified_gmt":"2026-04-15T23:21:40","slug":"orgutlerde-etkili-insan-iliskileri","status":"publish","type":"product","link":"https:\/\/roveyayinevi.com.tr\/index.php\/urun\/orgutlerde-etkili-insan-iliskileri\/","title":{"rendered":"\u00d6rg\u00fctlerde Etkili \u0130nsan \u0130li\u015fkileri"},"content":{"rendered":"<p>\u00d6zellikle i\u015f ve toplumsal ya\u015fam\u0131m\u0131zda, farkl\u0131 de\u011ferlere, tutumlara, ki\u015filiklere ve beklentilere sahip olan pek \u00e7ok ki\u015fiyle ileti\u015fim kurmaktay\u0131z. Bir bireyin i\u00e7inde bulundu\u011fu her t\u00fcrl\u00fc ortamda, etkili ve mutlu olmas\u0131n\u0131n de\u011fi\u015fkenlerinden birisi insan ili\u015fkileri becerileridir. 1998 y\u0131l\u0131ndan beri halen \u00e7al\u0131\u015fmakta oldu\u011fum Pamukkale \u00dcniversitesi E\u011fitim Fak\u00fcltesi\u2019nde \u201c\u00d6rg\u00fctlerde Etkili \u0130nsan \u0130li\u015fkileri\u201d dersini okutmaktay\u0131m. \u00d6zellikle dersi a\u00e7mam\u0131n ilk g\u00fcnlerinde, konuya ili\u015fkin \u00f6nemli bir kaynak eksikli\u011fi hissedilmekteydi. Bu alanda yararland\u0131\u011f\u0131m ve ufkumu geni\u015fleten kaynaklar\u0131n ba\u015f\u0131nda sevgili dostum ve a\u011fabeyim Prof. Dr. Do\u011fan C\u00fccelo\u011flu\u2019nun \u201cYeniden \u0130nsan \u0130nsana\u201d isimli kitab\u0131 gelmekteydi. Daha sonra, Barry Reece ve Rhonda Brandt\u2019\u0131n \u201cEffective Human Relations\u201d ba\u015fl\u0131kl\u0131 kitab\u0131yla tan\u0131\u015ft\u0131m. Bu iki kitapla ba\u015flad\u0131\u011f\u0131m insan ili\u015fkileri dersi ser\u00fcveni h\u00e2l\u00e2 devam etmektedir. Bu kitaplarda ele al\u0131nan ve \u00f6nemle \u00fczerinde durulan konular\u0131, \u00f6rnek olaylar ve f\u0131kralarla \u00f6rg\u00fctlerde \u00e7al\u0131\u015fan i\u015fg\u00f6renlere ve \u00f6\u011frencilere faydal\u0131 olabilecek bi\u00e7imde yazmay\u0131 denemek arzusu elinizdeki kitab\u0131n ortaya \u00e7\u0131kmas\u0131na yol a\u00e7m\u0131\u015ft\u0131r. <\/p>\n","protected":false},"excerpt":{"rendered":"<p>\u00d6zellikle i\u015f ve toplumsal ya\u015fam\u0131m\u0131zda, farkl\u0131 de\u011ferlere, tutumlara, ki\u015filiklere ve beklentilere sahip olan pek \u00e7ok ki\u015fiyle ileti\u015fim kurmaktay\u0131z. Bir bireyin i\u00e7inde bulundu\u011fu her t\u00fcrl\u00fc ortamda, etkili<span class=\"excerpt-hellip\"> [\u2026]<\/span><\/p>\n","protected":false},"featured_media":0,"template":"","meta":{"_monsterinsights_skip_tracking":false,"_monsterinsights_sitenote_active":false,"_monsterinsights_sitenote_note":"","_monsterinsights_sitenote_category":0},"product_brand":[],"product_cat":[12573,12566],"product_tag":[],"class_list":{"0":"post-713042","1":"product","2":"type-product","3":"status-publish","5":"product_cat-akademik-kitaplar","6":"product_cat-egitim","7":"pa_cilt-ciltsiz","8":"pa_tur-kitap","9":"pa_yayinevi-ani-yayincilik","10":"pa_yazar-abdurrahman-tanriogen","12":"first","13":"instock","14":"sale","15":"shipping-taxable","16":"purchasable","17":"product-type-simple"},"_links":{"self":[{"href":"https:\/\/roveyayinevi.com.tr\/index.php\/wp-json\/wp\/v2\/product\/713042","targetHints":{"allow":["GET"]}}],"collection":[{"href":"https:\/\/roveyayinevi.com.tr\/index.php\/wp-json\/wp\/v2\/product"}],"about":[{"href":"https:\/\/roveyayinevi.com.tr\/index.php\/wp-json\/wp\/v2\/types\/product"}],"wp:attachment":[{"href":"https:\/\/roveyayinevi.com.tr\/index.php\/wp-json\/wp\/v2\/media?parent=713042"}],"wp:term":[{"taxonomy":"product_brand","embeddable":true,"href":"https:\/\/roveyayinevi.com.tr\/index.php\/wp-json\/wp\/v2\/product_brand?post=713042"},{"taxonomy":"product_cat","embeddable":true,"href":"https:\/\/roveyayinevi.com.tr\/index.php\/wp-json\/wp\/v2\/product_cat?post=713042"},{"taxonomy":"product_tag","embeddable":true,"href":"https:\/\/roveyayinevi.com.tr\/index.php\/wp-json\/wp\/v2\/product_tag?post=713042"}],"curies":[{"name":"wp","href":"https:\/\/api.w.org\/{rel}","templated":true}]}}