{"id":713040,"date":"2025-08-27T17:03:31","date_gmt":"2025-08-27T14:03:31","guid":{"rendered":"https:\/\/roveyayinevi.com.tr\/index.php\/urun\/gazi-osman-pasa-anadolu-yigitleri-4\/"},"modified":"2026-04-16T02:21:40","modified_gmt":"2026-04-15T23:21:40","slug":"gazi-osman-pasa-anadolu-yigitleri-4","status":"publish","type":"product","link":"https:\/\/roveyayinevi.com.tr\/index.php\/urun\/gazi-osman-pasa-anadolu-yigitleri-4\/","title":{"rendered":"Gazi Osman Pa\u015fa &#8211; Anadolu Yi\u011fitleri 4"},"content":{"rendered":"<p>\u201cRus \u00c7ar\u0131, Yaverine i\u015faret ederek; \u2018Osman Pa\u015fa\u2019n\u0131n k\u0131l\u0131c\u0131n\u0131 getirin.\u2019 dedi. Sonra Gazi Pa\u015fa\u2019ya d\u00f6nd\u00fc. \u2018Bravo General! Sizin gibi kahraman bir komutan\u0131n k\u0131l\u0131c\u0131 al\u0131nmaz. Misafirimiz oldu\u011funuz s\u00fcrece Rusya\u2019da da \u00fcniforman\u0131zla gezip k\u0131l\u0131c\u0131n\u0131z\u0131 yine onurla ta\u015f\u0131yabilirsiniz. \u015eundan emin olunuz ki Rusya\u2019da kahraman bir mare\u015fal gibi kar\u015f\u0131lanacaks\u0131n\u0131z.\u2019 dedi.\u201d Sevgili \u00e7ocuklar;   D\u00fc\u015fman komutanlar\u0131 taraf\u0131ndan bile sayg\u0131yla kar\u015f\u0131lanan bir komutan\u0131n, Gazi Osman Pa\u015fa\u2019n\u0131n, Plevne Sava\u015f\u0131\u2019ndaki destans\u0131 m\u00fccadelesi bu kitapta sizleri bekliyor. Tarihimizin en b\u00fcy\u00fck kahramanlar\u0131ndan Gazi Osman Pa\u015fa ile tan\u0131\u015fmaya haz\u0131r m\u0131s\u0131n\u0131z? <\/p>\n","protected":false},"excerpt":{"rendered":"<p>\u201cRus \u00c7ar\u0131, Yaverine i\u015faret ederek; \u2018Osman Pa\u015fa\u2019n\u0131n k\u0131l\u0131c\u0131n\u0131 getirin.\u2019 dedi. Sonra Gazi Pa\u015fa\u2019ya d\u00f6nd\u00fc. \u2018Bravo General! Sizin gibi kahraman bir komutan\u0131n k\u0131l\u0131c\u0131 al\u0131nmaz. Misafirimiz oldu\u011funuz s\u00fcrece<span class=\"excerpt-hellip\"> [\u2026]<\/span><\/p>\n","protected":false},"featured_media":0,"template":"","meta":{"_monsterinsights_skip_tracking":false,"_monsterinsights_sitenote_active":false,"_monsterinsights_sitenote_note":"","_monsterinsights_sitenote_category":0},"product_brand":[],"product_cat":[12274,12284],"product_tag":[],"class_list":{"0":"post-713040","1":"product","2":"type-product","3":"status-publish","5":"product_cat-cocuk-ve-genclik-kitaplari","6":"product_cat-hikayeler","7":"pa_cilt-ciltsiz","8":"pa_tur-kitap","9":"pa_yayinevi-cilek-kitaplar","10":"pa_yazar-ibrahim-ucar","12":"first","13":"instock","14":"sale","15":"shipping-taxable","16":"purchasable","17":"product-type-simple"},"_links":{"self":[{"href":"https:\/\/roveyayinevi.com.tr\/index.php\/wp-json\/wp\/v2\/product\/713040","targetHints":{"allow":["GET"]}}],"collection":[{"href":"https:\/\/roveyayinevi.com.tr\/index.php\/wp-json\/wp\/v2\/product"}],"about":[{"href":"https:\/\/roveyayinevi.com.tr\/index.php\/wp-json\/wp\/v2\/types\/product"}],"wp:attachment":[{"href":"https:\/\/roveyayinevi.com.tr\/index.php\/wp-json\/wp\/v2\/media?parent=713040"}],"wp:term":[{"taxonomy":"product_brand","embeddable":true,"href":"https:\/\/roveyayinevi.com.tr\/index.php\/wp-json\/wp\/v2\/product_brand?post=713040"},{"taxonomy":"product_cat","embeddable":true,"href":"https:\/\/roveyayinevi.com.tr\/index.php\/wp-json\/wp\/v2\/product_cat?post=713040"},{"taxonomy":"product_tag","embeddable":true,"href":"https:\/\/roveyayinevi.com.tr\/index.php\/wp-json\/wp\/v2\/product_tag?post=713040"}],"curies":[{"name":"wp","href":"https:\/\/api.w.org\/{rel}","templated":true}]}}