{"id":713037,"date":"2025-08-27T17:03:29","date_gmt":"2025-08-27T14:03:29","guid":{"rendered":"https:\/\/roveyayinevi.com.tr\/index.php\/urun\/turk-dilinde-gelisme-ve-sadelesme-evreleri\/"},"modified":"2026-04-16T02:21:40","modified_gmt":"2026-04-15T23:21:40","slug":"turk-dilinde-gelisme-ve-sadelesme-evreleri","status":"publish","type":"product","link":"https:\/\/roveyayinevi.com.tr\/index.php\/urun\/turk-dilinde-gelisme-ve-sadelesme-evreleri\/","title":{"rendered":"T\u00fcrk Dilinde Geli\u015fme Ve Sadele\u015fme Evreleri"},"content":{"rendered":"<p>T\u00fcrk dlinin ba\u015flang\u0131\u00e7tan bu yana ge\u00e7irdi\u011fi evreleri \u00f6rnekleriyle sergileyen temel kaynaklardan biridir. T\u00fcrk dii \u00fczerinde \u00e7al\u0131\u015fan ve do\u011fru bilgi aktarmak isteyenler i\u00e7in oldu\u011funca do\u011fru bilgi arayanlar i\u00e7in de yol g\u00f6stericidir. \ufffcTan\u0131t\u0131m Metni<\/p>\n","protected":false},"excerpt":{"rendered":"<p>T\u00fcrk dlinin ba\u015flang\u0131\u00e7tan bu yana ge\u00e7irdi\u011fi evreleri \u00f6rnekleriyle sergileyen temel kaynaklardan biridir. T\u00fcrk dii \u00fczerinde \u00e7al\u0131\u015fan ve do\u011fru bilgi aktarmak isteyenler i\u00e7in oldu\u011funca do\u011fru bilgi arayanlar<span class=\"excerpt-hellip\"> [\u2026]<\/span><\/p>\n","protected":false},"featured_media":0,"template":"","meta":{"_monsterinsights_skip_tracking":false,"_monsterinsights_sitenote_active":false,"_monsterinsights_sitenote_note":"","_monsterinsights_sitenote_category":0},"product_brand":[],"product_cat":[20225,12291],"product_tag":[],"class_list":{"0":"post-713037","1":"product","2":"type-product","3":"status-publish","5":"product_cat-dil-bilim","6":"product_cat-edebiyat","7":"pa_cilt-ciltsiz","8":"pa_tur-kitap","9":"pa_yayinevi-dil-dernegi","10":"pa_yazar-agah-sirri-levend","12":"first","13":"instock","14":"sale","15":"shipping-taxable","16":"purchasable","17":"product-type-simple"},"_links":{"self":[{"href":"https:\/\/roveyayinevi.com.tr\/index.php\/wp-json\/wp\/v2\/product\/713037","targetHints":{"allow":["GET"]}}],"collection":[{"href":"https:\/\/roveyayinevi.com.tr\/index.php\/wp-json\/wp\/v2\/product"}],"about":[{"href":"https:\/\/roveyayinevi.com.tr\/index.php\/wp-json\/wp\/v2\/types\/product"}],"wp:attachment":[{"href":"https:\/\/roveyayinevi.com.tr\/index.php\/wp-json\/wp\/v2\/media?parent=713037"}],"wp:term":[{"taxonomy":"product_brand","embeddable":true,"href":"https:\/\/roveyayinevi.com.tr\/index.php\/wp-json\/wp\/v2\/product_brand?post=713037"},{"taxonomy":"product_cat","embeddable":true,"href":"https:\/\/roveyayinevi.com.tr\/index.php\/wp-json\/wp\/v2\/product_cat?post=713037"},{"taxonomy":"product_tag","embeddable":true,"href":"https:\/\/roveyayinevi.com.tr\/index.php\/wp-json\/wp\/v2\/product_tag?post=713037"}],"curies":[{"name":"wp","href":"https:\/\/api.w.org\/{rel}","templated":true}]}}