{"id":713035,"date":"2025-08-27T17:02:56","date_gmt":"2025-08-27T14:02:56","guid":{"rendered":"https:\/\/roveyayinevi.com.tr\/index.php\/urun\/turkcenin-ve-dil-devriminin-oykusu\/"},"modified":"2026-04-16T02:21:40","modified_gmt":"2026-04-15T23:21:40","slug":"turkcenin-ve-dil-devriminin-oykusu","status":"publish","type":"product","link":"https:\/\/roveyayinevi.com.tr\/index.php\/urun\/turkcenin-ve-dil-devriminin-oykusu\/","title":{"rendered":"T\u00fcrk\u00e7enin Ve Dil Devriminin \u00d6yk\u00fcs\u00fc"},"content":{"rendered":"<p>Elinizdeki yap\u0131t,T\u00fcrk\u00e7enin Orta Asya&#8217;dan Anadolu&#8217;ya uzanan ak\u0131\u015f\u0131n\u0131, cumhuriyetimiz kurulmadan \u00f6nceki durumunu Atat\u00fcrk&#8217;\u00fcn kurdu\u011fu T\u00fcrk Dil Kurumu&#8217;nun 1932-1983 aras\u0131ndaki \u00f6yk\u00fcs\u00fcn\u00fc, 1983&#8217;ten sonra olup bitenlerle Dil Derne\u011fi&#8217;nin do\u011fu\u015funu i\u00e7eriyor. \ufffcTan\u0131t\u0131m Metni<\/p>\n","protected":false},"excerpt":{"rendered":"<p>Elinizdeki yap\u0131t,T\u00fcrk\u00e7enin Orta Asya&#8217;dan Anadolu&#8217;ya uzanan ak\u0131\u015f\u0131n\u0131, cumhuriyetimiz kurulmadan \u00f6nceki durumunu Atat\u00fcrk&#8217;\u00fcn kurdu\u011fu T\u00fcrk Dil Kurumu&#8217;nun 1932-1983 aras\u0131ndaki \u00f6yk\u00fcs\u00fcn\u00fc, 1983&#8217;ten sonra olup bitenlerle Dil Derne\u011fi&#8217;nin do\u011fu\u015funu<span class=\"excerpt-hellip\"> [\u2026]<\/span><\/p>\n","protected":false},"featured_media":0,"template":"","meta":{"_monsterinsights_skip_tracking":false,"_monsterinsights_sitenote_active":false,"_monsterinsights_sitenote_note":"","_monsterinsights_sitenote_category":0},"product_brand":[],"product_cat":[20225,12291],"product_tag":[],"class_list":{"0":"post-713035","1":"product","2":"type-product","3":"status-publish","5":"product_cat-dil-bilim","6":"product_cat-edebiyat","7":"pa_cilt-ciltsiz","8":"pa_tur-kitap","9":"pa_yayinevi-dil-dernegi","10":"pa_yazar-serafettin-turan-sevgi-ozel","12":"first","13":"instock","14":"sale","15":"shipping-taxable","16":"purchasable","17":"product-type-simple"},"_links":{"self":[{"href":"https:\/\/roveyayinevi.com.tr\/index.php\/wp-json\/wp\/v2\/product\/713035","targetHints":{"allow":["GET"]}}],"collection":[{"href":"https:\/\/roveyayinevi.com.tr\/index.php\/wp-json\/wp\/v2\/product"}],"about":[{"href":"https:\/\/roveyayinevi.com.tr\/index.php\/wp-json\/wp\/v2\/types\/product"}],"wp:attachment":[{"href":"https:\/\/roveyayinevi.com.tr\/index.php\/wp-json\/wp\/v2\/media?parent=713035"}],"wp:term":[{"taxonomy":"product_brand","embeddable":true,"href":"https:\/\/roveyayinevi.com.tr\/index.php\/wp-json\/wp\/v2\/product_brand?post=713035"},{"taxonomy":"product_cat","embeddable":true,"href":"https:\/\/roveyayinevi.com.tr\/index.php\/wp-json\/wp\/v2\/product_cat?post=713035"},{"taxonomy":"product_tag","embeddable":true,"href":"https:\/\/roveyayinevi.com.tr\/index.php\/wp-json\/wp\/v2\/product_tag?post=713035"}],"curies":[{"name":"wp","href":"https:\/\/api.w.org\/{rel}","templated":true}]}}