{"id":713032,"date":"2025-08-27T17:02:54","date_gmt":"2025-08-27T14:02:54","guid":{"rendered":"https:\/\/roveyayinevi.com.tr\/index.php\/urun\/astrolojide-karmik-ay-dugumleri-ask-dugumler\/"},"modified":"2025-11-22T04:36:30","modified_gmt":"2025-11-22T01:36:30","slug":"astrolojide-karmik-ay-dugumleri-ask-dugumler","status":"publish","type":"product","link":"https:\/\/roveyayinevi.com.tr\/index.php\/urun\/astrolojide-karmik-ay-dugumleri-ask-dugumler\/","title":{"rendered":"Astrolojide Karmik Ay D\u00fc\u011f\u00fcmleri A\u015fk D\u00fc\u011f\u00fcmler"},"content":{"rendered":"<p>A\u015fk, ili\u015fkiler, aile, para, kariyer\u2026 Kader yolunun anahtar\u0131 Ay D\u00fc\u011f\u00fcmlerinde\u2026 Bu kitap ruhunun yolunu bulmak isteyenler i\u00e7in yaz\u0131ld\u0131\u2026  Do\u011fum dedi\u011fimiz ruhun beden ile bulu\u015fmas\u0131d\u0131r. Ki\u015finin sistemde do\u011fru yolda olmas\u0131 ve b\u00fcy\u00fck plandaki yerini fark etmesi ise b\u00fcy\u00fck uyan\u0131\u015f\u2026  Bu uyan\u0131\u015f\u0131n ismi A\u015eK\u2019t\u0131r\u2026  \u00c7\u00fcnk\u00fc en b\u00fcy\u00fck A\u015eK ki\u015finin ya\u015fam ne\u015fesi ve ya\u015fam motivasyonu ve kendine duydu\u011fu A\u015eK\u2019t\u0131r. Kendi hik\u00e2yesini anlamland\u0131rma \u00e7abas\u0131d\u0131r\u2026 Tek\u00e2m\u00fcl\u00fcn yolu a\u015fktan ge\u00e7er.  A\u015fk seni kendin i\u00e7in yeni bir \u015fey yapt\u0131\u011f\u0131n yerde bulur\u2026  Kader yolumuzun d\u00fc\u011f\u00fcmlerini \u00e7\u00f6zmeden hayatta ilerleyemeyiz\u2026  \u0130\u015fte bu kitap size kader yolunuzu anlatacak.  Sadece do\u011fum y\u0131l\u0131n\u0131za bakarak Ay D\u00fc\u011f\u00fcm\u00fc rotan\u0131z\u0131 bulacak ve a\u015fktan ili\u015fkilere, kariyere, sa\u011fl\u0131\u011fa bu hayatta kader yolunuzda sizi bekleyen deneyimleri \u00f6\u011freneceksiniz.  Darbeyi bilen astrolog olarak medyada geni\u015f yer alan astrolog Sema K\u0131l\u0131\u00e7 ve astrolog Berna Atay\u2019dan kader yolumuzun simgesel anahtarlar\u0131 Ay D\u00fc\u011f\u00fcmleri\u2026 Bu hayatta \u00f6\u011frenmemiz gerekenler, ge\u00e7mi\u015ften getirdi\u011fimiz yetenekler, gelecekte kar\u015f\u0131m\u0131za \u00e7\u0131kacak deneyimler ve a\u015fk yolunda bizi bekleyenler\u2026 <\/p>\n","protected":false},"excerpt":{"rendered":"<p>A\u015fk, ili\u015fkiler, aile, para, kariyer\u2026 Kader yolunun anahtar\u0131 Ay D\u00fc\u011f\u00fcmlerinde\u2026 Bu kitap ruhunun yolunu bulmak isteyenler i\u00e7in yaz\u0131ld\u0131\u2026 Do\u011fum dedi\u011fimiz ruhun beden ile bulu\u015fmas\u0131d\u0131r. Ki\u015finin sistemde<span class=\"excerpt-hellip\"> [\u2026]<\/span><\/p>\n","protected":false},"featured_media":0,"template":"","meta":{"_monsterinsights_skip_tracking":false,"_monsterinsights_sitenote_active":false,"_monsterinsights_sitenote_note":"","_monsterinsights_sitenote_category":0},"product_brand":[],"product_cat":[19840,12364],"product_tag":[],"class_list":{"0":"post-713032","1":"product","2":"type-product","3":"status-publish","5":"product_cat-astroloji","6":"product_cat-genel-konular","7":"pa_cilt-ciltsiz","8":"pa_tur-kitap","9":"pa_yayinevi-dogan-novus","10":"pa_yazar-sema-kilic-berna-atay","12":"first","13":"instock","14":"sale","15":"shipping-taxable","16":"purchasable","17":"product-type-simple"},"_links":{"self":[{"href":"https:\/\/roveyayinevi.com.tr\/index.php\/wp-json\/wp\/v2\/product\/713032","targetHints":{"allow":["GET"]}}],"collection":[{"href":"https:\/\/roveyayinevi.com.tr\/index.php\/wp-json\/wp\/v2\/product"}],"about":[{"href":"https:\/\/roveyayinevi.com.tr\/index.php\/wp-json\/wp\/v2\/types\/product"}],"wp:attachment":[{"href":"https:\/\/roveyayinevi.com.tr\/index.php\/wp-json\/wp\/v2\/media?parent=713032"}],"wp:term":[{"taxonomy":"product_brand","embeddable":true,"href":"https:\/\/roveyayinevi.com.tr\/index.php\/wp-json\/wp\/v2\/product_brand?post=713032"},{"taxonomy":"product_cat","embeddable":true,"href":"https:\/\/roveyayinevi.com.tr\/index.php\/wp-json\/wp\/v2\/product_cat?post=713032"},{"taxonomy":"product_tag","embeddable":true,"href":"https:\/\/roveyayinevi.com.tr\/index.php\/wp-json\/wp\/v2\/product_tag?post=713032"}],"curies":[{"name":"wp","href":"https:\/\/api.w.org\/{rel}","templated":true}]}}