{"id":713030,"date":"2025-08-27T17:02:53","date_gmt":"2025-08-27T14:02:53","guid":{"rendered":"https:\/\/roveyayinevi.com.tr\/index.php\/urun\/emre-kongar-seckisiyle-nutuk-ataturk\/"},"modified":"2026-04-16T02:21:40","modified_gmt":"2026-04-15T23:21:40","slug":"emre-kongar-seckisiyle-nutuk-ataturk","status":"publish","type":"product","link":"https:\/\/roveyayinevi.com.tr\/index.php\/urun\/emre-kongar-seckisiyle-nutuk-ataturk\/","title":{"rendered":"Emre Kongar Se\u00e7kisiyle Nutuk (Atat\u00fcrk)"},"content":{"rendered":"<p>Bu kitab\u0131 T\u00fcrkiye Cumhuriyeti\u2019nin ba\u011fr\u0131ndaki tam ba\u011f\u0131ms\u0131zl\u0131k co\u015fkusunu t\u00fcm \u00e7\u0131plakl\u0131\u011f\u0131yla yans\u0131t\u0131yor. Prof. Emre Kongar, Atat\u00fcrk\u2019\u00fcn b\u00fcy\u00fck eseri Nutuk\u2019un en belirgin ve \u00e7arp\u0131c\u0131 temalar\u0131n\u0131, bir bilim adam\u0131 g\u00f6z\u00fcyle se\u00e7ip elinizdeki bu derlemeyi haz\u0131rlad\u0131. \u0130stiklal Sava\u015f\u0131\u2019yla Cumhuriyet\u2019in ruhunu ve heyecan\u0131n\u0131 Atat\u00fcrk\u2019\u00fcn kendi s\u00f6zleriyle yeni ku\u015faklara aktarmay\u0131 ama\u00e7layan bu \u00e7al\u0131\u015fma, d\u00f6nemin t\u00fcm olumsuz ko\u015fullar\u0131na ra\u011fmen ba\u011f\u0131ms\u0131zl\u0131k mucizesinin ve devrimlerin nas\u0131l ger\u00e7ekle\u015ftirildi\u011fini g\u00f6zler \u00f6n\u00fcne seriyor. <\/p>\n","protected":false},"excerpt":{"rendered":"<p>Bu kitab\u0131 T\u00fcrkiye Cumhuriyeti\u2019nin ba\u011fr\u0131ndaki tam ba\u011f\u0131ms\u0131zl\u0131k co\u015fkusunu t\u00fcm \u00e7\u0131plakl\u0131\u011f\u0131yla yans\u0131t\u0131yor. Prof. Emre Kongar, Atat\u00fcrk\u2019\u00fcn b\u00fcy\u00fck eseri Nutuk\u2019un en belirgin ve \u00e7arp\u0131c\u0131 temalar\u0131n\u0131, bir bilim adam\u0131<span class=\"excerpt-hellip\"> [\u2026]<\/span><\/p>\n","protected":false},"featured_media":0,"template":"","meta":{"_monsterinsights_skip_tracking":false,"_monsterinsights_sitenote_active":false,"_monsterinsights_sitenote_note":"","_monsterinsights_sitenote_category":0},"product_brand":[],"product_cat":[12337,14543],"product_tag":[],"class_list":{"0":"post-713030","1":"product","2":"type-product","3":"status-publish","5":"product_cat-politika-siyaset","6":"product_cat-turkiye-siyaseti-ve-politikasi","7":"pa_cilt-ciltsiz","8":"pa_tur-kitap","9":"pa_yayinevi-remzi-kitabevi","10":"pa_yazar-emre-kongar","12":"first","13":"instock","14":"sale","15":"shipping-taxable","16":"purchasable","17":"product-type-simple"},"_links":{"self":[{"href":"https:\/\/roveyayinevi.com.tr\/index.php\/wp-json\/wp\/v2\/product\/713030","targetHints":{"allow":["GET"]}}],"collection":[{"href":"https:\/\/roveyayinevi.com.tr\/index.php\/wp-json\/wp\/v2\/product"}],"about":[{"href":"https:\/\/roveyayinevi.com.tr\/index.php\/wp-json\/wp\/v2\/types\/product"}],"wp:attachment":[{"href":"https:\/\/roveyayinevi.com.tr\/index.php\/wp-json\/wp\/v2\/media?parent=713030"}],"wp:term":[{"taxonomy":"product_brand","embeddable":true,"href":"https:\/\/roveyayinevi.com.tr\/index.php\/wp-json\/wp\/v2\/product_brand?post=713030"},{"taxonomy":"product_cat","embeddable":true,"href":"https:\/\/roveyayinevi.com.tr\/index.php\/wp-json\/wp\/v2\/product_cat?post=713030"},{"taxonomy":"product_tag","embeddable":true,"href":"https:\/\/roveyayinevi.com.tr\/index.php\/wp-json\/wp\/v2\/product_tag?post=713030"}],"curies":[{"name":"wp","href":"https:\/\/api.w.org\/{rel}","templated":true}]}}