{"id":713028,"date":"2025-08-27T17:02:52","date_gmt":"2025-08-27T14:02:52","guid":{"rendered":"https:\/\/roveyayinevi.com.tr\/index.php\/urun\/mitolojiden-tarihe-secme-hikayeler\/"},"modified":"2026-04-16T02:21:40","modified_gmt":"2026-04-15T23:21:40","slug":"mitolojiden-tarihe-secme-hikayeler","status":"publish","type":"product","link":"https:\/\/roveyayinevi.com.tr\/index.php\/urun\/mitolojiden-tarihe-secme-hikayeler\/","title":{"rendered":"Mitolojiden Tarihe Se\u00e7me Hikayeler"},"content":{"rendered":"<p>\u00d6l\u00fcms\u00fczl\u00fc\u011f\u00fcn pe\u015findeki G\u0131lgam\u0131\u015f\u2019tan M\u0131s\u0131r tanr\u0131lar\u0131na, Midas\u2019tan Troya Sava\u015f\u0131\u2019na, Do\u011fu\u2019nun bilgelerinden Zerd\u00fc\u015ft\u2019e, Roma\u2019n\u0131n kurulu\u015f \u00f6yk\u00fcs\u00fcnden B\u00fcy\u00fck \u0130skender\u2019e ve Ar\u015fimet\u2019e; Yarat\u0131l\u0131\u015f, O\u011fuz Ka\u011fan, Ergenekon destanlar\u0131ndan Mete\u2019ye, Attila\u2019ya, K\u00fcr\u015fad\u2019a; Bedir\u2019den, Uhud\u2019dan, Ali\u2019den, Osman\u2019dan Harun Re\u015fid\u2019e; Satuk Bu\u011fra Han\u2019dan, Gazneli Mahmud\u2019dan Alparslan\u2019a, Melik\u015fah\u2019a, Hoca Ahmed Yesev\u00ee\u2019ye, Yunus Emre\u2019ye; Do\u011fu\u2019nun ve Bat\u0131\u2019n\u0131n, mill\u00ee tarihimizin ve efsanelerimizin belirleyici hik\u00e2ye ve hadiselerinin g\u00fczel nasihatler ve ibret sahneleriyle s\u00fcslenmi\u015f keyifle okunacak pek \u00e7ok anlat\u0131s\u0131na yer verilen bu el kitab\u0131, bilhassa gen\u00e7 okuyuculara daha geni\u015f okuma deneyimlerinden \u00f6nce rehberlik edecek nitelikte bir derlemedir. Yay\u0131nevimizden daha \u00f6nce ne\u015fredilen Demokrasi Tarihimizde \u0130ttih\u00e2d ve Terakkili Y\u0131llar kitab\u0131yla memleketimizin \u00e7alkant\u0131l\u0131 bir tarih aral\u0131\u011f\u0131na dair ilm\u00ee mesaisini ortaya koyan H\u00fcseyin \u00d6zdemir, bu defa \u00f6\u011frencileri i\u00e7in tarih derslerinde anlatt\u0131\u011f\u0131 hikayeleri, yine onlardan gelen talep ve te\u015fvikle \u00e7e\u015fitlendirip kaynakland\u0131rarak yal\u0131n bir dille nakletti\u011fi bu mitoloji, menk\u0131be ve tarih g\u00fcldestesiyle bizi okurken dinlenmeye davet ediyor. \ufffcTan\u0131t\u0131m Metni<\/p>\n","protected":false},"excerpt":{"rendered":"<p>\u00d6l\u00fcms\u00fczl\u00fc\u011f\u00fcn pe\u015findeki G\u0131lgam\u0131\u015f\u2019tan M\u0131s\u0131r tanr\u0131lar\u0131na, Midas\u2019tan Troya Sava\u015f\u0131\u2019na, Do\u011fu\u2019nun bilgelerinden Zerd\u00fc\u015ft\u2019e, Roma\u2019n\u0131n kurulu\u015f \u00f6yk\u00fcs\u00fcnden B\u00fcy\u00fck \u0130skender\u2019e ve Ar\u015fimet\u2019e; Yarat\u0131l\u0131\u015f, O\u011fuz Ka\u011fan, Ergenekon destanlar\u0131ndan Mete\u2019ye, Attila\u2019ya, K\u00fcr\u015fad\u2019a;<span class=\"excerpt-hellip\"> [\u2026]<\/span><\/p>\n","protected":false},"featured_media":0,"template":"","meta":{"_monsterinsights_skip_tracking":false,"_monsterinsights_sitenote_active":false,"_monsterinsights_sitenote_note":"","_monsterinsights_sitenote_category":0},"product_brand":[],"product_cat":[12718,12858],"product_tag":[],"class_list":{"0":"post-713028","1":"product","2":"type-product","3":"status-publish","5":"product_cat-din","6":"product_cat-mitolojiler","7":"pa_cilt-ciltsiz","8":"pa_tur-kitap","9":"pa_yayinevi-otuken-nesriyat","10":"pa_yazar-huseyin-ozdemir","12":"first","13":"instock","14":"sale","15":"shipping-taxable","16":"purchasable","17":"product-type-simple"},"_links":{"self":[{"href":"https:\/\/roveyayinevi.com.tr\/index.php\/wp-json\/wp\/v2\/product\/713028","targetHints":{"allow":["GET"]}}],"collection":[{"href":"https:\/\/roveyayinevi.com.tr\/index.php\/wp-json\/wp\/v2\/product"}],"about":[{"href":"https:\/\/roveyayinevi.com.tr\/index.php\/wp-json\/wp\/v2\/types\/product"}],"wp:attachment":[{"href":"https:\/\/roveyayinevi.com.tr\/index.php\/wp-json\/wp\/v2\/media?parent=713028"}],"wp:term":[{"taxonomy":"product_brand","embeddable":true,"href":"https:\/\/roveyayinevi.com.tr\/index.php\/wp-json\/wp\/v2\/product_brand?post=713028"},{"taxonomy":"product_cat","embeddable":true,"href":"https:\/\/roveyayinevi.com.tr\/index.php\/wp-json\/wp\/v2\/product_cat?post=713028"},{"taxonomy":"product_tag","embeddable":true,"href":"https:\/\/roveyayinevi.com.tr\/index.php\/wp-json\/wp\/v2\/product_tag?post=713028"}],"curies":[{"name":"wp","href":"https:\/\/api.w.org\/{rel}","templated":true}]}}