{"id":713027,"date":"2025-08-27T17:02:51","date_gmt":"2025-08-27T14:02:51","guid":{"rendered":"https:\/\/roveyayinevi.com.tr\/index.php\/urun\/adana-muze-mudurlugu-2015-yili-muze-yilligi\/"},"modified":"2026-04-16T02:21:40","modified_gmt":"2026-04-15T23:21:40","slug":"adana-muze-mudurlugu-2015-yili-muze-yilligi","status":"publish","type":"product","link":"https:\/\/roveyayinevi.com.tr\/index.php\/urun\/adana-muze-mudurlugu-2015-yili-muze-yilligi\/","title":{"rendered":"Adana M\u00fcze M\u00fcd\u00fcrl\u00fc\u011f\u00fc 2015 Y\u0131l\u0131 M\u00fcze Y\u0131ll\u0131\u011f\u0131"},"content":{"rendered":"<p>\u0130nsanl\u0131k tarihi kadar eski bir yerle\u015fim merkezi olan Adana, tarihi boyunca Anadolu, Mezopotamya ve Do\u011fu Akdeniz aras\u0131ndaki k\u00f6pr\u00fc konumu nedeniyle bir\u00e7ok uygarl\u0131\u011fa ev sahipli\u011fi yapm\u0131\u015f, k\u00f6kl\u00fc bir tarihe sahiptir. Kentin sahip oldu\u011fu bu k\u00fclt\u00fcrel dokunun bozulmadan korunmas\u0131, geli\u015ftirilmesi ve tan\u0131t\u0131lmas\u0131nda k\u00fclt\u00fcr turizmi a\u00e7\u0131s\u0131ndan b\u00fcy\u00fck \u00f6nem arz etmektedir. <\/p>\n","protected":false},"excerpt":{"rendered":"<p>\u0130nsanl\u0131k tarihi kadar eski bir yerle\u015fim merkezi olan Adana, tarihi boyunca Anadolu, Mezopotamya ve Do\u011fu Akdeniz aras\u0131ndaki k\u00f6pr\u00fc konumu nedeniyle bir\u00e7ok uygarl\u0131\u011fa ev sahipli\u011fi yapm\u0131\u015f, k\u00f6kl\u00fc<span class=\"excerpt-hellip\"> [\u2026]<\/span><\/p>\n","protected":false},"featured_media":0,"template":"","meta":{"_monsterinsights_skip_tracking":false,"_monsterinsights_sitenote_active":false,"_monsterinsights_sitenote_note":"","_monsterinsights_sitenote_category":0},"product_brand":[],"product_cat":[52477,52478],"product_tag":[],"class_list":{"0":"post-713027","1":"product","2":"type-product","3":"status-publish","5":"product_cat-arastirma","6":"product_cat-arkeoloji","7":"pa_cilt-ciltsiz","8":"pa_tur-kitap","9":"pa_yayinevi-bilgin-kultur-sanat","10":"pa_yazar-kollektif","12":"first","13":"instock","14":"sale","15":"shipping-taxable","16":"purchasable","17":"product-type-simple"},"_links":{"self":[{"href":"https:\/\/roveyayinevi.com.tr\/index.php\/wp-json\/wp\/v2\/product\/713027","targetHints":{"allow":["GET"]}}],"collection":[{"href":"https:\/\/roveyayinevi.com.tr\/index.php\/wp-json\/wp\/v2\/product"}],"about":[{"href":"https:\/\/roveyayinevi.com.tr\/index.php\/wp-json\/wp\/v2\/types\/product"}],"wp:attachment":[{"href":"https:\/\/roveyayinevi.com.tr\/index.php\/wp-json\/wp\/v2\/media?parent=713027"}],"wp:term":[{"taxonomy":"product_brand","embeddable":true,"href":"https:\/\/roveyayinevi.com.tr\/index.php\/wp-json\/wp\/v2\/product_brand?post=713027"},{"taxonomy":"product_cat","embeddable":true,"href":"https:\/\/roveyayinevi.com.tr\/index.php\/wp-json\/wp\/v2\/product_cat?post=713027"},{"taxonomy":"product_tag","embeddable":true,"href":"https:\/\/roveyayinevi.com.tr\/index.php\/wp-json\/wp\/v2\/product_tag?post=713027"}],"curies":[{"name":"wp","href":"https:\/\/api.w.org\/{rel}","templated":true}]}}