{"id":713026,"date":"2025-08-27T17:02:50","date_gmt":"2025-08-27T14:02:50","guid":{"rendered":"https:\/\/roveyayinevi.com.tr\/index.php\/urun\/ekosemelek-kuklalari-isbasinda\/"},"modified":"2026-04-16T02:21:40","modified_gmt":"2026-04-15T23:21:40","slug":"ekosemelek-kuklalari-isbasinda","status":"publish","type":"product","link":"https:\/\/roveyayinevi.com.tr\/index.php\/urun\/ekosemelek-kuklalari-isbasinda\/","title":{"rendered":"Ekosemelek Kuklalar\u0131 \u0130\u015fba\u015f\u0131nda"},"content":{"rendered":"<p>\u00c7a\u011f\u0131m\u0131z\u0131n sorunlar\u0131yla yo\u011frulmu\u015f bu modern masal, teknolojinin insan \u00fczerindeki olumsuz etkilerinden teknoloji \u00e7a\u011f\u0131n\u0131n imk\u00e2nlar\u0131na ve bu s\u0131rada ya\u015fl\u0131 d\u00fcnyam\u0131z\u0131 nas\u0131l korumam\u0131z gerekti\u011fine dair e\u011flendirirken d\u00fc\u015f\u00fcnd\u00fcr\u00fcyor\u2026Ekosemelek \u00c7\u0131kmaz\u0131, \u015ea\u015f\u0131bal\u0131k Mahallesi\u2019nde i\u015fler hi\u00e7 iyi gitmiyor. Kuklalar \u015eehri\u2019nden \u00e7ocuklar\u0131 e\u011flendirmek i\u00e7in gelmi\u015f olan kuklalar\u0131 art\u0131k kimse do\u011fum g\u00fcn\u00fcne davet etmiyor. \u015eap\u015fi ve \u015eero adl\u0131 kukla karde\u015fler \u00e7ok mutsuz! \u00c7ocuklar art\u0131k tabletleri ve bilgisayarlar\u0131 onlara tercih ediyor. Yoksa kuklalar tarihe mi kar\u0131\u015f\u0131yor? \u015eap\u015fi ve \u015eero buna nas\u0131l \u00e7are bulacak? Acaba \u00e7are gene teknolojide olabilir mi? Bakars\u0131n\u0131z, Mucitler \u015eehri\u2019nden gelen bir mucit herkesin teknolojiye, mucitli\u011fe ve e\u011flenceye bak\u0131\u015f\u0131n\u0131 de\u011fi\u015ftirebilir! <\/p>\n","protected":false},"excerpt":{"rendered":"<p>\u00c7a\u011f\u0131m\u0131z\u0131n sorunlar\u0131yla yo\u011frulmu\u015f bu modern masal, teknolojinin insan \u00fczerindeki olumsuz etkilerinden teknoloji \u00e7a\u011f\u0131n\u0131n imk\u00e2nlar\u0131na ve bu s\u0131rada ya\u015fl\u0131 d\u00fcnyam\u0131z\u0131 nas\u0131l korumam\u0131z gerekti\u011fine dair e\u011flendirirken d\u00fc\u015f\u00fcnd\u00fcr\u00fcyor\u2026Ekosemelek \u00c7\u0131kmaz\u0131,<span class=\"excerpt-hellip\"> [\u2026]<\/span><\/p>\n","protected":false},"featured_media":0,"template":"","meta":{"_monsterinsights_skip_tracking":false,"_monsterinsights_sitenote_active":false,"_monsterinsights_sitenote_note":"","_monsterinsights_sitenote_category":0},"product_brand":[],"product_cat":[12274,12284],"product_tag":[],"class_list":{"0":"post-713026","1":"product","2":"type-product","3":"status-publish","5":"product_cat-cocuk-ve-genclik-kitaplari","6":"product_cat-hikayeler","7":"pa_cilt-ciltsiz","8":"pa_tur-kitap","9":"pa_yayinevi-beyaz-balina-yayinlari","10":"pa_yazar-saliha-nilufer","12":"first","13":"instock","14":"sale","15":"shipping-taxable","16":"purchasable","17":"product-type-simple"},"_links":{"self":[{"href":"https:\/\/roveyayinevi.com.tr\/index.php\/wp-json\/wp\/v2\/product\/713026","targetHints":{"allow":["GET"]}}],"collection":[{"href":"https:\/\/roveyayinevi.com.tr\/index.php\/wp-json\/wp\/v2\/product"}],"about":[{"href":"https:\/\/roveyayinevi.com.tr\/index.php\/wp-json\/wp\/v2\/types\/product"}],"wp:attachment":[{"href":"https:\/\/roveyayinevi.com.tr\/index.php\/wp-json\/wp\/v2\/media?parent=713026"}],"wp:term":[{"taxonomy":"product_brand","embeddable":true,"href":"https:\/\/roveyayinevi.com.tr\/index.php\/wp-json\/wp\/v2\/product_brand?post=713026"},{"taxonomy":"product_cat","embeddable":true,"href":"https:\/\/roveyayinevi.com.tr\/index.php\/wp-json\/wp\/v2\/product_cat?post=713026"},{"taxonomy":"product_tag","embeddable":true,"href":"https:\/\/roveyayinevi.com.tr\/index.php\/wp-json\/wp\/v2\/product_tag?post=713026"}],"curies":[{"name":"wp","href":"https:\/\/api.w.org\/{rel}","templated":true}]}}