{"id":713021,"date":"2025-08-27T17:02:47","date_gmt":"2025-08-27T14:02:47","guid":{"rendered":"https:\/\/roveyayinevi.com.tr\/index.php\/urun\/tilki-ve-sincap-yeni-arkadasi\/"},"modified":"2025-11-06T04:40:34","modified_gmt":"2025-11-06T01:40:34","slug":"tilki-ve-sincap-yeni-arkadasi","status":"publish","type":"product","link":"https:\/\/roveyayinevi.com.tr\/index.php\/urun\/tilki-ve-sincap-yeni-arkadasi\/","title":{"rendered":"Tilki ve Sincap &#8211; Yeni Arkada\u015f\u0131"},"content":{"rendered":"<p>\u201cSincap yeni bir arkada\u015f edindi\u011fi i\u00e7in art\u0131k bana ihtiyac\u0131 yok san\u0131r\u0131m,\u201d dedi Tilki \u00fcz\u00fclerek. Bakal\u0131m Sincap, Sar\u0131 Ku\u015f geldi\u011finde Tilki\u2019ye \u00fc\u00e7\u00fcn\u00fcn de arkada\u015f olabilece\u011fini g\u00f6sterebilecek mi? Tilki ve Sincap\u2019\u0131n Yeni Arkada\u015f\u0131, \u00e7ocuklar\u0131m\u0131z\u0131n arkada\u015fl\u0131k kavram\u0131n\u0131 daha iyi anlamas\u0131n\u0131 sa\u011flay\u0131p, yeni ili\u015fkiler kurma becerilerini geli\u015ftirecek. <\/p>\n","protected":false},"excerpt":{"rendered":"<p>\u201cSincap yeni bir arkada\u015f edindi\u011fi i\u00e7in art\u0131k bana ihtiyac\u0131 yok san\u0131r\u0131m,\u201d dedi Tilki \u00fcz\u00fclerek. Bakal\u0131m Sincap, Sar\u0131 Ku\u015f geldi\u011finde Tilki\u2019ye \u00fc\u00e7\u00fcn\u00fcn de arkada\u015f olabilece\u011fini g\u00f6sterebilecek mi?<span class=\"excerpt-hellip\"> [\u2026]<\/span><\/p>\n","protected":false},"featured_media":0,"template":"","meta":{"_monsterinsights_skip_tracking":false,"_monsterinsights_sitenote_active":false,"_monsterinsights_sitenote_note":"","_monsterinsights_sitenote_category":0},"product_brand":[],"product_cat":[12913,12274],"product_tag":[],"class_list":{"0":"post-713021","1":"product","2":"type-product","3":"status-publish","5":"product_cat-3-6-yas-kitaplari","6":"product_cat-cocuk-ve-genclik-kitaplari","7":"pa_cilt-ciltsiz","8":"pa_tur-kitap","9":"pa_yayinevi-1001-cicek-kitaplar","10":"pa_yazar-ruth-ohi","12":"first","13":"instock","14":"sale","15":"shipping-taxable","16":"purchasable","17":"product-type-simple"},"_links":{"self":[{"href":"https:\/\/roveyayinevi.com.tr\/index.php\/wp-json\/wp\/v2\/product\/713021","targetHints":{"allow":["GET"]}}],"collection":[{"href":"https:\/\/roveyayinevi.com.tr\/index.php\/wp-json\/wp\/v2\/product"}],"about":[{"href":"https:\/\/roveyayinevi.com.tr\/index.php\/wp-json\/wp\/v2\/types\/product"}],"wp:attachment":[{"href":"https:\/\/roveyayinevi.com.tr\/index.php\/wp-json\/wp\/v2\/media?parent=713021"}],"wp:term":[{"taxonomy":"product_brand","embeddable":true,"href":"https:\/\/roveyayinevi.com.tr\/index.php\/wp-json\/wp\/v2\/product_brand?post=713021"},{"taxonomy":"product_cat","embeddable":true,"href":"https:\/\/roveyayinevi.com.tr\/index.php\/wp-json\/wp\/v2\/product_cat?post=713021"},{"taxonomy":"product_tag","embeddable":true,"href":"https:\/\/roveyayinevi.com.tr\/index.php\/wp-json\/wp\/v2\/product_tag?post=713021"}],"curies":[{"name":"wp","href":"https:\/\/api.w.org\/{rel}","templated":true}]}}