{"id":713020,"date":"2025-08-27T17:02:46","date_gmt":"2025-08-27T14:02:46","guid":{"rendered":"https:\/\/roveyayinevi.com.tr\/index.php\/urun\/sozun-onuru\/"},"modified":"2026-04-16T02:21:40","modified_gmt":"2026-04-15T23:21:40","slug":"sozun-onuru","status":"publish","type":"product","link":"https:\/\/roveyayinevi.com.tr\/index.php\/urun\/sozun-onuru\/","title":{"rendered":"S\u00f6z\u00fcn Onuru"},"content":{"rendered":"<p>Genellikle yarat\u0131c\u0131 akl\u0131n \u00f6zg\u00fcr yolunu etkili bir s\u00f6ylemle arayan deneme, i\u00e7erik y\u00f6n\u00fcnden de, d\u00fc\u015f\u00fcnceleri, duygular\u0131 g\u00f6lgeleyen her t\u00fcrl\u00fc yasa\u011f\u0131 delip bilgiyle, g\u00f6zlemsel ayr\u0131nt\u0131larla, ger\u00e7ek kan\u0131tlarla, okuyan\u0131 sormaya-sorgulamaya-yorum yapmaya y\u00f6neltir. Denemenin beslenme alan\u0131 bilgidir, bilginin insan ya\u015fam\u0131ndaki yeridir.Usta edebiyat\u00e7\u0131 Adnan Binyazar\u2019\u0131n yeni denemeleri, S\u00f6z\u00fcn Onuru ba\u015fl\u0131\u011f\u0131yla okurlar\u0131n kar\u015f\u0131s\u0131nda. Edebiyat\u0131n arac\u0131 s\u00f6zd\u00fcr, hele bir d\u00fc\u015f\u00fcnce yaz\u0131s\u0131n\u0131n s\u00f6z\u00fcyse bu; s\u00f6z\u00fcn onuru, yazar i\u00e7in her \u015feyden \u00f6nemli olmal\u0131d\u0131r. Elinizdeki kitap, s\u00f6z\u00fcn onurunu onlarca y\u0131l ta\u015f\u0131m\u0131\u015f bir kalemden \u00e7\u0131kma. Sanat, edebiyat, siyaset, g\u00fcnl\u00fck ya\u015fam \u00fczerine okunmas\u0131 gereken kitap&#8230; <\/p>\n","protected":false},"excerpt":{"rendered":"<p>Genellikle yarat\u0131c\u0131 akl\u0131n \u00f6zg\u00fcr yolunu etkili bir s\u00f6ylemle arayan deneme, i\u00e7erik y\u00f6n\u00fcnden de, d\u00fc\u015f\u00fcnceleri, duygular\u0131 g\u00f6lgeleyen her t\u00fcrl\u00fc yasa\u011f\u0131 delip bilgiyle, g\u00f6zlemsel ayr\u0131nt\u0131larla, ger\u00e7ek kan\u0131tlarla, okuyan\u0131<span class=\"excerpt-hellip\"> [\u2026]<\/span><\/p>\n","protected":false},"featured_media":0,"template":"","meta":{"_monsterinsights_skip_tracking":false,"_monsterinsights_sitenote_active":false,"_monsterinsights_sitenote_note":"","_monsterinsights_sitenote_category":0},"product_brand":[],"product_cat":[12777,12291],"product_tag":[],"class_list":{"0":"post-713020","1":"product","2":"type-product","3":"status-publish","5":"product_cat-deneme","6":"product_cat-edebiyat","7":"pa_cilt-ciltsiz","8":"pa_tur-kitap","9":"pa_yayinevi-can-yayinlari","10":"pa_yazar-adnan-binyazar","12":"first","13":"instock","14":"sale","15":"shipping-taxable","16":"purchasable","17":"product-type-simple"},"_links":{"self":[{"href":"https:\/\/roveyayinevi.com.tr\/index.php\/wp-json\/wp\/v2\/product\/713020","targetHints":{"allow":["GET"]}}],"collection":[{"href":"https:\/\/roveyayinevi.com.tr\/index.php\/wp-json\/wp\/v2\/product"}],"about":[{"href":"https:\/\/roveyayinevi.com.tr\/index.php\/wp-json\/wp\/v2\/types\/product"}],"wp:attachment":[{"href":"https:\/\/roveyayinevi.com.tr\/index.php\/wp-json\/wp\/v2\/media?parent=713020"}],"wp:term":[{"taxonomy":"product_brand","embeddable":true,"href":"https:\/\/roveyayinevi.com.tr\/index.php\/wp-json\/wp\/v2\/product_brand?post=713020"},{"taxonomy":"product_cat","embeddable":true,"href":"https:\/\/roveyayinevi.com.tr\/index.php\/wp-json\/wp\/v2\/product_cat?post=713020"},{"taxonomy":"product_tag","embeddable":true,"href":"https:\/\/roveyayinevi.com.tr\/index.php\/wp-json\/wp\/v2\/product_tag?post=713020"}],"curies":[{"name":"wp","href":"https:\/\/api.w.org\/{rel}","templated":true}]}}