{"id":713019,"date":"2025-08-27T17:02:46","date_gmt":"2025-08-27T14:02:46","guid":{"rendered":"https:\/\/roveyayinevi.com.tr\/index.php\/urun\/baku-defteri\/"},"modified":"2026-04-16T02:21:40","modified_gmt":"2026-04-15T23:21:40","slug":"baku-defteri","status":"publish","type":"product","link":"https:\/\/roveyayinevi.com.tr\/index.php\/urun\/baku-defteri\/","title":{"rendered":"Bak\u00fc Defteri"},"content":{"rendered":"<p>Nehrin \u00f6b\u00fcr yakas\u0131na ge\u00e7tiklerinde hava kararmak \u00fczereydi, k\u00f6pr\u00fcn\u00fcn ba\u015f\u0131ndaki askerin pasaportlar\u0131 kontrol etti\u011fi yerde bir \u00e7uval patates, \u00fc\u00e7 adet soba borusu ve bak\u0131r bir \u00e7aydanl\u0131ktan ibaret y\u00fcklerini kenara koyup biraz dinlenerek yollar\u0131na devam ettiler. G\u00f6ky\u00fcz\u00fc \u00fczerlerine d\u00fc\u015fecek kadar yak\u0131n, boz; hava so\u011fuk\u2026Daha \u00f6nce Moskova Defteri adl\u0131 \u00f6yk\u00fc kitab\u0131n\u0131 yay\u0131mlad\u0131\u011f\u0131m\u0131z Bahar Aslan\u2019\u0131n yeni kitab\u0131 Bak\u00fc Defteri, yine s\u0131n\u0131rlar\u0131 a\u015fan, umutlar\u0131n\u0131n, \u00f6zlemlerinin, d\u00fc\u015flerinin pe\u015finden farkl\u0131 co\u011frafyalara giden, savrulan insanlar\u0131n \u00f6yk\u00fclerini anlat\u0131yor. D\u00fcnyam\u0131z\u0131n bug\u00fcn ya\u015fad\u0131\u011f\u0131 g\u00f6\u00e7 dalgalar\u0131n\u0131n, yurt aray\u0131\u015f\u0131n\u0131n i\u00e7imizde nelere dokundu\u011funu son derece duru bir T\u00fcrk\u00e7eyle aktar\u0131yor Bahar Aslan. <\/p>\n","protected":false},"excerpt":{"rendered":"<p>Nehrin \u00f6b\u00fcr yakas\u0131na ge\u00e7tiklerinde hava kararmak \u00fczereydi, k\u00f6pr\u00fcn\u00fcn ba\u015f\u0131ndaki askerin pasaportlar\u0131 kontrol etti\u011fi yerde bir \u00e7uval patates, \u00fc\u00e7 adet soba borusu ve bak\u0131r bir \u00e7aydanl\u0131ktan ibaret<span class=\"excerpt-hellip\"> [\u2026]<\/span><\/p>\n","protected":false},"featured_media":0,"template":"","meta":{"_monsterinsights_skip_tracking":false,"_monsterinsights_sitenote_active":false,"_monsterinsights_sitenote_note":"","_monsterinsights_sitenote_category":0},"product_brand":[],"product_cat":[12291,12711],"product_tag":[],"class_list":{"0":"post-713019","1":"product","2":"type-product","3":"status-publish","5":"product_cat-edebiyat","6":"product_cat-roman-oyku","7":"pa_cilt-ciltsiz","8":"pa_tur-kitap","9":"pa_yayinevi-can-yayinlari","10":"pa_yazar-bahar-aslan","12":"first","13":"instock","14":"sale","15":"shipping-taxable","16":"purchasable","17":"product-type-simple"},"_links":{"self":[{"href":"https:\/\/roveyayinevi.com.tr\/index.php\/wp-json\/wp\/v2\/product\/713019","targetHints":{"allow":["GET"]}}],"collection":[{"href":"https:\/\/roveyayinevi.com.tr\/index.php\/wp-json\/wp\/v2\/product"}],"about":[{"href":"https:\/\/roveyayinevi.com.tr\/index.php\/wp-json\/wp\/v2\/types\/product"}],"wp:attachment":[{"href":"https:\/\/roveyayinevi.com.tr\/index.php\/wp-json\/wp\/v2\/media?parent=713019"}],"wp:term":[{"taxonomy":"product_brand","embeddable":true,"href":"https:\/\/roveyayinevi.com.tr\/index.php\/wp-json\/wp\/v2\/product_brand?post=713019"},{"taxonomy":"product_cat","embeddable":true,"href":"https:\/\/roveyayinevi.com.tr\/index.php\/wp-json\/wp\/v2\/product_cat?post=713019"},{"taxonomy":"product_tag","embeddable":true,"href":"https:\/\/roveyayinevi.com.tr\/index.php\/wp-json\/wp\/v2\/product_tag?post=713019"}],"curies":[{"name":"wp","href":"https:\/\/api.w.org\/{rel}","templated":true}]}}