{"id":713018,"date":"2025-08-27T17:02:45","date_gmt":"2025-08-27T14:02:45","guid":{"rendered":"https:\/\/roveyayinevi.com.tr\/index.php\/urun\/egri-bugru\/"},"modified":"2025-11-06T04:40:32","modified_gmt":"2025-11-06T01:40:32","slug":"egri-bugru","status":"publish","type":"product","link":"https:\/\/roveyayinevi.com.tr\/index.php\/urun\/egri-bugru\/","title":{"rendered":"E\u011fri B\u00fc\u011fr\u00fc"},"content":{"rendered":"<p>K\u00f6\u015feleriyle pek \u00e7ok e\u011flenceli \u015fey yapabiliyor \u00dc\u00e7gen. Kare d\u00fcz \u00e7izgileriyle \u00f6v\u00fcn\u00fcyor, Daire de d\u00f6ne d\u00f6ne dola\u015fmaya bay\u0131l\u0131yor. Sonra Kare, \u00dc\u00e7gen ve Daire; tan\u0131\u015f\u0131yorlar onlara hi\u00e7 benzemeyen E\u011fri B\u00fc\u011fr\u00fc\u2019yle\u2026 E\u011fri B\u00fc\u011fr\u00fc hepsinden farkl\u0131, onunla oyunlar oynamak pek heyecanl\u0131! E\u011fri B\u00fc\u011fr\u00fc, \u00e7ocuklar\u0131m\u0131z\u0131n hayal g\u00fc\u00e7lerini harekete ge\u00e7irip, bir arada ve i\u015fbirli\u011fiyle yeni \u015feyler ke\u015ffedebilmeleri konusunda farkl\u0131 bak\u0131\u015f a\u00e7\u0131lar\u0131 edinmelerine katk\u0131 sa\u011flayacak. <\/p>\n","protected":false},"excerpt":{"rendered":"<p>K\u00f6\u015feleriyle pek \u00e7ok e\u011flenceli \u015fey yapabiliyor \u00dc\u00e7gen. Kare d\u00fcz \u00e7izgileriyle \u00f6v\u00fcn\u00fcyor, Daire de d\u00f6ne d\u00f6ne dola\u015fmaya bay\u0131l\u0131yor. Sonra Kare, \u00dc\u00e7gen ve Daire; tan\u0131\u015f\u0131yorlar onlara hi\u00e7 benzemeyen<span class=\"excerpt-hellip\"> [\u2026]<\/span><\/p>\n","protected":false},"featured_media":0,"template":"","meta":{"_monsterinsights_skip_tracking":false,"_monsterinsights_sitenote_active":false,"_monsterinsights_sitenote_note":"","_monsterinsights_sitenote_category":0},"product_brand":[],"product_cat":[12913,12274],"product_tag":[],"class_list":{"0":"post-713018","1":"product","2":"type-product","3":"status-publish","5":"product_cat-3-6-yas-kitaplari","6":"product_cat-cocuk-ve-genclik-kitaplari","7":"pa_cilt-ciltsiz","8":"pa_tur-kitap","9":"pa_yayinevi-1001-cicek-kitaplar","10":"pa_yazar-ruth-ohi","12":"first","13":"instock","14":"sale","15":"shipping-taxable","16":"purchasable","17":"product-type-simple"},"_links":{"self":[{"href":"https:\/\/roveyayinevi.com.tr\/index.php\/wp-json\/wp\/v2\/product\/713018","targetHints":{"allow":["GET"]}}],"collection":[{"href":"https:\/\/roveyayinevi.com.tr\/index.php\/wp-json\/wp\/v2\/product"}],"about":[{"href":"https:\/\/roveyayinevi.com.tr\/index.php\/wp-json\/wp\/v2\/types\/product"}],"wp:attachment":[{"href":"https:\/\/roveyayinevi.com.tr\/index.php\/wp-json\/wp\/v2\/media?parent=713018"}],"wp:term":[{"taxonomy":"product_brand","embeddable":true,"href":"https:\/\/roveyayinevi.com.tr\/index.php\/wp-json\/wp\/v2\/product_brand?post=713018"},{"taxonomy":"product_cat","embeddable":true,"href":"https:\/\/roveyayinevi.com.tr\/index.php\/wp-json\/wp\/v2\/product_cat?post=713018"},{"taxonomy":"product_tag","embeddable":true,"href":"https:\/\/roveyayinevi.com.tr\/index.php\/wp-json\/wp\/v2\/product_tag?post=713018"}],"curies":[{"name":"wp","href":"https:\/\/api.w.org\/{rel}","templated":true}]}}