{"id":713017,"date":"2025-08-27T17:02:44","date_gmt":"2025-08-27T14:02:44","guid":{"rendered":"https:\/\/roveyayinevi.com.tr\/index.php\/urun\/doga-harikalari\/"},"modified":"2025-11-06T04:40:32","modified_gmt":"2025-11-06T01:40:32","slug":"doga-harikalari","status":"publish","type":"product","link":"https:\/\/roveyayinevi.com.tr\/index.php\/urun\/doga-harikalari\/","title":{"rendered":"Do\u011fa Harikalar\u0131"},"content":{"rendered":"<p>Do\u011fa ger\u00e7ekte de muhte\u015fem! Gizemli ve b\u00fcy\u00fcleyici \u015feylerle dolu. G\u00f6k g\u00fcr\u00fclt\u00fcs\u00fcn\u00fcn nas\u0131l olu\u015ftu\u011fu, bitkilerin nas\u0131l beslendi\u011fi, fosilin ne oldu\u011fu, a\u011fustos b\u00f6ceklerinin nas\u0131l ses \u00e7\u0131kard\u0131klar\u0131 ve baz\u0131 hayvanlar\u0131n neden k\u0131i uykusuna yatt\u0131\u011f\u0131 gibi akl\u0131na gelen bir\u00e7ok sorunun cevab\u0131n\u0131 bu kitapta bulacaks\u0131n. Ba\u015ftan sona capcanl\u0131 ve renkli resimlerle dolu bu kitap sayesinde mevsimler, d\u00fcnyam\u0131z, denizler ve okyanuslar, bitkiler ve hayvanlar hakk\u0131nda bir s\u00fcr\u00fc heyecan verici bilgi edineceksin. Haydi, sen de bu do\u011fa harikalar\u0131n\u0131 ke\u015ffet! <\/p>\n","protected":false},"excerpt":{"rendered":"<p>Do\u011fa ger\u00e7ekte de muhte\u015fem! Gizemli ve b\u00fcy\u00fcleyici \u015feylerle dolu. G\u00f6k g\u00fcr\u00fclt\u00fcs\u00fcn\u00fcn nas\u0131l olu\u015ftu\u011fu, bitkilerin nas\u0131l beslendi\u011fi, fosilin ne oldu\u011fu, a\u011fustos b\u00f6ceklerinin nas\u0131l ses \u00e7\u0131kard\u0131klar\u0131 ve baz\u0131<span class=\"excerpt-hellip\"> [\u2026]<\/span><\/p>\n","protected":false},"featured_media":0,"template":"","meta":{"_monsterinsights_skip_tracking":false,"_monsterinsights_sitenote_active":false,"_monsterinsights_sitenote_note":"","_monsterinsights_sitenote_category":0},"product_brand":[],"product_cat":[13829,12274],"product_tag":[],"class_list":{"0":"post-713017","1":"product","2":"type-product","3":"status-publish","5":"product_cat-bilimsel-kitaplar","6":"product_cat-cocuk-ve-genclik-kitaplari","7":"pa_cilt-ciltsiz","8":"pa_tur-kitap","9":"pa_yayinevi-1001-cicek-kitaplar","10":"pa_yazar-alejandro-algarra","12":"first","13":"instock","14":"sale","15":"shipping-taxable","16":"purchasable","17":"product-type-simple"},"_links":{"self":[{"href":"https:\/\/roveyayinevi.com.tr\/index.php\/wp-json\/wp\/v2\/product\/713017","targetHints":{"allow":["GET"]}}],"collection":[{"href":"https:\/\/roveyayinevi.com.tr\/index.php\/wp-json\/wp\/v2\/product"}],"about":[{"href":"https:\/\/roveyayinevi.com.tr\/index.php\/wp-json\/wp\/v2\/types\/product"}],"wp:attachment":[{"href":"https:\/\/roveyayinevi.com.tr\/index.php\/wp-json\/wp\/v2\/media?parent=713017"}],"wp:term":[{"taxonomy":"product_brand","embeddable":true,"href":"https:\/\/roveyayinevi.com.tr\/index.php\/wp-json\/wp\/v2\/product_brand?post=713017"},{"taxonomy":"product_cat","embeddable":true,"href":"https:\/\/roveyayinevi.com.tr\/index.php\/wp-json\/wp\/v2\/product_cat?post=713017"},{"taxonomy":"product_tag","embeddable":true,"href":"https:\/\/roveyayinevi.com.tr\/index.php\/wp-json\/wp\/v2\/product_tag?post=713017"}],"curies":[{"name":"wp","href":"https:\/\/api.w.org\/{rel}","templated":true}]}}