{"id":713015,"date":"2025-08-27T17:02:43","date_gmt":"2025-08-27T14:02:43","guid":{"rendered":"https:\/\/roveyayinevi.com.tr\/index.php\/urun\/natonun-islamla-savasi\/"},"modified":"2026-04-16T02:21:40","modified_gmt":"2026-04-15T23:21:40","slug":"natonun-islamla-savasi","status":"publish","type":"product","link":"https:\/\/roveyayinevi.com.tr\/index.php\/urun\/natonun-islamla-savasi\/","title":{"rendered":"Nato&#8217;nun \u0130slam&#8217;la Sava\u015f\u0131"},"content":{"rendered":"<p>\u015eimdiye kadar NATO hakk\u0131nda pek \u00e7ok makale, pek \u00e7ok kitap yaz\u0131ld\u0131. Ancak s\u00f6zde kom\u00fcnizme kar\u015f\u0131 bir \u201caskeri g\u00fcvenlik pakt\u0131\u201d olarak kurulan NATO\u2019nun \u0130slam\u2019a kar\u015f\u0131 y\u00fcr\u00fctt\u00fc\u011f\u00fc sava\u015f konseptini bug\u00fcne kadar kimse g\u00fcndeme getirmedi. Oysa NATO, asl\u0131nda kurulu\u015fundan beri bir Ha\u00e7l\u0131 ordusuydu. Bunu 1990 y\u0131l\u0131na kadar gizlemeyi ba\u015fard\u0131lar. Ancak Tap\u0131nak \u015e\u00f6valyeleri\u2019nin Ha\u00e7l\u0131 Seferleri\u2019nde yapm\u0131\u015f oldu\u011fu g\u00f6rev, 1990\u2019l\u0131 y\u0131llardan sonra resmen NATO\u2019ya verildi. Kom\u00fcnizmin \u00e7\u00f6kmesiyle birlikte, NATO\u2019nun yeni \u2018d\u00fc\u015fman\u0131\u2019 olarak \u0130slam se\u00e7ildi.       \u201c\u00dcst Ak\u0131l\u201d isimli kitab\u0131yla d\u00fcnyay\u0131 y\u00f6neten k\u00fcresel \u00e7eteyi de\u015fifre eden Ara\u015ft\u0131rmac\u0131-Yazar Murat Akan, bu kitab\u0131yla da Evanjelizm\u2019in k\u00fcresel ordusu Derin NATO\u2019nun \u0130slam\u2019la olan sava\u015f\u0131n\u0131 if\u015fa ediyor. Ayn\u0131 zamanda ABD\u2019nin NATO\u2019yu kullanarak T\u00fcrkiye\u2019yi nas\u0131l \u2018sava\u015fs\u0131z i\u015fgal\u2019 etti\u011fini de \u00e7arp\u0131c\u0131 belgelerle ortaya koyan yazar, Derin NATO\u2019nun 1990\u2019dan sonra \u0130slam d\u00fcnyas\u0131 ve T\u00fcrkiye\u2019ye \u00e7ekti\u011fi \u2018\u00f6rt\u00fcl\u00fc operasyonlar\u0131\u2019 belgeleriyle g\u00f6zler \u00f6n\u00fcne seriyor. \u0130\u015fte kitaptan baz\u0131 \u00e7arp\u0131c\u0131 ba\u015fl\u0131klar: \u00b7         ABD, sava\u015fmadan T\u00fcrkiye\u2019yi nas\u0131l i\u015fgal etti? \u00b7         ABD, Osmanl\u0131\u2019daki ter\u00f6r \u00f6rg\u00fctlerini neden destekledi? \u00b7         Misyoner okullar\u0131yla Osmanl\u0131 nas\u0131l \u00e7\u00f6kertildi? \u00b7         Robert Koleji\u2019nin b\u00fcy\u00fck s\u0131rr\u0131 ne? \u00b7         Milli E\u011fitimi ABD B\u00fcy\u00fckel\u00e7isi mi y\u00f6netiyor? \u00b7         T\u00fcrkiye\u2019nin resmi dininin H\u0131ristiyanl\u0131k olmas\u0131 i\u00e7in kimler teklif verdi? \u00b7         Ankara\u2019n\u0131n g\u00f6be\u011findeki ABD gizli ordusu ne i\u015f yapar? \u00b7         Hangi anla\u015fmalarla ABD ve NATO\u2019ya T\u00fcrkiye\u2019yi i\u015fgal yetkisi verildi? \u00b7         15 Temmuz\u2019da NATO i\u015fgali nas\u0131l \u00f6nlendi? \u00b7         1990\u2019lardaki faili me\u00e7hul cinayetlerdeki Derin NATO parma\u011f\u0131 nas\u0131l de\u015fifre oldu? \u00b7         NATO\u2019nun T\u00fcrkiye\u2019yi gizli i\u015fgal plan\u0131 var m\u0131? \u00b7         U\u011fur Mumcu, Bahriye \u00dc\u00e7ok, Muammer Aksoy ve Ahmet Taner K\u0131\u015flal\u0131 hangi Gladio belgesindeki talimatlar do\u011frultusunda \u00f6ld\u00fcr\u00fcld\u00fc? \u00b7         Hizbullah silahlar\u0131n\u0131n NATO\u2019ya ait oldu\u011fu nas\u0131l tespit edildi? \u00b7         NATO kar\u015f\u0131t\u0131 E\u015fref Bitlis Pa\u015fa ve ekibi neden tasfiye edildi? ABD\u2019nin bug\u00fcnk\u00fc Ortado\u011fu projesinin ger\u00e7ek amac\u0131 ne? <\/p>\n","protected":false},"excerpt":{"rendered":"<p>\u015eimdiye kadar NATO hakk\u0131nda pek \u00e7ok makale, pek \u00e7ok kitap yaz\u0131ld\u0131. Ancak s\u00f6zde kom\u00fcnizme kar\u015f\u0131 bir \u201caskeri g\u00fcvenlik pakt\u0131\u201d olarak kurulan NATO\u2019nun \u0130slam\u2019a kar\u015f\u0131 y\u00fcr\u00fctt\u00fc\u011f\u00fc sava\u015f<span class=\"excerpt-hellip\"> [\u2026]<\/span><\/p>\n","protected":false},"featured_media":0,"template":"","meta":{"_monsterinsights_skip_tracking":false,"_monsterinsights_sitenote_active":false,"_monsterinsights_sitenote_note":"","_monsterinsights_sitenote_category":0},"product_brand":[],"product_cat":[31194,12337],"product_tag":[],"class_list":{"0":"post-713015","1":"product","2":"type-product","3":"status-publish","5":"product_cat-guncel-siyaset","6":"product_cat-politika-siyaset","7":"pa_cilt-ciltsiz","8":"pa_tur-kitap","9":"pa_yayinevi-hayat-yayinlari","10":"pa_yazar-murat-akan","12":"first","13":"instock","14":"sale","15":"shipping-taxable","16":"purchasable","17":"product-type-simple"},"_links":{"self":[{"href":"https:\/\/roveyayinevi.com.tr\/index.php\/wp-json\/wp\/v2\/product\/713015","targetHints":{"allow":["GET"]}}],"collection":[{"href":"https:\/\/roveyayinevi.com.tr\/index.php\/wp-json\/wp\/v2\/product"}],"about":[{"href":"https:\/\/roveyayinevi.com.tr\/index.php\/wp-json\/wp\/v2\/types\/product"}],"wp:attachment":[{"href":"https:\/\/roveyayinevi.com.tr\/index.php\/wp-json\/wp\/v2\/media?parent=713015"}],"wp:term":[{"taxonomy":"product_brand","embeddable":true,"href":"https:\/\/roveyayinevi.com.tr\/index.php\/wp-json\/wp\/v2\/product_brand?post=713015"},{"taxonomy":"product_cat","embeddable":true,"href":"https:\/\/roveyayinevi.com.tr\/index.php\/wp-json\/wp\/v2\/product_cat?post=713015"},{"taxonomy":"product_tag","embeddable":true,"href":"https:\/\/roveyayinevi.com.tr\/index.php\/wp-json\/wp\/v2\/product_tag?post=713015"}],"curies":[{"name":"wp","href":"https:\/\/api.w.org\/{rel}","templated":true}]}}