{"id":713014,"date":"2025-08-27T17:02:43","date_gmt":"2025-08-27T14:02:43","guid":{"rendered":"https:\/\/roveyayinevi.com.tr\/index.php\/urun\/gun-beyin-penceresi\/"},"modified":"2026-04-16T02:21:40","modified_gmt":"2026-04-15T23:21:40","slug":"gun-beyin-penceresi","status":"publish","type":"product","link":"https:\/\/roveyayinevi.com.tr\/index.php\/urun\/gun-beyin-penceresi\/","title":{"rendered":"G\u00fcn Bey&#8217;in Penceresi"},"content":{"rendered":"<p>Yeni evindeki ilk k\u0131\u015f\u0131yd\u0131 G\u00fcn Bey\u2019in. Kald\u0131r\u0131m ta\u015f\u0131na bakan penceresinin \u00f6n\u00fcnden ge\u00e7en ayakkab\u0131lar\u0131n hik\u00e2yeleriyle doluydu g\u00fcnleri. Bir sabah karla kapland\u0131 penceresi. D\u0131\u015far\u0131daki kahkahalar ve kartoplar\u0131 \u015fimdi yeni bir ya\u015fama a\u00e7\u0131yordu perdesini. Kar ve kahkahan\u0131n birle\u015fti\u011fi yerde bir mucize belirdi. Acaba G\u00fcn Bey bunu g\u00f6rebilecek miydi?.. Biyografi ve \u00f6yk\u00fcleriyle sevilen G\u00f6knil \u00d6zk\u00f6k\u2019ten, hayata cesaret ve kararl\u0131l\u0131kla sar\u0131lmak \u00fczerine etkileyici bir hik\u00e2ye! Ceyhun \u015een&#8217;in \u00f6zg\u00fcn desenleriyle canlanan kitap, her ya\u015ftan okurda iz b\u0131rakacak nitelikte. <\/p>\n","protected":false},"excerpt":{"rendered":"<p>Yeni evindeki ilk k\u0131\u015f\u0131yd\u0131 G\u00fcn Bey\u2019in. Kald\u0131r\u0131m ta\u015f\u0131na bakan penceresinin \u00f6n\u00fcnden ge\u00e7en ayakkab\u0131lar\u0131n hik\u00e2yeleriyle doluydu g\u00fcnleri. Bir sabah karla kapland\u0131 penceresi. D\u0131\u015far\u0131daki kahkahalar ve kartoplar\u0131 \u015fimdi<span class=\"excerpt-hellip\"> [\u2026]<\/span><\/p>\n","protected":false},"featured_media":0,"template":"","meta":{"_monsterinsights_skip_tracking":false,"_monsterinsights_sitenote_active":false,"_monsterinsights_sitenote_note":"","_monsterinsights_sitenote_category":0},"product_brand":[],"product_cat":[12275,12274],"product_tag":[],"class_list":{"0":"post-713014","1":"product","2":"type-product","3":"status-publish","5":"product_cat-6-12-yas-kitaplari","6":"product_cat-cocuk-ve-genclik-kitaplari","7":"pa_cilt-ciltsiz","8":"pa_tur-kitap","9":"pa_yayinevi-can-cocuk-yayinlari","10":"pa_yazar-goknil-ozkok","12":"first","13":"instock","14":"sale","15":"shipping-taxable","16":"purchasable","17":"product-type-simple"},"_links":{"self":[{"href":"https:\/\/roveyayinevi.com.tr\/index.php\/wp-json\/wp\/v2\/product\/713014","targetHints":{"allow":["GET"]}}],"collection":[{"href":"https:\/\/roveyayinevi.com.tr\/index.php\/wp-json\/wp\/v2\/product"}],"about":[{"href":"https:\/\/roveyayinevi.com.tr\/index.php\/wp-json\/wp\/v2\/types\/product"}],"wp:attachment":[{"href":"https:\/\/roveyayinevi.com.tr\/index.php\/wp-json\/wp\/v2\/media?parent=713014"}],"wp:term":[{"taxonomy":"product_brand","embeddable":true,"href":"https:\/\/roveyayinevi.com.tr\/index.php\/wp-json\/wp\/v2\/product_brand?post=713014"},{"taxonomy":"product_cat","embeddable":true,"href":"https:\/\/roveyayinevi.com.tr\/index.php\/wp-json\/wp\/v2\/product_cat?post=713014"},{"taxonomy":"product_tag","embeddable":true,"href":"https:\/\/roveyayinevi.com.tr\/index.php\/wp-json\/wp\/v2\/product_tag?post=713014"}],"curies":[{"name":"wp","href":"https:\/\/api.w.org\/{rel}","templated":true}]}}