{"id":713010,"date":"2025-08-27T17:02:40","date_gmt":"2025-08-27T14:02:40","guid":{"rendered":"https:\/\/roveyayinevi.com.tr\/index.php\/urun\/gonul-gozu-2\/"},"modified":"2026-04-05T02:25:27","modified_gmt":"2026-04-04T23:25:27","slug":"gonul-gozu-2","status":"publish","type":"product","link":"https:\/\/roveyayinevi.com.tr\/index.php\/urun\/gonul-gozu-2\/","title":{"rendered":"G\u00f6n\u00fcl G\u00f6z\u00fc"},"content":{"rendered":"<p>\u0130nsano\u011flu y\u00fczy\u0131llar boyunca d\u00fcnyan\u0131n d\u00fcz oldu\u011funa ve evinden uza\u011fa giderse, d\u00fcnyan\u0131n bir k\u00f6\u015fesinden a\u015fa\u011f\u0131ya d\u00fc\u015fece\u011fine inand\u0131. Ya\u015fad\u0131\u011f\u0131m\u0131z bu y\u00fczy\u0131lda acaba bunun gibi insanl\u0131\u011f\u0131n inand\u0131r\u0131ld\u0131\u011f\u0131 ka\u00e7 durum daha var? Kitab\u0131m\u0131zda S\u00fcmerlerden bug\u00fcne d\u00fcnyay\u0131 y\u00f6neten gizli ailelerin, kendileri d\u0131\u015f\u0131ndaki insanlara, sihirbaz\u0131n sahnede seyirciler i\u00e7in haz\u0131rlad\u0131\u011f\u0131 oyunu gibi, nas\u0131l bir ill\u00fczyon haz\u0131rlay\u0131p y\u00f6nettiklerini, teknolojiyi kullanarak, ortak bilincimize ve bilin\u00e7alt\u0131m\u0131za subliminal mesajlarla ektiklerini, alg\u0131 operasyonlar\u0131yla korku salarak bizleri nas\u0131l kontrol alt\u0131nda tutmaya \u00e7al\u0131\u015ft\u0131klar\u0131n\u0131 idrakimiz kadar\u0131yla payla\u015fmaya \u00e7al\u0131\u015ft\u0131k&#8230; Hakikatle ilgili bilmemiz gereken t\u00fcm bilgiler Hz. \u00c2dem Peygamber\u2019den bug\u00fcne kadar insano\u011flunun i\u00e7inde var. Geneti\u011fiyle oynanm\u0131\u015f g\u0131dalar, korku ve alg\u0131 operasyonlar\u0131yla insano\u011flunun g\u00f6n\u00fcl g\u00f6z\u00fc kapat\u0131l\u0131p, be\u015f duyu organ\u0131 i\u00e7ine hapsedilmeye, \u00f6z\u00fcnden, do\u011fas\u0131ndan uzakla\u015ft\u0131r\u0131lmaya \u00e7al\u0131\u015f\u0131l\u0131yor. Be\u015f duyu organ\u0131na hapsedilmi\u015f ki\u015fileri, diledikleri gibi y\u00f6netebiliyorlar. \u015eimdi ar\u0131nma, kendimizi geli\u015ftirme, hislerimizi g\u00fc\u00e7lendirme ve Allah nasip ederse g\u00f6n\u00fcl g\u00f6z\u00fcm\u00fcz\u00fc a\u00e7ma vakti. Allah\u2019a ger\u00e7ekten kul olmay\u0131 ba\u015farabilen ve g\u00f6n\u00fcl g\u00f6zleriyle hayata bakabilenler; k\u0131sacas\u0131 bilmekten hale ge\u00e7ebilenler, d\u00fcnya sahnesindeki sihirbaz\u0131n hilelerini g\u00f6rmeye ba\u015fl\u0131yorlar. Kendi i\u00e7imizdeki kilitleri a\u00e7arak, \u00f6zg\u00fcrle\u015fme vaktimiz geldi. Kendi \u00f6z\u00fcm\u00fcze ula\u015ft\u0131k\u00e7a, etraf\u0131m\u0131zdaki ki\u015filere de ula\u015fmaya ba\u015flad\u0131\u011f\u0131m\u0131z\u0131 fark edece\u011fiz. \u015eimdiden b\u00fct\u00fcne \u015fifa olsun. <\/p>\n","protected":false},"excerpt":{"rendered":"<p>\u0130nsano\u011flu y\u00fczy\u0131llar boyunca d\u00fcnyan\u0131n d\u00fcz oldu\u011funa ve evinden uza\u011fa giderse, d\u00fcnyan\u0131n bir k\u00f6\u015fesinden a\u015fa\u011f\u0131ya d\u00fc\u015fece\u011fine inand\u0131. Ya\u015fad\u0131\u011f\u0131m\u0131z bu y\u00fczy\u0131lda acaba bunun gibi insanl\u0131\u011f\u0131n inand\u0131r\u0131ld\u0131\u011f\u0131 ka\u00e7 durum<span class=\"excerpt-hellip\"> [\u2026]<\/span><\/p>\n","protected":false},"featured_media":0,"template":"","meta":{"_monsterinsights_skip_tracking":false,"_monsterinsights_sitenote_active":false,"_monsterinsights_sitenote_note":"","_monsterinsights_sitenote_category":0},"product_brand":[],"product_cat":[12364,12376],"product_tag":[],"class_list":{"0":"post-713010","1":"product","2":"type-product","3":"status-publish","5":"product_cat-genel-konular","6":"product_cat-kisisel-gelisim","7":"pa_cilt-ciltsiz","8":"pa_tur-kitap","9":"pa_yayinevi-destek-yayinlari","10":"pa_yazar-bulent-gardiyanoglu","12":"first","13":"instock","14":"sale","15":"shipping-taxable","16":"purchasable","17":"product-type-simple"},"_links":{"self":[{"href":"https:\/\/roveyayinevi.com.tr\/index.php\/wp-json\/wp\/v2\/product\/713010","targetHints":{"allow":["GET"]}}],"collection":[{"href":"https:\/\/roveyayinevi.com.tr\/index.php\/wp-json\/wp\/v2\/product"}],"about":[{"href":"https:\/\/roveyayinevi.com.tr\/index.php\/wp-json\/wp\/v2\/types\/product"}],"wp:attachment":[{"href":"https:\/\/roveyayinevi.com.tr\/index.php\/wp-json\/wp\/v2\/media?parent=713010"}],"wp:term":[{"taxonomy":"product_brand","embeddable":true,"href":"https:\/\/roveyayinevi.com.tr\/index.php\/wp-json\/wp\/v2\/product_brand?post=713010"},{"taxonomy":"product_cat","embeddable":true,"href":"https:\/\/roveyayinevi.com.tr\/index.php\/wp-json\/wp\/v2\/product_cat?post=713010"},{"taxonomy":"product_tag","embeddable":true,"href":"https:\/\/roveyayinevi.com.tr\/index.php\/wp-json\/wp\/v2\/product_tag?post=713010"}],"curies":[{"name":"wp","href":"https:\/\/api.w.org\/{rel}","templated":true}]}}