{"id":713009,"date":"2025-08-27T17:02:40","date_gmt":"2025-08-27T14:02:40","guid":{"rendered":"https:\/\/roveyayinevi.com.tr\/index.php\/urun\/evliya-ve-eskiya\/"},"modified":"2026-04-16T02:21:40","modified_gmt":"2026-04-15T23:21:40","slug":"evliya-ve-eskiya","status":"publish","type":"product","link":"https:\/\/roveyayinevi.com.tr\/index.php\/urun\/evliya-ve-eskiya\/","title":{"rendered":"Evliya Ve E\u015fkiya"},"content":{"rendered":"<p>Bazen i\u00e7inde iki ayr\u0131 ses duyuyorsun. Zihnine dolan d\u00fc\u015f\u00fcnceler seni karars\u0131z b\u0131rak\u0131yor. Bazen kendini \u00e7ift ki\u015filikliymi\u015f gibi hissediyorsun. Biri k\u00f6t\u00fcy\u00fc emrediyor, di\u011feri ise rahmani konu\u015fuyor. Rahmani konu\u015fan \u00e7ok hafif f\u0131s\u0131lt\u0131 verip hemen kayboluyor ama \u015feytani olan hi\u00e7 susmuyor, seni yoruyor. \u0130\u015fte o ses nedir biliyor musun? O senin nefsinin sesidir. Onu e\u011fitirsen Evliya olur, \u015fayet onu bo\u015f b\u0131rak\u0131rsan E\u015fk\u0131ya olur, b\u00fct\u00fcn enerjini al\u0131r ve hayat\u0131 \u00e7ekilmez hale getirir. \u0130\u00e7inde b\u00f6ylesine bir sava\u015f varken Sen Evliya m\u0131 olmay\u0131 se\u00e7eceksin yoksa E\u015fk\u0131ya m\u0131? Ni\u00e7in ili\u015fkilerle (kalbimizle) imtihan oluyoruz? \u00c2\u015f\u0131k olarak evlendi\u011fin insanla g\u00fcn gelir bo\u015fanmak i\u00e7in adaklar adars\u0131n. \u201cSeni \u00e7ok seviyorum, sensiz yapamam&#8230;\u201d dediklerine g\u00fcn gelip \u201cY\u00fcz\u00fcn\u00fc g\u00f6rmek, ad\u0131n\u0131 bile duymak istemiyorum!\u201d diye hayk\u0131r\u0131rs\u0131n. Bu hep b\u00f6yle olmu\u015ftur, neden? \u00c7\u00fcnk\u00fc sen Allah\u2019tan yanl\u0131\u015f bir dille istiyorsun! O halde do\u011fru dilden istemelisin. Sen nefsinin k\u0131\u015fk\u0131rtmas\u0131yla dua ediyorsun. Ancak do\u011fru bir dille istersen sana verilen \u015fey bereketli, m\u00fcbarek ve u\u011furlu olur. Bakara Suresi 165. ayette Allah buyuruyor: \u0130nsanlardan baz\u0131lar\u0131 da Allah\u2019tan ba\u015fka \u015feyleri O\u2019na e\u015f tutuyorlar ve onlar\u0131, Allah\u2019\u0131 sever gibi seviyorlar. \u0130nsanlar dengesizce seviyorlar! Kalplerinin d\u0131\u015f bah\u00e7esinde olmas\u0131 gereken kul sevgisini, kalbin en \u00f6zel yerine, batini yani kalbin saray k\u0131sm\u0131na yerle\u015ftiriyorlar. Oysa kalbin i\u00e7 k\u0131sm\u0131nda Allah tecelli etmi\u015f! Bu y\u00fczden Allah seni o insanlarla imtihan ediyor. Aldat\u0131l\u0131yor yahut da yar\u0131 yolda b\u0131rak\u0131l\u0131yorsun&#8230; <\/p>\n","protected":false},"excerpt":{"rendered":"<p>Bazen i\u00e7inde iki ayr\u0131 ses duyuyorsun. Zihnine dolan d\u00fc\u015f\u00fcnceler seni karars\u0131z b\u0131rak\u0131yor. Bazen kendini \u00e7ift ki\u015filikliymi\u015f gibi hissediyorsun. Biri k\u00f6t\u00fcy\u00fc emrediyor, di\u011feri ise rahmani konu\u015fuyor. Rahmani<span class=\"excerpt-hellip\"> [\u2026]<\/span><\/p>\n","protected":false},"featured_media":0,"template":"","meta":{"_monsterinsights_skip_tracking":false,"_monsterinsights_sitenote_active":false,"_monsterinsights_sitenote_note":"","_monsterinsights_sitenote_category":0},"product_brand":[],"product_cat":[12718,12719,15238],"product_tag":[],"class_list":{"0":"post-713009","1":"product","2":"type-product","3":"status-publish","5":"product_cat-din","6":"product_cat-islam","7":"product_cat-tasavvuf","8":"pa_cilt-ciltsiz","9":"pa_tur-kitap","10":"pa_yayinevi-destek-yayinlari","11":"pa_yazar-ugur-kosar","13":"first","14":"instock","15":"sale","16":"shipping-taxable","17":"purchasable","18":"product-type-simple"},"_links":{"self":[{"href":"https:\/\/roveyayinevi.com.tr\/index.php\/wp-json\/wp\/v2\/product\/713009","targetHints":{"allow":["GET"]}}],"collection":[{"href":"https:\/\/roveyayinevi.com.tr\/index.php\/wp-json\/wp\/v2\/product"}],"about":[{"href":"https:\/\/roveyayinevi.com.tr\/index.php\/wp-json\/wp\/v2\/types\/product"}],"wp:attachment":[{"href":"https:\/\/roveyayinevi.com.tr\/index.php\/wp-json\/wp\/v2\/media?parent=713009"}],"wp:term":[{"taxonomy":"product_brand","embeddable":true,"href":"https:\/\/roveyayinevi.com.tr\/index.php\/wp-json\/wp\/v2\/product_brand?post=713009"},{"taxonomy":"product_cat","embeddable":true,"href":"https:\/\/roveyayinevi.com.tr\/index.php\/wp-json\/wp\/v2\/product_cat?post=713009"},{"taxonomy":"product_tag","embeddable":true,"href":"https:\/\/roveyayinevi.com.tr\/index.php\/wp-json\/wp\/v2\/product_tag?post=713009"}],"curies":[{"name":"wp","href":"https:\/\/api.w.org\/{rel}","templated":true}]}}