{"id":713008,"date":"2025-08-27T17:02:39","date_gmt":"2025-08-27T14:02:39","guid":{"rendered":"https:\/\/roveyayinevi.com.tr\/index.php\/urun\/bilmisler-tanisma-partisi-nota-kitabi\/"},"modified":"2026-04-16T02:21:40","modified_gmt":"2026-04-15T23:21:40","slug":"bilmisler-tanisma-partisi-nota-kitabi","status":"publish","type":"product","link":"https:\/\/roveyayinevi.com.tr\/index.php\/urun\/bilmisler-tanisma-partisi-nota-kitabi\/","title":{"rendered":"Bilmi\u015fler Tan\u0131\u015fma Partisi Nota Kitab\u0131"},"content":{"rendered":"<p>KU\u015eKUCU PROFES\u00d6R, K\u0130TAP KURDU AMY, HAVALI EDWARD, KOKO\u015e CINDY VE WALKIE-TALKIE KARAKTERLER\u0130NDEN OLU\u015eAN MUHTE\u015eEM B\u0130R \u00c7OCUK ORKESTRASI! 6-12 YA\u015e GRUBU \u00c7OCUKLARA Y\u00d6NEL\u0130K E\u011e\u0130TSEL \u0130\u00c7ER\u0130KL\u0130 M\u00dcTH\u0130\u015e B\u0130R PROJE! S\u00d6ZLER E\u011e\u0130T\u0130M M\u00dcFREDATINA UYGUN, OKUL, HAYVANLAR, TRAF\u0130K \u0130\u015eARETLER\u0130, \u015eEK\u0130LLER G\u0130B\u0130 TEMALARDAN OLU\u015eUYOR! TAMAMI CANLI ENSTR\u00dcMANLARLA \u00c7ALINAN BU ALB\u00dcMDE MODERN B\u0130R SOUND YAKALANDI! YET\u0130\u015eK\u0130NLER\u0130N DE BE\u011eEN\u0130S\u0130N\u0130 KAZANACAK BU ALBUMDE ROCK, POP, FUNK, RAP G\u0130B\u0130 B\u0130R \u00c7OK FARKLI T\u00dcRDE PARA\u00c7ALAR VARDIR.   PAR\u00c7ALAR \u00c7ALINIP KULAKTAN KULA\u011eA YAYGINLI\u011eI ARTSIN D\u0130YE EK OLARAK NOTA K\u0130TABI DA BASILDI. <\/p>\n","protected":false},"excerpt":{"rendered":"<p>KU\u015eKUCU PROFES\u00d6R, K\u0130TAP KURDU AMY, HAVALI EDWARD, KOKO\u015e CINDY VE WALKIE-TALKIE KARAKTERLER\u0130NDEN OLU\u015eAN MUHTE\u015eEM B\u0130R \u00c7OCUK ORKESTRASI! 6-12 YA\u015e GRUBU \u00c7OCUKLARA Y\u00d6NEL\u0130K E\u011e\u0130TSEL \u0130\u00c7ER\u0130KL\u0130 M\u00dcTH\u0130\u015e B\u0130R<span class=\"excerpt-hellip\"> [\u2026]<\/span><\/p>\n","protected":false},"featured_media":0,"template":"","meta":{"_monsterinsights_skip_tracking":false,"_monsterinsights_sitenote_active":false,"_monsterinsights_sitenote_note":"","_monsterinsights_sitenote_category":0},"product_brand":[],"product_cat":[14556,14557],"product_tag":[],"class_list":{"0":"post-713008","1":"product","2":"type-product","3":"status-publish","5":"product_cat-muzik","6":"product_cat-nota-kitaplari","7":"pa_cilt-ciltsiz","8":"pa_tur-kitap","9":"pa_yayinevi-porte-muzik-egitim-merkezi","10":"pa_yazar-kollektif","12":"first","13":"instock","14":"sale","15":"shipping-taxable","16":"purchasable","17":"product-type-simple"},"_links":{"self":[{"href":"https:\/\/roveyayinevi.com.tr\/index.php\/wp-json\/wp\/v2\/product\/713008","targetHints":{"allow":["GET"]}}],"collection":[{"href":"https:\/\/roveyayinevi.com.tr\/index.php\/wp-json\/wp\/v2\/product"}],"about":[{"href":"https:\/\/roveyayinevi.com.tr\/index.php\/wp-json\/wp\/v2\/types\/product"}],"wp:attachment":[{"href":"https:\/\/roveyayinevi.com.tr\/index.php\/wp-json\/wp\/v2\/media?parent=713008"}],"wp:term":[{"taxonomy":"product_brand","embeddable":true,"href":"https:\/\/roveyayinevi.com.tr\/index.php\/wp-json\/wp\/v2\/product_brand?post=713008"},{"taxonomy":"product_cat","embeddable":true,"href":"https:\/\/roveyayinevi.com.tr\/index.php\/wp-json\/wp\/v2\/product_cat?post=713008"},{"taxonomy":"product_tag","embeddable":true,"href":"https:\/\/roveyayinevi.com.tr\/index.php\/wp-json\/wp\/v2\/product_tag?post=713008"}],"curies":[{"name":"wp","href":"https:\/\/api.w.org\/{rel}","templated":true}]}}