{"id":713007,"date":"2025-08-27T17:02:39","date_gmt":"2025-08-27T14:02:39","guid":{"rendered":"https:\/\/roveyayinevi.com.tr\/index.php\/urun\/superinsan\/"},"modified":"2026-04-16T02:21:40","modified_gmt":"2026-04-15T23:21:40","slug":"superinsan","status":"publish","type":"product","link":"https:\/\/roveyayinevi.com.tr\/index.php\/urun\/superinsan\/","title":{"rendered":"S\u00fcperinsan"},"content":{"rendered":"<p>Neden vazge\u00e7emedi\u011fini hi\u00e7 d\u00fc\u015f\u00fcnd\u00fcn m\u00fc?Hayallerine s\u0131rt \u00e7evirdi\u011finde hayat\u0131n sana neden anlams\u0131z geldi\u011fini hi\u00e7 d\u00fc\u015f\u00fcnd\u00fcn m\u00fc?Kafan\u0131 nereye \u00e7evirirsen \u00e7evir, hayallerini g\u00f6rmenin sebebini hi\u00e7 d\u00fc\u015f\u00fcnd\u00fcn m\u00fc?\u0130\u00e7inde \u00fcst\u00fcn bir yarat\u0131\u011f\u0131n uyudu\u011funu, ara s\u0131ra uyan\u0131p seni uyard\u0131\u011f\u0131n\u0131 hi\u00e7 hissetmedin mi?Ger\u00e7ekten efsane olacak bir insan oldu\u011funu, <\/p>\n","protected":false},"excerpt":{"rendered":"<p>Neden vazge\u00e7emedi\u011fini hi\u00e7 d\u00fc\u015f\u00fcnd\u00fcn m\u00fc?Hayallerine s\u0131rt \u00e7evirdi\u011finde hayat\u0131n sana neden anlams\u0131z geldi\u011fini hi\u00e7 d\u00fc\u015f\u00fcnd\u00fcn m\u00fc?Kafan\u0131 nereye \u00e7evirirsen \u00e7evir, hayallerini g\u00f6rmenin sebebini hi\u00e7 d\u00fc\u015f\u00fcnd\u00fcn m\u00fc?\u0130\u00e7inde \u00fcst\u00fcn bir<span class=\"excerpt-hellip\"> [\u2026]<\/span><\/p>\n","protected":false},"featured_media":0,"template":"","meta":{"_monsterinsights_skip_tracking":false,"_monsterinsights_sitenote_active":false,"_monsterinsights_sitenote_note":"","_monsterinsights_sitenote_category":0},"product_brand":[],"product_cat":[12364,12376],"product_tag":[],"class_list":{"0":"post-713007","1":"product","2":"type-product","3":"status-publish","5":"product_cat-genel-konular","6":"product_cat-kisisel-gelisim","7":"pa_cilt-ciltsiz","8":"pa_tur-kitap","9":"pa_yayinevi-dokuz-yayinlari","10":"pa_yazar-mehmet-zoroglu","12":"first","13":"instock","14":"sale","15":"shipping-taxable","16":"purchasable","17":"product-type-simple"},"_links":{"self":[{"href":"https:\/\/roveyayinevi.com.tr\/index.php\/wp-json\/wp\/v2\/product\/713007","targetHints":{"allow":["GET"]}}],"collection":[{"href":"https:\/\/roveyayinevi.com.tr\/index.php\/wp-json\/wp\/v2\/product"}],"about":[{"href":"https:\/\/roveyayinevi.com.tr\/index.php\/wp-json\/wp\/v2\/types\/product"}],"wp:attachment":[{"href":"https:\/\/roveyayinevi.com.tr\/index.php\/wp-json\/wp\/v2\/media?parent=713007"}],"wp:term":[{"taxonomy":"product_brand","embeddable":true,"href":"https:\/\/roveyayinevi.com.tr\/index.php\/wp-json\/wp\/v2\/product_brand?post=713007"},{"taxonomy":"product_cat","embeddable":true,"href":"https:\/\/roveyayinevi.com.tr\/index.php\/wp-json\/wp\/v2\/product_cat?post=713007"},{"taxonomy":"product_tag","embeddable":true,"href":"https:\/\/roveyayinevi.com.tr\/index.php\/wp-json\/wp\/v2\/product_tag?post=713007"}],"curies":[{"name":"wp","href":"https:\/\/api.w.org\/{rel}","templated":true}]}}