{"id":713006,"date":"2025-08-27T17:02:38","date_gmt":"2025-08-27T14:02:38","guid":{"rendered":"https:\/\/roveyayinevi.com.tr\/index.php\/urun\/yarim-kalanlara\/"},"modified":"2026-04-16T02:21:40","modified_gmt":"2026-04-15T23:21:40","slug":"yarim-kalanlara","status":"publish","type":"product","link":"https:\/\/roveyayinevi.com.tr\/index.php\/urun\/yarim-kalanlara\/","title":{"rendered":"Yar\u0131m Kalanlara"},"content":{"rendered":"<p>Gece yar\u0131lar\u0131 uyan\u0131p katliamlar\u0131n i\u00e7indesessiz ve sakin bir yer arayanlara,\u00c7\u0131kmaz sokaklar\u0131 ezbere bilen,Kendinden ba\u015fka herkese faydas\u0131 olan,Yenilmedim, g\u00fc\u00e7l\u00fcy\u00fcm yalanlar\u0131n\u0131 s\u00f6yleyen,Vazge\u00e7memi\u015f ama yar\u0131m kalanlara,Bir\u00e7ok hik\u00e2yenin as\u0131l kahramanlar\u0131na,Sevdas\u0131 kendinden b\u00fcy\u00fck olan kad\u0131n ve adamlara <\/p>\n","protected":false},"excerpt":{"rendered":"<p>Gece yar\u0131lar\u0131 uyan\u0131p katliamlar\u0131n i\u00e7indesessiz ve sakin bir yer arayanlara,\u00c7\u0131kmaz sokaklar\u0131 ezbere bilen,Kendinden ba\u015fka herkese faydas\u0131 olan,Yenilmedim, g\u00fc\u00e7l\u00fcy\u00fcm yalanlar\u0131n\u0131 s\u00f6yleyen,Vazge\u00e7memi\u015f ama yar\u0131m kalanlara,Bir\u00e7ok hik\u00e2yenin as\u0131l kahramanlar\u0131na,Sevdas\u0131<span class=\"excerpt-hellip\"> [\u2026]<\/span><\/p>\n","protected":false},"featured_media":0,"template":"","meta":{"_monsterinsights_skip_tracking":false,"_monsterinsights_sitenote_active":false,"_monsterinsights_sitenote_note":"","_monsterinsights_sitenote_category":0},"product_brand":[],"product_cat":[12777,12291],"product_tag":[],"class_list":{"0":"post-713006","1":"product","2":"type-product","3":"status-publish","5":"product_cat-deneme","6":"product_cat-edebiyat","7":"pa_cilt-ciltsiz","8":"pa_tur-kitap","9":"pa_yayinevi-dokuz-yayinlari","10":"pa_yazar-mustafa-berk","12":"first","13":"instock","14":"sale","15":"shipping-taxable","16":"purchasable","17":"product-type-simple"},"_links":{"self":[{"href":"https:\/\/roveyayinevi.com.tr\/index.php\/wp-json\/wp\/v2\/product\/713006","targetHints":{"allow":["GET"]}}],"collection":[{"href":"https:\/\/roveyayinevi.com.tr\/index.php\/wp-json\/wp\/v2\/product"}],"about":[{"href":"https:\/\/roveyayinevi.com.tr\/index.php\/wp-json\/wp\/v2\/types\/product"}],"wp:attachment":[{"href":"https:\/\/roveyayinevi.com.tr\/index.php\/wp-json\/wp\/v2\/media?parent=713006"}],"wp:term":[{"taxonomy":"product_brand","embeddable":true,"href":"https:\/\/roveyayinevi.com.tr\/index.php\/wp-json\/wp\/v2\/product_brand?post=713006"},{"taxonomy":"product_cat","embeddable":true,"href":"https:\/\/roveyayinevi.com.tr\/index.php\/wp-json\/wp\/v2\/product_cat?post=713006"},{"taxonomy":"product_tag","embeddable":true,"href":"https:\/\/roveyayinevi.com.tr\/index.php\/wp-json\/wp\/v2\/product_tag?post=713006"}],"curies":[{"name":"wp","href":"https:\/\/api.w.org\/{rel}","templated":true}]}}