{"id":713005,"date":"2025-08-27T17:02:38","date_gmt":"2025-08-27T14:02:38","guid":{"rendered":"https:\/\/roveyayinevi.com.tr\/index.php\/urun\/esya-ve-insan-bir-pratik-iliskinin-felfesefi-pedagojisi-ve-sosyolojisi\/"},"modified":"2026-04-16T02:21:40","modified_gmt":"2026-04-15T23:21:40","slug":"esya-ve-insan-bir-pratik-iliskinin-felfesefi-pedagojisi-ve-sosyolojisi","status":"publish","type":"product","link":"https:\/\/roveyayinevi.com.tr\/index.php\/urun\/esya-ve-insan-bir-pratik-iliskinin-felfesefi-pedagojisi-ve-sosyolojisi\/","title":{"rendered":"E\u015fya Ve \u0130nsan Bir Pratik \u0130li\u015fkinin Felfesefi, Pedagojisi ve Sosyolojisi"},"content":{"rendered":"<p>Bu kitab\u0131n konusu \u201ce\u015fya pedagojisi\u201d: E\u015fya kullanmay\u0131 nas\u0131l \u00f6\u011freniriz; \u00f6rne\u011fin bisiklete binmeyi? E\u015fya bizi belli bir beden duru\u015fu almaya nas\u0131l zorlar, \u00f6rne\u011fin k\u00f6t\u00fc bir beden duru\u015funu neredeyse olanaks\u0131z k\u0131lan, e\u011fimli oturma yerine sahip ergonomik bir sandalye? E\u015fya bizimle birlikte nas\u0131l de\u011fi\u015fir, i\u015flevsellikleri nas\u0131l yeni boyutlar kazan\u0131r, \u00f6rne\u011fin internetin olu\u015fum s\u00fcrecinde? B\u00fcy\u00fcme s\u00fcrecimizde e\u015fya nas\u0131l s\u0131radanla\u015f\u0131r? Onlar\u0131 kullanma yoluyla beceri kazanarak, onlar hakk\u0131nda bilgi edinerek insan e\u015fya ile nas\u0131l \u00f6\u011frenir? E\u011fitim amac\u0131yla e\u015fya yetkilendirilse ve sonras\u0131nda insan belirli davran\u0131\u015flar\u0131 ve ayn\u0131 zamanda kendine ba\u011fl\u0131 y\u00f6nelimleri e\u015fyadan bekleyecek olsa ve bunun sonucunda kendini e\u011fitse ne olur? \u00c7ocuklar \u2013sosyalle\u015fme anlam\u0131nda\u2013 kendileri i\u00e7in \u00e7ok do\u011fal olan e\u015fya d\u00fcnyas\u0131na ne \u015fekilde girerler? Ve e\u015fya nas\u0131l insanlar\u0131n \u015fu s\u00f6z konusu ya\u015famla ilgili y\u00f6nelimlerini d\u00f6n\u00fc\u015ft\u00fcren y\u00f6nelim geli\u015ftirme s\u00fcre\u00e7lerine dahil olmu\u015ftur? E\u015fyan\u0131n e\u015fya olma durumu, insanlarla do\u011frudan ba\u011flant\u0131s\u0131 ve ayn\u0131 zamanda i\u015flevselliklerinin de\u011fi\u015ftirilebilir olmas\u0131 \u00fczerine d\u00fc\u015f\u00fcnmeden t\u00fcm bu sorular yan\u0131tlanamaz. Arnd-Michael Nohl, bu \u00f6nemli kitab\u0131nda, s\u0131radan g\u00f6r\u00fcnen ayr\u0131nt\u0131lar\u0131n \u00f6nemine de\u011finiyor ve zihinleri a\u00e7\u0131yor. <\/p>\n","protected":false},"excerpt":{"rendered":"<p>Bu kitab\u0131n konusu \u201ce\u015fya pedagojisi\u201d: E\u015fya kullanmay\u0131 nas\u0131l \u00f6\u011freniriz; \u00f6rne\u011fin bisiklete binmeyi? E\u015fya bizi belli bir beden duru\u015fu almaya nas\u0131l zorlar, \u00f6rne\u011fin k\u00f6t\u00fc bir beden duru\u015funu<span class=\"excerpt-hellip\"> [\u2026]<\/span><\/p>\n","protected":false},"featured_media":0,"template":"","meta":{"_monsterinsights_skip_tracking":false,"_monsterinsights_sitenote_active":false,"_monsterinsights_sitenote_note":"","_monsterinsights_sitenote_category":0},"product_brand":[],"product_cat":[12835,12324],"product_tag":[],"class_list":{"0":"post-713005","1":"product","2":"type-product","3":"status-publish","5":"product_cat-genel-sosyoloji","6":"product_cat-sosyoloji","7":"pa_cilt-ciltsiz","8":"pa_tur-kitap","9":"pa_yayinevi-ayrinti-yayinlari","10":"pa_yazar-arnd-michael-nohl","12":"first","13":"instock","14":"sale","15":"shipping-taxable","16":"purchasable","17":"product-type-simple"},"_links":{"self":[{"href":"https:\/\/roveyayinevi.com.tr\/index.php\/wp-json\/wp\/v2\/product\/713005","targetHints":{"allow":["GET"]}}],"collection":[{"href":"https:\/\/roveyayinevi.com.tr\/index.php\/wp-json\/wp\/v2\/product"}],"about":[{"href":"https:\/\/roveyayinevi.com.tr\/index.php\/wp-json\/wp\/v2\/types\/product"}],"wp:attachment":[{"href":"https:\/\/roveyayinevi.com.tr\/index.php\/wp-json\/wp\/v2\/media?parent=713005"}],"wp:term":[{"taxonomy":"product_brand","embeddable":true,"href":"https:\/\/roveyayinevi.com.tr\/index.php\/wp-json\/wp\/v2\/product_brand?post=713005"},{"taxonomy":"product_cat","embeddable":true,"href":"https:\/\/roveyayinevi.com.tr\/index.php\/wp-json\/wp\/v2\/product_cat?post=713005"},{"taxonomy":"product_tag","embeddable":true,"href":"https:\/\/roveyayinevi.com.tr\/index.php\/wp-json\/wp\/v2\/product_tag?post=713005"}],"curies":[{"name":"wp","href":"https:\/\/api.w.org\/{rel}","templated":true}]}}