{"id":713000,"date":"2025-08-27T17:02:35","date_gmt":"2025-08-27T14:02:35","guid":{"rendered":"https:\/\/roveyayinevi.com.tr\/index.php\/urun\/cengiz-han-2\/"},"modified":"2026-04-16T02:21:40","modified_gmt":"2026-04-15T23:21:40","slug":"cengiz-han-2","status":"publish","type":"product","link":"https:\/\/roveyayinevi.com.tr\/index.php\/urun\/cengiz-han-2\/","title":{"rendered":"Cengiz Han"},"content":{"rendered":"<p>YA\u015eAMININ T\u00dcM Y\u00d6NLER\u0130YLE CENG\u0130Z HAN VE O\u011eULLARI\u2026 \u201cCengiz Han, d\u00fcnya tarihinin son b\u00fcy\u00fck kabile imparatoruydu. G\u00f6\u00e7ebe hayat\u0131 ya\u015fayan kabileler ile uygar d\u00fcnya aras\u0131ndaki 10.000 y\u0131ll\u0131k sava\u015f\u0131n, avc\u0131larla \u00e7obanlar\u0131n \u00e7ift\u00e7ilere kar\u015f\u0131 verdikleri m\u00fccadeleninmiras\u00e7\u0131s\u0131yd\u0131. Karde\u015fi Habil\u2019i \u00f6ld\u00fcren Kabil\u2019in hik\u00e2yesi kadar eski bir hik\u00e2ye idi\u2026\u201d JackWeatherford   D\u00fcnya tarihinde \u00e7ok az lider Cengiz Han kadar farkl\u0131 unvanlara sahip olmu\u015ftur. Bir k\u0131s\u0131m tarih\u00e7iler taraf\u0131ndan barbar ve gaddar olarak anlat\u0131lan Cengiz Han, di\u011fer tarih\u00e7ilerin sayfalar\u0131nda cesur bir h\u00fck\u00fcmdar ya da efsane bir imparator olarak ge\u00e7er. \u015eu bir ger\u00e7ektir ki Cengiz Han hem olduk\u00e7a gizemli bir karaktere hem de nice topraklar\u0131 atlar\u0131yla ezip ge\u00e7mi\u015f devasa bir orduya sahip olmu\u015ftur. Bu ordu \u00e7o\u011fu zaman haritalar\u0131n ve n\u00fcfus hareketlerinin de\u011fi\u015fmesine, hatta son yap\u0131lan ara\u015ft\u0131rmalara g\u00f6re geri d\u00f6n\u00fc\u015f\u00fc olmayan iklim ve \u00e7evre de\u011fi\u015fikliklerine bile sebep olmu\u015ftur. Cengiz Han, \u00e7ocuk ya\u015flar\u0131ndan itibaren korkusuzca sava\u015fmay\u0131, ac\u0131mas\u0131z bir ortamda h\u0131rs, azim ve cesaret gibi bir sava\u015f\u00e7\u0131n\u0131n olmazsa olmaz \u00f6zelliklerini t\u00fcm detaylar\u0131yla \u00f6\u011frenmi\u015ftir. Kudreti h\u00e2l\u00e2 \u00e7\u00f6z\u00fclememi\u015f bir askeri te\u015fkil\u00e2t ile benzeri g\u00f6r\u00fclmemi\u015f bir posta a\u011f\u0131 kuracak kadar ilim ve teknik merak\u0131yla yeti\u015fmi\u015ftir. Son derece farkl\u0131 \u00e2detlere ve kanunlara sahip Mo\u011fol tarihinin bu unutulmaz ismine dair ara\u015ft\u0131rmalar g\u00fcn ge\u00e7tik\u00e7e daha fazla pop\u00fcler olmaktad\u0131r. \u00d6zellikle sava\u015f ve devlet y\u00f6netimi tarihi denince, Cengiz Han\u2019dan bahsedilmemesi imk\u00e2ns\u0131zd\u0131r. Mo\u011folistan\u2019daki Cengiz Han \u00dcniversitesi\u2019nden \u0130nsanl\u0131k Bilimi Doktorluk unvan\u0131 alm\u0131\u015f, d\u00fcnyaca \u00fcnl\u00fc bir ara\u015ft\u0131rmac\u0131 olan JackWeatherford, bu kitab\u0131nda Cengiz Han ve onun torunlar\u0131n\u0131n \u015fa\u015f\u0131rt\u0131c\u0131 hik\u00e2yesinin ve fetihlerinin izini s\u00fcr\u00fcyor. <\/p>\n","protected":false},"excerpt":{"rendered":"<p>YA\u015eAMININ T\u00dcM Y\u00d6NLER\u0130YLE CENG\u0130Z HAN VE O\u011eULLARI\u2026 \u201cCengiz Han, d\u00fcnya tarihinin son b\u00fcy\u00fck kabile imparatoruydu. G\u00f6\u00e7ebe hayat\u0131 ya\u015fayan kabileler ile uygar d\u00fcnya aras\u0131ndaki 10.000 y\u0131ll\u0131k sava\u015f\u0131n,<span class=\"excerpt-hellip\"> [\u2026]<\/span><\/p>\n","protected":false},"featured_media":0,"template":"","meta":{"_monsterinsights_skip_tracking":false,"_monsterinsights_sitenote_active":false,"_monsterinsights_sitenote_note":"","_monsterinsights_sitenote_category":0},"product_brand":[],"product_cat":[12304,13650],"product_tag":[],"class_list":{"0":"post-713000","1":"product","2":"type-product","3":"status-publish","5":"product_cat-tarih","6":"product_cat-turk-tarihi-arastirmalari","7":"pa_cilt-ciltsiz","8":"pa_tur-kitap","9":"pa_yayinevi-kronik-kitap","10":"pa_yazar-jack-weatherford","12":"first","13":"instock","14":"sale","15":"shipping-taxable","16":"purchasable","17":"product-type-simple"},"_links":{"self":[{"href":"https:\/\/roveyayinevi.com.tr\/index.php\/wp-json\/wp\/v2\/product\/713000","targetHints":{"allow":["GET"]}}],"collection":[{"href":"https:\/\/roveyayinevi.com.tr\/index.php\/wp-json\/wp\/v2\/product"}],"about":[{"href":"https:\/\/roveyayinevi.com.tr\/index.php\/wp-json\/wp\/v2\/types\/product"}],"wp:attachment":[{"href":"https:\/\/roveyayinevi.com.tr\/index.php\/wp-json\/wp\/v2\/media?parent=713000"}],"wp:term":[{"taxonomy":"product_brand","embeddable":true,"href":"https:\/\/roveyayinevi.com.tr\/index.php\/wp-json\/wp\/v2\/product_brand?post=713000"},{"taxonomy":"product_cat","embeddable":true,"href":"https:\/\/roveyayinevi.com.tr\/index.php\/wp-json\/wp\/v2\/product_cat?post=713000"},{"taxonomy":"product_tag","embeddable":true,"href":"https:\/\/roveyayinevi.com.tr\/index.php\/wp-json\/wp\/v2\/product_tag?post=713000"}],"curies":[{"name":"wp","href":"https:\/\/api.w.org\/{rel}","templated":true}]}}