{"id":712996,"date":"2025-08-27T17:02:32","date_gmt":"2025-08-27T14:02:32","guid":{"rendered":"https:\/\/roveyayinevi.com.tr\/index.php\/urun\/alcatraz-kara-yetenek\/"},"modified":"2026-04-16T02:21:39","modified_gmt":"2026-04-15T23:21:39","slug":"alcatraz-kara-yetenek","status":"publish","type":"product","link":"https:\/\/roveyayinevi.com.tr\/index.php\/urun\/alcatraz-kara-yetenek\/","title":{"rendered":"Alcatraz &#8211; Kara Yetenek"},"content":{"rendered":"<p>\u201cSanderson\u2019\u0131n gen\u00e7ler ve her zaman gen\u00e7 kalanlar i\u00e7in kaleme ald\u0131\u011f\u0131 bu orijinal ve \u00e7\u0131lg\u0131n roman, Artemis Fowl ve Talihsiz Ser\u00fcvenler Dizisi\u2019ni an\u0131msat\u0131yor. \u0130\u00e7inde bar\u0131nd\u0131rd\u0131\u011f\u0131 mizah \u00f6\u011feleri gen\u00e7leri g\u00fclmekten k\u0131r\u0131\u011f ge\u00e7irecek ve yeti\u015fkinler de bu komik kitab\u0131n sayfalar\u0131 aras\u0131nda kendileri i\u00e7in b\u0131rak\u0131lm\u0131\u015f zekice g\u00f6ndermeler bulacaklar\u2026 \u015eeytani bir zek\u00e2n\u0131n \u00fcr\u00fcn\u00fc olan son sayfay\u0131 \u00e7evirdi\u011finizde, kendinizi bu yetenekli yazar\u0131n kaleminden \u00e7\u0131kan ba\u015fka \u015feyleri okumay\u0131 isterken bulacaks\u0131n\u0131z.\u201d -VOYA Dergisi Alcatraz zorda! Alcatraz Smedry, K\u00f6t\u00fc K\u00fct\u00fcphanecilerin ordusunu alt etmeyi ba\u015fard\u0131 ve Mokia Krall\u0131\u011f\u0131n\u0131 kurtard\u0131. Ne yaz\u0131k ki b\u00fct\u00fcn bunlar olup biterken Smedry Yeteneklerini de k\u0131rm\u0131\u015f oldu. Daha da k\u00f6t\u00fcs\u00fc, babas\u0131 d\u00fcnyay\u0131 mahvedebilecek bir plan\u0131 uygulamaya koymak \u00fczere ve arkada\u015f\u0131 Bastille de komada. Alcatraz, K\u00f6t\u00fc K\u00fct\u00fcphanecilerin aras\u0131na s\u0131zmak ve arkada\u015fa\u0131 Bastille\u2019i kurtarabilmenin bir yolunu bulmak zorunda. Peki ya bu sefer yapamaz ve K\u00f6t\u00fc K\u00fct\u00fcphaneciler kazan\u0131rsa? <\/p>\n","protected":false},"excerpt":{"rendered":"<p>\u201cSanderson\u2019\u0131n gen\u00e7ler ve her zaman gen\u00e7 kalanlar i\u00e7in kaleme ald\u0131\u011f\u0131 bu orijinal ve \u00e7\u0131lg\u0131n roman, Artemis Fowl ve Talihsiz Ser\u00fcvenler Dizisi\u2019ni an\u0131msat\u0131yor. \u0130\u00e7inde bar\u0131nd\u0131rd\u0131\u011f\u0131 mizah \u00f6\u011feleri<span class=\"excerpt-hellip\"> [\u2026]<\/span><\/p>\n","protected":false},"featured_media":0,"template":"","meta":{"_monsterinsights_skip_tracking":false,"_monsterinsights_sitenote_active":false,"_monsterinsights_sitenote_note":"","_monsterinsights_sitenote_category":0},"product_brand":[],"product_cat":[12291,14777],"product_tag":[],"class_list":{"0":"post-712996","1":"product","2":"type-product","3":"status-publish","5":"product_cat-edebiyat","6":"product_cat-fantastik","7":"pa_cilt-ciltsiz","8":"pa_tur-kitap","9":"pa_yayinevi-akil-celen-kitaplar","10":"pa_yazar-brandon-sanderson","12":"first","13":"instock","14":"sale","15":"shipping-taxable","16":"purchasable","17":"product-type-simple"},"_links":{"self":[{"href":"https:\/\/roveyayinevi.com.tr\/index.php\/wp-json\/wp\/v2\/product\/712996","targetHints":{"allow":["GET"]}}],"collection":[{"href":"https:\/\/roveyayinevi.com.tr\/index.php\/wp-json\/wp\/v2\/product"}],"about":[{"href":"https:\/\/roveyayinevi.com.tr\/index.php\/wp-json\/wp\/v2\/types\/product"}],"wp:attachment":[{"href":"https:\/\/roveyayinevi.com.tr\/index.php\/wp-json\/wp\/v2\/media?parent=712996"}],"wp:term":[{"taxonomy":"product_brand","embeddable":true,"href":"https:\/\/roveyayinevi.com.tr\/index.php\/wp-json\/wp\/v2\/product_brand?post=712996"},{"taxonomy":"product_cat","embeddable":true,"href":"https:\/\/roveyayinevi.com.tr\/index.php\/wp-json\/wp\/v2\/product_cat?post=712996"},{"taxonomy":"product_tag","embeddable":true,"href":"https:\/\/roveyayinevi.com.tr\/index.php\/wp-json\/wp\/v2\/product_tag?post=712996"}],"curies":[{"name":"wp","href":"https:\/\/api.w.org\/{rel}","templated":true}]}}