{"id":712994,"date":"2025-08-27T17:02:31","date_gmt":"2025-08-27T14:02:31","guid":{"rendered":"https:\/\/roveyayinevi.com.tr\/index.php\/urun\/cikartmalarla-ilk-ingilizce-sozcukler\/"},"modified":"2026-04-16T02:21:39","modified_gmt":"2026-04-15T23:21:39","slug":"cikartmalarla-ilk-ingilizce-sozcukler","status":"publish","type":"product","link":"https:\/\/roveyayinevi.com.tr\/index.php\/urun\/cikartmalarla-ilk-ingilizce-sozcukler\/","title":{"rendered":"\u00c7\u0131kartmalarla \u0130lk \u0130ngilizce S\u00f6zc\u00fckler"},"content":{"rendered":"<p>\u00c7\u0131kartmalarla \u0130lk \u0130ngilizce S\u00f6zc\u00fckler \u00c7\u0131kartmalarla dolu bu kitapla \u0130ngilizce s\u00f6zc\u00fckleri \u00f6\u011frenmek \u00e7ok kolay! <\/p>\n","protected":false},"excerpt":{"rendered":"<p>\u00c7\u0131kartmalarla \u0130lk \u0130ngilizce S\u00f6zc\u00fckler \u00c7\u0131kartmalarla dolu bu kitapla \u0130ngilizce s\u00f6zc\u00fckleri \u00f6\u011frenmek \u00e7ok kolay!<\/p>\n","protected":false},"featured_media":0,"template":"","meta":{"_monsterinsights_skip_tracking":false,"_monsterinsights_sitenote_active":false,"_monsterinsights_sitenote_note":"","_monsterinsights_sitenote_category":0},"product_brand":[],"product_cat":[12554,12274],"product_tag":[],"class_list":{"0":"post-712994","1":"product","2":"type-product","3":"status-publish","5":"product_cat-cikartmali-kitaplar","6":"product_cat-cocuk-ve-genclik-kitaplari","7":"pa_cilt-ciltsiz","8":"pa_tur-kitap","9":"pa_yayinevi-mavi-kelebek-yayinlari","10":"pa_yazar-kollektif","12":"first","13":"instock","14":"sale","15":"shipping-taxable","16":"purchasable","17":"product-type-simple"},"_links":{"self":[{"href":"https:\/\/roveyayinevi.com.tr\/index.php\/wp-json\/wp\/v2\/product\/712994","targetHints":{"allow":["GET"]}}],"collection":[{"href":"https:\/\/roveyayinevi.com.tr\/index.php\/wp-json\/wp\/v2\/product"}],"about":[{"href":"https:\/\/roveyayinevi.com.tr\/index.php\/wp-json\/wp\/v2\/types\/product"}],"wp:attachment":[{"href":"https:\/\/roveyayinevi.com.tr\/index.php\/wp-json\/wp\/v2\/media?parent=712994"}],"wp:term":[{"taxonomy":"product_brand","embeddable":true,"href":"https:\/\/roveyayinevi.com.tr\/index.php\/wp-json\/wp\/v2\/product_brand?post=712994"},{"taxonomy":"product_cat","embeddable":true,"href":"https:\/\/roveyayinevi.com.tr\/index.php\/wp-json\/wp\/v2\/product_cat?post=712994"},{"taxonomy":"product_tag","embeddable":true,"href":"https:\/\/roveyayinevi.com.tr\/index.php\/wp-json\/wp\/v2\/product_tag?post=712994"}],"curies":[{"name":"wp","href":"https:\/\/api.w.org\/{rel}","templated":true}]}}