{"id":712992,"date":"2025-08-27T17:02:30","date_gmt":"2025-08-27T14:02:30","guid":{"rendered":"https:\/\/roveyayinevi.com.tr\/index.php\/urun\/gece-ucusu-2\/"},"modified":"2026-04-16T02:21:39","modified_gmt":"2026-04-15T23:21:39","slug":"gece-ucusu-2","status":"publish","type":"product","link":"https:\/\/roveyayinevi.com.tr\/index.php\/urun\/gece-ucusu-2\/","title":{"rendered":"Gece U\u00e7u\u015fu"},"content":{"rendered":"<p>Gece koyu bir duman gibi y\u00fckseliyor, ovalarla vadiler birbirinden ay\u0131rt edilmiyordu. K\u00f6y yava\u015f yava\u015f bir \u0131\u015f\u0131k k\u00fcmesi halini al\u0131yordu. \u00dc\u00e7 pilot, ald\u0131klar\u0131 y\u00fcklerini g\u00f6t\u00fcrmek \u00fczere havalanm\u0131\u015flard\u0131 ancak bir tanesi hedefe varamam\u0131\u015ft\u0131\u2026Bir gecede ya\u015fanan bu \u00f6l\u00fcm kal\u0131m m\u00fccadelesini, insan\u0131n do\u011fayla olan sava\u015f\u0131n\u0131, amaca ula\u015fmak i\u00e7in g\u00f6sterdi\u011fi \u00e7abay\u0131, iradesini, cesaretini ve sorumlulu\u011funu yerine getirebilmek i\u00e7in yapt\u0131klar\u0131n\u0131 anlatan, ger\u00e7ek tad\u0131nda, usta i\u015fi bir eserGece U\u00e7u\u015fu. <\/p>\n","protected":false},"excerpt":{"rendered":"<p>Gece koyu bir duman gibi y\u00fckseliyor, ovalarla vadiler birbirinden ay\u0131rt edilmiyordu. K\u00f6y yava\u015f yava\u015f bir \u0131\u015f\u0131k k\u00fcmesi halini al\u0131yordu. \u00dc\u00e7 pilot, ald\u0131klar\u0131 y\u00fcklerini g\u00f6t\u00fcrmek \u00fczere havalanm\u0131\u015flard\u0131<span class=\"excerpt-hellip\"> [\u2026]<\/span><\/p>\n","protected":false},"featured_media":0,"template":"","meta":{"_monsterinsights_skip_tracking":false,"_monsterinsights_sitenote_active":false,"_monsterinsights_sitenote_note":"","_monsterinsights_sitenote_category":0},"product_brand":[],"product_cat":[12291,12711],"product_tag":[],"class_list":{"0":"post-712992","1":"product","2":"type-product","3":"status-publish","5":"product_cat-edebiyat","6":"product_cat-roman-oyku","7":"pa_cilt-ciltsiz","8":"pa_tur-kitap","9":"pa_yayinevi-dokuz-yayinlari","10":"pa_yazar-antoine-de-saint-exupery","12":"first","13":"instock","14":"sale","15":"shipping-taxable","16":"purchasable","17":"product-type-simple"},"_links":{"self":[{"href":"https:\/\/roveyayinevi.com.tr\/index.php\/wp-json\/wp\/v2\/product\/712992","targetHints":{"allow":["GET"]}}],"collection":[{"href":"https:\/\/roveyayinevi.com.tr\/index.php\/wp-json\/wp\/v2\/product"}],"about":[{"href":"https:\/\/roveyayinevi.com.tr\/index.php\/wp-json\/wp\/v2\/types\/product"}],"wp:attachment":[{"href":"https:\/\/roveyayinevi.com.tr\/index.php\/wp-json\/wp\/v2\/media?parent=712992"}],"wp:term":[{"taxonomy":"product_brand","embeddable":true,"href":"https:\/\/roveyayinevi.com.tr\/index.php\/wp-json\/wp\/v2\/product_brand?post=712992"},{"taxonomy":"product_cat","embeddable":true,"href":"https:\/\/roveyayinevi.com.tr\/index.php\/wp-json\/wp\/v2\/product_cat?post=712992"},{"taxonomy":"product_tag","embeddable":true,"href":"https:\/\/roveyayinevi.com.tr\/index.php\/wp-json\/wp\/v2\/product_tag?post=712992"}],"curies":[{"name":"wp","href":"https:\/\/api.w.org\/{rel}","templated":true}]}}