{"id":712991,"date":"2025-08-27T17:02:29","date_gmt":"2025-08-27T14:02:29","guid":{"rendered":"https:\/\/roveyayinevi.com.tr\/index.php\/urun\/nereye-bakarsan-bak-allah-orada\/"},"modified":"2026-04-16T02:21:39","modified_gmt":"2026-04-15T23:21:39","slug":"nereye-bakarsan-bak-allah-orada","status":"publish","type":"product","link":"https:\/\/roveyayinevi.com.tr\/index.php\/urun\/nereye-bakarsan-bak-allah-orada\/","title":{"rendered":"Nereye Bakarsan Bak Allah Orada"},"content":{"rendered":"<p>Aynaya bak, ne zaman kendini g\u00f6rmezsen bil ki \u00f6z\u00fcndesin. * Bu kitap, kendi i\u00e7inde kaybolanlar\u0131n Allah yolunda kendilerini bulmalar\u0131na yard\u0131mc\u0131 olmak i\u00e7in yaz\u0131ld\u0131. Tanr\u0131 Allah\u2019\u0131n Neresinde adl\u0131 ilk kitab\u0131yla bir\u00e7ok okurumuzun yak\u0131ndan tan\u0131d\u0131\u011f\u0131 Murat Tulga Buyruk, okurlar\u0131n\u0131 yine kuantum yoluyla tasavvuf bilincine eri\u015fmeye \u00e7a\u011f\u0131r\u0131yor.  * Her birey kendi d\u00fc\u015f\u00fcncesidir. D\u00fc\u015f\u00fcnce, her an bir sonraki \u00e2n\u0131 olu\u015fturan ve madde alg\u0131s\u0131n\u0131 yaratand\u0131r. D\u0131\u015far\u0131da hi\u00e7bir \u015fey yoktur. Hepsi beyninde zannetti\u011fin bilincindeki d\u00fc\u015f\u00fcncelerin hologramdaki yans\u0131malar\u0131d\u0131r.  Beynine bakt\u0131\u011f\u0131nda bilinci ve bilin\u00e7teki d\u00fc\u015f\u00fcnceleri g\u00f6remezsin, peki bilincin nerededir? Her yerde.  Bakara Suresi 115. ayette, \u201cMa\u015frik de ma\u011frip de Allah&#8217;a aittir! Ne yana d\u00f6nersen Allah&#8217;\u0131n vechi; sureti kar\u015f\u0131ndad\u0131r. Muhakkak ki Allah t\u00fcm varl\u0131\u011f\u0131 kapsar ve ilim sahibidir,\u201d der.   Ki\u015fi ister cennet nimetleriyle me\u015fgul olsun ister cehennem azab\u0131yla kafas\u0131n\u0131 me\u015fgul etsin, her durumda bu i\u015fin hakikatinden perdelenmektedir. Bu y\u00fczden denmi\u015ftir ki: \u201cCennet ehli cennetle me\u015fguld\u00fcr; azap ehli ate\u015fle me\u015fguld\u00fcr! Sen ise \u201cAllah\u201d ile me\u015fgul ol!\u201d  * \u201cKuantum teorisi kar\u015f\u0131s\u0131nda \u015fa\u015fk\u0131nl\u0131\u011fa u\u011framayanlar bu teoriyi anlamam\u0131\u015flar demektir.\u201d &#8211; Richard Feynman <\/p>\n","protected":false},"excerpt":{"rendered":"<p>Aynaya bak, ne zaman kendini g\u00f6rmezsen bil ki \u00f6z\u00fcndesin. * Bu kitap, kendi i\u00e7inde kaybolanlar\u0131n Allah yolunda kendilerini bulmalar\u0131na yard\u0131mc\u0131 olmak i\u00e7in yaz\u0131ld\u0131. Tanr\u0131 Allah\u2019\u0131n Neresinde<span class=\"excerpt-hellip\"> [\u2026]<\/span><\/p>\n","protected":false},"featured_media":0,"template":"","meta":{"_monsterinsights_skip_tracking":false,"_monsterinsights_sitenote_active":false,"_monsterinsights_sitenote_note":"","_monsterinsights_sitenote_category":0},"product_brand":[],"product_cat":[12718,12719,15238],"product_tag":[],"class_list":{"0":"post-712991","1":"product","2":"type-product","3":"status-publish","5":"product_cat-din","6":"product_cat-islam","7":"product_cat-tasavvuf","8":"pa_cilt-ciltsiz","9":"pa_tur-kitap","10":"pa_yayinevi-nemesis-kitap","11":"pa_yazar-murat-tulga-buyruk","13":"first","14":"instock","15":"sale","16":"shipping-taxable","17":"purchasable","18":"product-type-simple"},"_links":{"self":[{"href":"https:\/\/roveyayinevi.com.tr\/index.php\/wp-json\/wp\/v2\/product\/712991","targetHints":{"allow":["GET"]}}],"collection":[{"href":"https:\/\/roveyayinevi.com.tr\/index.php\/wp-json\/wp\/v2\/product"}],"about":[{"href":"https:\/\/roveyayinevi.com.tr\/index.php\/wp-json\/wp\/v2\/types\/product"}],"wp:attachment":[{"href":"https:\/\/roveyayinevi.com.tr\/index.php\/wp-json\/wp\/v2\/media?parent=712991"}],"wp:term":[{"taxonomy":"product_brand","embeddable":true,"href":"https:\/\/roveyayinevi.com.tr\/index.php\/wp-json\/wp\/v2\/product_brand?post=712991"},{"taxonomy":"product_cat","embeddable":true,"href":"https:\/\/roveyayinevi.com.tr\/index.php\/wp-json\/wp\/v2\/product_cat?post=712991"},{"taxonomy":"product_tag","embeddable":true,"href":"https:\/\/roveyayinevi.com.tr\/index.php\/wp-json\/wp\/v2\/product_tag?post=712991"}],"curies":[{"name":"wp","href":"https:\/\/api.w.org\/{rel}","templated":true}]}}