{"id":712990,"date":"2025-08-27T17:02:28","date_gmt":"2025-08-27T14:02:28","guid":{"rendered":"https:\/\/roveyayinevi.com.tr\/index.php\/urun\/cografya-mahkumlari\/"},"modified":"2026-04-16T02:21:39","modified_gmt":"2026-04-15T23:21:39","slug":"cografya-mahkumlari","status":"publish","type":"product","link":"https:\/\/roveyayinevi.com.tr\/index.php\/urun\/cografya-mahkumlari\/","title":{"rendered":"Co\u011frafya Mahkumlar\u0131"},"content":{"rendered":"<p>ARTIK POL\u0130T\u0130K HER \u015eEY\u0130N BA\u015eINA \u201cJEO-\u201d TAKISINI GER\u0130 GET\u0130RMEN\u0130N ZAMANI. \u201cJeopolitik \u00fczerine yaz\u0131lm\u0131\u015f en iyi kitaplardan biri, okurken zihninizde adeta yeni bir \u0131\u015f\u0131k yanacak.\u201d Evening Standard \u201cMarshall zor sorular sormaktan ve bunlara cevap bulmaktan \u00e7ekinmiyor.\u201d Newsweek \u201cG\u00fcn\u00fcm\u00fcz d\u0131\u015f siyasetindeki zorluklar\u0131n perde arkas\u0131ndaki jeopolitik etmenlere taze ve \u00f6zg\u00fcn bir bak\u0131\u015f a\u00e7\u0131s\u0131.\u201d Andrew Neil \u201cK\u00fcresel jeopolitik dinamiklere temel ve kapsaml\u0131 a\u00e7\u0131klamalar getiriyor.\u201d Dr. Sajjan M. Gohel Co\u011frafi \u015fartlar t\u00fcm liderleri k\u0131s\u0131tlar. Siyasi ve diplomatik tercihler, da\u011flar, nehirler, denizler ve binalarla \u015fekillenir. Evet, k\u00fcresel olaylar\u0131 takip etmek i\u00e7in insanlar\u0131, fikirleri ve eylemleri anlamal\u0131s\u0131n\u0131z, ama co\u011frafi \u015fartlardan haberiniz yoksa resmin b\u00fct\u00fcn\u00fcn\u00fc asla g\u00f6remezsiniz.\u2022 Putin neden K\u0131r\u0131m\u2019a tak\u0131nt\u0131l\u0131? \u2022 ABD\u2019nin k\u00fcresel g\u00fc\u00e7 olmas\u0131 kader miydi? \u2022 \u00c7in\u2019in stratejik oda\u011f\u0131 neden d\u0131\u015far\u0131ya kay\u0131yor? \u2022 Avrupa bir g\u00fcn ger\u00e7ekten tam bir birlik olabilecek mi? \u2022 Arap Bahar\u0131\u2019n\u0131n Orta Do\u011fu i\u00e7in anlam\u0131 neydi? Co\u011frafya Mahkumlar\u0131 ge\u00e7mi\u015fi, g\u00fcn\u00fcm\u00fcz\u00fc ve gelece\u011fi dikkate alarak, d\u00fcnya tarihini belirleyen en \u00f6nemli fakt\u00f6rlerden birini vurguluyor. <\/p>\n","protected":false},"excerpt":{"rendered":"<p>ARTIK POL\u0130T\u0130K HER \u015eEY\u0130N BA\u015eINA \u201cJEO-\u201d TAKISINI GER\u0130 GET\u0130RMEN\u0130N ZAMANI. \u201cJeopolitik \u00fczerine yaz\u0131lm\u0131\u015f en iyi kitaplardan biri, okurken zihninizde adeta yeni bir \u0131\u015f\u0131k yanacak.\u201d Evening Standard<span class=\"excerpt-hellip\"> [\u2026]<\/span><\/p>\n","protected":false},"featured_media":0,"template":"","meta":{"_monsterinsights_skip_tracking":false,"_monsterinsights_sitenote_active":false,"_monsterinsights_sitenote_note":"","_monsterinsights_sitenote_category":0},"product_brand":[],"product_cat":[12312,12304],"product_tag":[],"class_list":{"0":"post-712990","1":"product","2":"type-product","3":"status-publish","5":"product_cat-diger","6":"product_cat-tarih","7":"pa_cilt-ciltsiz","8":"pa_tur-kitap","9":"pa_yayinevi-epsilon-yayinlari","10":"pa_yazar-tim-marshall","12":"first","13":"instock","14":"sale","15":"shipping-taxable","16":"purchasable","17":"product-type-simple"},"_links":{"self":[{"href":"https:\/\/roveyayinevi.com.tr\/index.php\/wp-json\/wp\/v2\/product\/712990","targetHints":{"allow":["GET"]}}],"collection":[{"href":"https:\/\/roveyayinevi.com.tr\/index.php\/wp-json\/wp\/v2\/product"}],"about":[{"href":"https:\/\/roveyayinevi.com.tr\/index.php\/wp-json\/wp\/v2\/types\/product"}],"wp:attachment":[{"href":"https:\/\/roveyayinevi.com.tr\/index.php\/wp-json\/wp\/v2\/media?parent=712990"}],"wp:term":[{"taxonomy":"product_brand","embeddable":true,"href":"https:\/\/roveyayinevi.com.tr\/index.php\/wp-json\/wp\/v2\/product_brand?post=712990"},{"taxonomy":"product_cat","embeddable":true,"href":"https:\/\/roveyayinevi.com.tr\/index.php\/wp-json\/wp\/v2\/product_cat?post=712990"},{"taxonomy":"product_tag","embeddable":true,"href":"https:\/\/roveyayinevi.com.tr\/index.php\/wp-json\/wp\/v2\/product_tag?post=712990"}],"curies":[{"name":"wp","href":"https:\/\/api.w.org\/{rel}","templated":true}]}}