{"id":712989,"date":"2025-08-27T17:02:28","date_gmt":"2025-08-27T14:02:28","guid":{"rendered":"https:\/\/roveyayinevi.com.tr\/index.php\/urun\/teneke-uygarligi\/"},"modified":"2026-04-16T02:21:39","modified_gmt":"2026-04-15T23:21:39","slug":"teneke-uygarligi","status":"publish","type":"product","link":"https:\/\/roveyayinevi.com.tr\/index.php\/urun\/teneke-uygarligi\/","title":{"rendered":"Teneke Uygarl\u0131\u011f\u0131"},"content":{"rendered":"<p>Hizmetkar olan teknoloji efendiye d\u00f6n\u00fc\u015f\u00fcrse\u2026 Bayan Pimpirik adl\u0131 eseriyle &#8220;2012 Tudem Edebiyat \u00d6d\u00fclleri \u00d6yk\u00fc Yar\u0131\u015fmas\u0131&#8221;nda birincili\u011fe de\u011fer g\u00f6r\u00fclen \u0130clal Dikici&#8217;den, cesur bir ilk roman. Teneke Uygarl\u0131\u011f\u0131, insan eliyle yarat\u0131lan teknolojinin, nas\u0131l zamanla insan\u0131n kendisini esir alabilece\u011fini anlat\u0131yor.    Teneke Uygarl\u0131\u011f\u0131, dokuz ya\u015f ve \u00fczeri okurlar\u0131n dikkatini gelir e\u015fitsizli\u011fi, temel hak ve \u00f6zg\u00fcrl\u00fckler gibi g\u00fcncel toplumsal konulara \u00e7ekiyor.Bamba\u015fka d\u00fcnyalar\u0131n \u00e7ocuklar\u0131 olan Atila ve Defne\u2019nin hayatlar\u0131, her cumartesi g\u00fcn\u00fc g\u00f6z g\u00f6ze geldikleri d\u00f6rt yol a\u011fz\u0131nda bir \u00e7\u0131kmaza girer. K\u0131rm\u0131z\u0131 araban\u0131n ani duru\u015fuyla ba\u015flayan \u2018zincirleme duru\u015flar\u2019 y\u00fczlerce arac\u0131 pe\u015fi s\u0131ra s\u00fcr\u00fckleyerek, yepyeni bir ya\u015fam bi\u00e7imini, Otokent\u2019i olu\u015fturur. \u00c7ok ge\u00e7meden bu s\u0131rad\u0131\u015f\u0131 kenti y\u00f6netmesi i\u00e7in bir ba\u015fkan se\u00e7ilir. Arabalar\u0131n \u00fcst \u00fcste y\u0131\u011f\u0131lmas\u0131yla g\u00f6ky\u00fcz\u00fcne y\u00fckselen devasa oto-g\u00f6kdelenler Otokent\u2019i giderek ya\u015fanmaz bir yere d\u00f6n\u00fc\u015ft\u00fcr\u00fcr. Ba\u015fkan\u0131n, on ya\u015f ve \u00fczerindeki ara\u00e7lar\u0131 hurdal\u0131\u011fa \u00e7ektirme karar\u0131 yak\u0131nda ger\u00e7ekle\u015fecek felaketlerin habercisidir. Toplumdaki ayr\u0131\u015fma y\u00fcz\u00fcnden i\u00e7ten i\u00e7e kaynamaya ba\u015flayan Otokent sakinlerinin yapt\u0131klar\u0131 hatalar\u0131n bedeli a\u011f\u0131r olacakt\u0131r\u2026 Mevcut sistemi ele\u015ftirirken, gelecekte insanlar\u0131n teknolojiye mahkum olacaklar\u0131 \u00f6ng\u00f6r\u00fcs\u00fcnde bulunan \u0130clal Dikici, kurguda araya giren \u00fcst anlat\u0131c\u0131n\u0131n payla\u015f\u0131mlar\u0131yla hem g\u00fcld\u00fcr\u00fcyor hem de d\u00fc\u015f\u00fcnd\u00fcr\u00fcyor.  Bilim kurgu ve fantastik \u00f6\u011felerden beslenen Teneke Uygarl\u0131\u011f\u0131, iktidar h\u0131rs\u0131na vurgu yaparken, birilerinin cennet sayd\u0131\u011f\u0131 topraklar\u0131n, di\u011ferleri i\u00e7in nas\u0131l bir cehenneme d\u00f6n\u00fc\u015febilece\u011fini g\u00f6zler \u00f6n\u00fcne seriyor. <\/p>\n","protected":false},"excerpt":{"rendered":"<p>Hizmetkar olan teknoloji efendiye d\u00f6n\u00fc\u015f\u00fcrse\u2026 Bayan Pimpirik adl\u0131 eseriyle &#8220;2012 Tudem Edebiyat \u00d6d\u00fclleri \u00d6yk\u00fc Yar\u0131\u015fmas\u0131&#8221;nda birincili\u011fe de\u011fer g\u00f6r\u00fclen \u0130clal Dikici&#8217;den, cesur bir ilk roman. Teneke Uygarl\u0131\u011f\u0131,<span class=\"excerpt-hellip\"> [\u2026]<\/span><\/p>\n","protected":false},"featured_media":0,"template":"","meta":{"_monsterinsights_skip_tracking":false,"_monsterinsights_sitenote_active":false,"_monsterinsights_sitenote_note":"","_monsterinsights_sitenote_category":0},"product_brand":[],"product_cat":[12275,12274],"product_tag":[],"class_list":{"0":"post-712989","1":"product","2":"type-product","3":"status-publish","5":"product_cat-6-12-yas-kitaplari","6":"product_cat-cocuk-ve-genclik-kitaplari","7":"pa_cilt-ciltsiz","8":"pa_tur-kitap","9":"pa_yayinevi-tudem-yayinlari","10":"pa_yazar-iclal-dikici","12":"first","13":"instock","14":"sale","15":"shipping-taxable","16":"purchasable","17":"product-type-simple"},"_links":{"self":[{"href":"https:\/\/roveyayinevi.com.tr\/index.php\/wp-json\/wp\/v2\/product\/712989","targetHints":{"allow":["GET"]}}],"collection":[{"href":"https:\/\/roveyayinevi.com.tr\/index.php\/wp-json\/wp\/v2\/product"}],"about":[{"href":"https:\/\/roveyayinevi.com.tr\/index.php\/wp-json\/wp\/v2\/types\/product"}],"wp:attachment":[{"href":"https:\/\/roveyayinevi.com.tr\/index.php\/wp-json\/wp\/v2\/media?parent=712989"}],"wp:term":[{"taxonomy":"product_brand","embeddable":true,"href":"https:\/\/roveyayinevi.com.tr\/index.php\/wp-json\/wp\/v2\/product_brand?post=712989"},{"taxonomy":"product_cat","embeddable":true,"href":"https:\/\/roveyayinevi.com.tr\/index.php\/wp-json\/wp\/v2\/product_cat?post=712989"},{"taxonomy":"product_tag","embeddable":true,"href":"https:\/\/roveyayinevi.com.tr\/index.php\/wp-json\/wp\/v2\/product_tag?post=712989"}],"curies":[{"name":"wp","href":"https:\/\/api.w.org\/{rel}","templated":true}]}}