{"id":712987,"date":"2025-08-27T17:02:27","date_gmt":"2025-08-27T14:02:27","guid":{"rendered":"https:\/\/roveyayinevi.com.tr\/index.php\/urun\/otomatik-musteri-karli-bir-abonelik-isi-kurmak\/"},"modified":"2026-04-16T02:21:39","modified_gmt":"2026-04-15T23:21:39","slug":"otomatik-musteri-karli-bir-abonelik-isi-kurmak","status":"publish","type":"product","link":"https:\/\/roveyayinevi.com.tr\/index.php\/urun\/otomatik-musteri-karli-bir-abonelik-isi-kurmak\/","title":{"rendered":"Otomatik M\u00fc\u015fteri Karl\u0131 Bir Abonelik \u0130\u015fi Kurmak"},"content":{"rendered":"<p>\u0130\u015finizin can damar\u0131 s\u00fcrekli m\u00fc\u015fterilerdir. Ancak m\u00fc\u015fteriler vefas\u0131z \u00e7\u0131kabilir, piyasalar \u00e7alkalanabilir ve hepimizin bildi\u011fi \u00fczere rakipler her zaman ac\u0131mas\u0131zd\u0131r. Peki b\u00f6yle bir d\u00fcnyada i\u015finizin gelece\u011fini nas\u0131l kurtaracaks\u0131n\u0131z? Cevap basit: Otomatik m\u00fc\u015fterileri bulup onlarla iyi ge\u00e7inerek! Bug\u00fcnlerde hemen her hizmeti abonelik yoluyla alabiliyoruz. K\u00fclt\u00fcr \u00fcr\u00fcnleri ba\u015fta olmak \u00fczere, ihtiyac\u0131m\u0131z olan hemen her \u015feye, \u00f6dedi\u011fimiz ayl\u0131k mebla\u011flar kar\u015f\u0131l\u0131\u011f\u0131nda sorunsuzca ula\u015f\u0131yoruz. \u00d6yle ki art\u0131k bir \u201cabonelik ekonomisi\u201dnden s\u00f6z edebiliriz\u2026 Bu yeni ekonomi \u015firketlere m\u00fc\u015fterilerini abonelere d\u00f6n\u00fc\u015ft\u00fcrme yolunda cazip f\u0131rsatlar sunuyor. Art\u0131k birer abone haline gelmi\u015f olan \u201cotomatik m\u00fc\u015fteriler\u201d  nakit ak\u0131\u015f\u0131n\u0131 art\u0131r\u0131yor, b\u00fcy\u00fcmeyi ate\u015fliyor ve \u015firketin de\u011ferini olanca g\u00fcc\u00fcyle art\u0131r\u0131yor. Herhangi bir sekt\u00f6re veya \u015firkete uygun olabilecek 9 ayr\u0131 abonelik modeli sunan yazar Warrillow, abonelik satman\u0131n psikolojisinden ve m\u00fc\u015fteri kayb\u0131n\u0131 azaltman\u0131n yollar\u0131ndan bahsetmeyi de ihmal etmiyor. Otomatik M\u00fc\u015fteri, yeni yeni parlayan abonelik ekonomisinde sa\u011flam bir yer edinmenizi sa\u011flayacak! <\/p>\n","protected":false},"excerpt":{"rendered":"<p>\u0130\u015finizin can damar\u0131 s\u00fcrekli m\u00fc\u015fterilerdir. Ancak m\u00fc\u015fteriler vefas\u0131z \u00e7\u0131kabilir, piyasalar \u00e7alkalanabilir ve hepimizin bildi\u011fi \u00fczere rakipler her zaman ac\u0131mas\u0131zd\u0131r. Peki b\u00f6yle bir d\u00fcnyada i\u015finizin gelece\u011fini nas\u0131l<span class=\"excerpt-hellip\"> [\u2026]<\/span><\/p>\n","protected":false},"featured_media":0,"template":"","meta":{"_monsterinsights_skip_tracking":false,"_monsterinsights_sitenote_active":false,"_monsterinsights_sitenote_note":"","_monsterinsights_sitenote_category":0},"product_brand":[],"product_cat":[13043,17647],"product_tag":[],"class_list":{"0":"post-712987","1":"product","2":"type-product","3":"status-publish","5":"product_cat-ekonomi","6":"product_cat-is-dunyasi","7":"pa_cilt-ciltsiz","8":"pa_tur-kitap","9":"pa_yayinevi-mediacat-kitaplari","10":"pa_yazar-john-warillow","12":"first","13":"instock","14":"sale","15":"shipping-taxable","16":"purchasable","17":"product-type-simple"},"_links":{"self":[{"href":"https:\/\/roveyayinevi.com.tr\/index.php\/wp-json\/wp\/v2\/product\/712987","targetHints":{"allow":["GET"]}}],"collection":[{"href":"https:\/\/roveyayinevi.com.tr\/index.php\/wp-json\/wp\/v2\/product"}],"about":[{"href":"https:\/\/roveyayinevi.com.tr\/index.php\/wp-json\/wp\/v2\/types\/product"}],"wp:attachment":[{"href":"https:\/\/roveyayinevi.com.tr\/index.php\/wp-json\/wp\/v2\/media?parent=712987"}],"wp:term":[{"taxonomy":"product_brand","embeddable":true,"href":"https:\/\/roveyayinevi.com.tr\/index.php\/wp-json\/wp\/v2\/product_brand?post=712987"},{"taxonomy":"product_cat","embeddable":true,"href":"https:\/\/roveyayinevi.com.tr\/index.php\/wp-json\/wp\/v2\/product_cat?post=712987"},{"taxonomy":"product_tag","embeddable":true,"href":"https:\/\/roveyayinevi.com.tr\/index.php\/wp-json\/wp\/v2\/product_tag?post=712987"}],"curies":[{"name":"wp","href":"https:\/\/api.w.org\/{rel}","templated":true}]}}