{"id":712985,"date":"2025-08-27T17:02:26","date_gmt":"2025-08-27T14:02:26","guid":{"rendered":"https:\/\/roveyayinevi.com.tr\/index.php\/urun\/catlak-cetin-dunyaya-gelis\/"},"modified":"2026-04-15T02:28:28","modified_gmt":"2026-04-14T23:28:28","slug":"catlak-cetin-dunyaya-gelis","status":"publish","type":"product","link":"https:\/\/roveyayinevi.com.tr\/index.php\/urun\/catlak-cetin-dunyaya-gelis\/","title":{"rendered":"\u00c7atlak \u00c7etin &#8211; D\u00fcnyaya Geli\u015f"},"content":{"rendered":"<p>Olay Luna Gezegeni\u2019nde ge\u00e7mektedir. Bir ejderha ara\u015ft\u0131rmac\u0131s\u0131 olan Pedro\u2019nun en b\u00fcy\u00fck hayali Pit B\u00f6lgesi\u2019nde ba\u015fkan olmakt\u0131r. Ancak bunun i\u00e7in paraya ihtiyac\u0131 vard\u0131r. Ejderhas\u0131 zorla elinden al\u0131nan Simon, bunu \u00e7ok iyi bilmektedir. Kendi \u0131rk\u0131na kar\u015f\u0131 kin ve \u00f6fke dolu olan Simon, gizli mektuplarla Pedro\u2019ya istediklerini yapt\u0131rmaya ba\u015flar. Pedro ve Simon i\u00e7in ba\u015fta i\u015fler iyi gitse de, Pedro\u2019unn adamlar\u0131ndan birinin Ba\u015fkan Athos\u2019un yak\u0131n adamlar\u0131ndan Arthur\u2019u \u00f6ld\u00fcrmesiyle s\u0131k\u0131nt\u0131ya girer.   Olay\u0131n \u00fczerine gitmemesi i\u00e7in ba\u015fkan\u0131n bebe\u011fini ka\u00e7\u0131rmak zorunda kalan Pedro, y\u0131llar sonra amac\u0131na ula\u015f\u0131r ve ba\u015fkan yard\u0131mc\u0131s\u0131 olur. Bu arada Arthur\u2019un o\u011flu Ron ve ara\u015ft\u0131rmac\u0131 Dr. Martin, Pedro\u2019ya ait e\u015fssiz de\u011ferdeki ejderha yumurtas\u0131n\u0131n alarak bilmeden de olsa eski defteri yeniden a\u00e7arlar\u2026 <\/p>\n","protected":false},"excerpt":{"rendered":"<p>Olay Luna Gezegeni\u2019nde ge\u00e7mektedir. Bir ejderha ara\u015ft\u0131rmac\u0131s\u0131 olan Pedro\u2019nun en b\u00fcy\u00fck hayali Pit B\u00f6lgesi\u2019nde ba\u015fkan olmakt\u0131r. Ancak bunun i\u00e7in paraya ihtiyac\u0131 vard\u0131r. Ejderhas\u0131 zorla elinden al\u0131nan<span class=\"excerpt-hellip\"> [\u2026]<\/span><\/p>\n","protected":false},"featured_media":0,"template":"","meta":{"_monsterinsights_skip_tracking":false,"_monsterinsights_sitenote_active":false,"_monsterinsights_sitenote_note":"","_monsterinsights_sitenote_category":0},"product_brand":[],"product_cat":[12274,12284],"product_tag":[],"class_list":{"0":"post-712985","1":"product","2":"type-product","3":"status-publish","5":"product_cat-cocuk-ve-genclik-kitaplari","6":"product_cat-hikayeler","7":"pa_cilt-ciltsiz","8":"pa_tur-kitap","9":"pa_yayinevi-pembe-limon","10":"pa_yazar-zekeriya-ulasli","12":"first","13":"instock","14":"sale","15":"shipping-taxable","16":"purchasable","17":"product-type-simple"},"_links":{"self":[{"href":"https:\/\/roveyayinevi.com.tr\/index.php\/wp-json\/wp\/v2\/product\/712985","targetHints":{"allow":["GET"]}}],"collection":[{"href":"https:\/\/roveyayinevi.com.tr\/index.php\/wp-json\/wp\/v2\/product"}],"about":[{"href":"https:\/\/roveyayinevi.com.tr\/index.php\/wp-json\/wp\/v2\/types\/product"}],"wp:attachment":[{"href":"https:\/\/roveyayinevi.com.tr\/index.php\/wp-json\/wp\/v2\/media?parent=712985"}],"wp:term":[{"taxonomy":"product_brand","embeddable":true,"href":"https:\/\/roveyayinevi.com.tr\/index.php\/wp-json\/wp\/v2\/product_brand?post=712985"},{"taxonomy":"product_cat","embeddable":true,"href":"https:\/\/roveyayinevi.com.tr\/index.php\/wp-json\/wp\/v2\/product_cat?post=712985"},{"taxonomy":"product_tag","embeddable":true,"href":"https:\/\/roveyayinevi.com.tr\/index.php\/wp-json\/wp\/v2\/product_tag?post=712985"}],"curies":[{"name":"wp","href":"https:\/\/api.w.org\/{rel}","templated":true}]}}