{"id":712984,"date":"2025-08-27T17:02:25","date_gmt":"2025-08-27T14:02:25","guid":{"rendered":"https:\/\/roveyayinevi.com.tr\/index.php\/urun\/catlak-cetin-yumurtanin-gizemi\/"},"modified":"2026-04-15T02:28:28","modified_gmt":"2026-04-14T23:28:28","slug":"catlak-cetin-yumurtanin-gizemi","status":"publish","type":"product","link":"https:\/\/roveyayinevi.com.tr\/index.php\/urun\/catlak-cetin-yumurtanin-gizemi\/","title":{"rendered":"\u00c7atlak \u00c7etin &#8211; Yumurtan\u0131n Gizemi"},"content":{"rendered":"<p>Kahraman\u0131m\u0131z \u00c7atlak \u00c7etin\u2019in D\u00fcnya\u2019ya b\u0131rak\u0131lmas\u0131yla D\u00fcnya\u2019ya ta\u015f\u0131nan olay, kendini bilime adam\u0131\u015f Dr. Martin ve ekibinin fark\u0131nda olmadan Pedro\u2019ya ait ejderha yumurtas\u0131n\u0131 almas\u0131yla farkl\u0131 bir boyut kazan\u0131r\u2026 Yumurtay\u0131 alan Santos\u2019un D\u00fcnya\u2019ya y\u00f6nelmesiyle pe\u015fine d\u00fc\u015fen Pedro\u2019nun adam\u0131 David\u2019in m\u00fccadelesi feci bir sonla bitmi\u015f, Santos\u2019un gemisi yanm\u0131\u015ft\u0131r. Yaln\u0131z Santos\u2019un  son bir gayretle a\u015fa\u011f\u0131 att\u0131\u011f\u0131 yumurta kahraman\u0131m\u0131z \u00c7atlak \u00c7etin\u2019in evlerinin avlusuna d\u00fc\u015fm\u00fc\u015ft\u00fcr\u2026   Bulduklar\u0131 bu ilgin\u00e7 yumurtay\u0131 merak edip kulu\u00e7ka makinesinde \u00e7\u0131karmak isteyen \u00c7atlak \u00c7etin ve arkada\u015flar\u0131n\u0131n, Tosuncuklar \u00c7etesi ve Uzayl\u0131 David\u2019le m\u00fccadelesine bazen g\u00fcl\u00fcp bazen k\u0131zacak, kaba g\u00fcc\u00fcn bir yere kadar oldu\u011funa tan\u0131k olacaks\u0131n\u0131z\u2026   Ba\u015f\u0131ndan sonuna kadar soluksuz okuyaca\u011f\u0131n\u0131z bu kitab\u0131n son b\u00f6l\u00fcm\u00fcnde Pedro, Simon ve Dr. Martin kozlar\u0131n\u0131 payla\u015facak, \u00c7atlak \u00c7etin babas\u0131 Athos\u2019a kavu\u015facakt\u0131r. <\/p>\n","protected":false},"excerpt":{"rendered":"<p>Kahraman\u0131m\u0131z \u00c7atlak \u00c7etin\u2019in D\u00fcnya\u2019ya b\u0131rak\u0131lmas\u0131yla D\u00fcnya\u2019ya ta\u015f\u0131nan olay, kendini bilime adam\u0131\u015f Dr. Martin ve ekibinin fark\u0131nda olmadan Pedro\u2019ya ait ejderha yumurtas\u0131n\u0131 almas\u0131yla farkl\u0131 bir boyut kazan\u0131r\u2026<span class=\"excerpt-hellip\"> [\u2026]<\/span><\/p>\n","protected":false},"featured_media":0,"template":"","meta":{"_monsterinsights_skip_tracking":false,"_monsterinsights_sitenote_active":false,"_monsterinsights_sitenote_note":"","_monsterinsights_sitenote_category":0},"product_brand":[],"product_cat":[12274,12284],"product_tag":[],"class_list":{"0":"post-712984","1":"product","2":"type-product","3":"status-publish","5":"product_cat-cocuk-ve-genclik-kitaplari","6":"product_cat-hikayeler","7":"pa_cilt-ciltsiz","8":"pa_tur-kitap","9":"pa_yayinevi-pembe-limon","10":"pa_yazar-zekeriya-ulasli","12":"first","13":"instock","14":"sale","15":"shipping-taxable","16":"purchasable","17":"product-type-simple"},"_links":{"self":[{"href":"https:\/\/roveyayinevi.com.tr\/index.php\/wp-json\/wp\/v2\/product\/712984","targetHints":{"allow":["GET"]}}],"collection":[{"href":"https:\/\/roveyayinevi.com.tr\/index.php\/wp-json\/wp\/v2\/product"}],"about":[{"href":"https:\/\/roveyayinevi.com.tr\/index.php\/wp-json\/wp\/v2\/types\/product"}],"wp:attachment":[{"href":"https:\/\/roveyayinevi.com.tr\/index.php\/wp-json\/wp\/v2\/media?parent=712984"}],"wp:term":[{"taxonomy":"product_brand","embeddable":true,"href":"https:\/\/roveyayinevi.com.tr\/index.php\/wp-json\/wp\/v2\/product_brand?post=712984"},{"taxonomy":"product_cat","embeddable":true,"href":"https:\/\/roveyayinevi.com.tr\/index.php\/wp-json\/wp\/v2\/product_cat?post=712984"},{"taxonomy":"product_tag","embeddable":true,"href":"https:\/\/roveyayinevi.com.tr\/index.php\/wp-json\/wp\/v2\/product_tag?post=712984"}],"curies":[{"name":"wp","href":"https:\/\/api.w.org\/{rel}","templated":true}]}}