{"id":712980,"date":"2025-08-27T17:02:23","date_gmt":"2025-08-27T14:02:23","guid":{"rendered":"https:\/\/roveyayinevi.com.tr\/index.php\/urun\/esek-nasil-kral-oldu\/"},"modified":"2026-04-16T02:21:39","modified_gmt":"2026-04-15T23:21:39","slug":"esek-nasil-kral-oldu","status":"publish","type":"product","link":"https:\/\/roveyayinevi.com.tr\/index.php\/urun\/esek-nasil-kral-oldu\/","title":{"rendered":"E\u015fek Nas\u0131l Kral Oldu?"},"content":{"rendered":"<p>\u00c7ok sevgili okur!Masallar\u0131n g\u00fcc\u00fc ola\u011fan ile ola\u011fan\u00fcst\u00fcy\u00fc, ger\u00e7ekle hayali bulu\u015fturmalar\u0131ndan kaynaklan\u0131r. Masallar\u0131n sevilme nedeni, \u00e7ok zengin bir d\u00fcnyada ger\u00e7ekle\u015fmi\u015f olmalar\u0131d\u0131r. Masallar\u0131n do\u011fas\u0131 \u00e7ocuklara yeti\u015fkinlerden daha yak\u0131nd\u0131r. \u00c7ocuklar aslanla tav\u015fan\u0131n veya karga ile tilkinin ger\u00e7ekten konu\u015famayaca\u011f\u0131n\u0131 bilir. \u00c7ocuklar\u0131n masallar\u0131 sevme nedeni ise ola\u011fan\u00fcst\u00fc olaylara ve kahramanlara ihtiya\u00e7 duymalar\u0131ndan kaynaklan\u0131r. Mustafa Ruhi \u015eirin\u2019in \u015fiirsel bir dille yeniden yazd\u0131\u011f\u0131, Erdo\u011fan O\u011fultekin\u2019in resimledi\u011fi masallar sizi bekliyor&#8230;Masallar\u0131n ge\u00e7mi\u015f zamanlarda ya\u015fand\u0131\u011f\u0131 kabul edilse de masal hi\u00e7bir zaman eskimez. \u00c7\u00fcnk\u00fc masallar\u0131n kozas\u0131 hayalle \u00f6r\u00fclm\u00fc\u015ft\u00fcr. Hayal ise hep gelecekle ilgilidir. Masallar\u0131n y\u00fcz\u00fcn\u00fcn gelece\u011fe d\u00f6n\u00fck olmas\u0131n\u0131n nedeni de bu olmal\u0131. Mustafa Ruhi \u015eirin\u2019in, \u015fiir diliyle yeniden yazd\u0131\u011f\u0131 E\u015fek Nas\u0131l Kral Oldu? kitab\u0131nda on d\u00f6rt ge\u00e7mi\u015f zaman masal\u0131 yer al\u0131yor. Bu kitaptaki masal kahramanlar\u0131 aras\u0131nda insanlar olsa da kahramanlar\u0131n \u00e7o\u011fu hayvanlard\u0131r. Hayvan dedi\u011fimize bakmay\u0131n; her biri insan gibi konu\u015fan; yoksul, zengin, kurnaz, zeki, ak\u0131ll\u0131, baz\u0131lar\u0131 tembel, baz\u0131lar\u0131 \u00e7al\u0131\u015fkan varl\u0131klard\u0131r. Nas\u0131l olur? demeyin. Aralar\u0131nda kral olan e\u015fek bile vard\u0131r. <\/p>\n","protected":false},"excerpt":{"rendered":"<p>\u00c7ok sevgili okur!Masallar\u0131n g\u00fcc\u00fc ola\u011fan ile ola\u011fan\u00fcst\u00fcy\u00fc, ger\u00e7ekle hayali bulu\u015fturmalar\u0131ndan kaynaklan\u0131r. Masallar\u0131n sevilme nedeni, \u00e7ok zengin bir d\u00fcnyada ger\u00e7ekle\u015fmi\u015f olmalar\u0131d\u0131r. Masallar\u0131n do\u011fas\u0131 \u00e7ocuklara yeti\u015fkinlerden daha yak\u0131nd\u0131r.<span class=\"excerpt-hellip\"> [\u2026]<\/span><\/p>\n","protected":false},"featured_media":0,"template":"","meta":{"_monsterinsights_skip_tracking":false,"_monsterinsights_sitenote_active":false,"_monsterinsights_sitenote_note":"","_monsterinsights_sitenote_category":0},"product_brand":[],"product_cat":[12274,12523],"product_tag":[],"class_list":{"0":"post-712980","1":"product","2":"type-product","3":"status-publish","5":"product_cat-cocuk-ve-genclik-kitaplari","6":"product_cat-masallar","7":"pa_cilt-ciltsiz","8":"pa_tur-kitap","9":"pa_yayinevi-ucan-at","10":"pa_yazar-mustafa-ruhi-sirin","12":"first","13":"instock","14":"sale","15":"shipping-taxable","16":"purchasable","17":"product-type-simple"},"_links":{"self":[{"href":"https:\/\/roveyayinevi.com.tr\/index.php\/wp-json\/wp\/v2\/product\/712980","targetHints":{"allow":["GET"]}}],"collection":[{"href":"https:\/\/roveyayinevi.com.tr\/index.php\/wp-json\/wp\/v2\/product"}],"about":[{"href":"https:\/\/roveyayinevi.com.tr\/index.php\/wp-json\/wp\/v2\/types\/product"}],"wp:attachment":[{"href":"https:\/\/roveyayinevi.com.tr\/index.php\/wp-json\/wp\/v2\/media?parent=712980"}],"wp:term":[{"taxonomy":"product_brand","embeddable":true,"href":"https:\/\/roveyayinevi.com.tr\/index.php\/wp-json\/wp\/v2\/product_brand?post=712980"},{"taxonomy":"product_cat","embeddable":true,"href":"https:\/\/roveyayinevi.com.tr\/index.php\/wp-json\/wp\/v2\/product_cat?post=712980"},{"taxonomy":"product_tag","embeddable":true,"href":"https:\/\/roveyayinevi.com.tr\/index.php\/wp-json\/wp\/v2\/product_tag?post=712980"}],"curies":[{"name":"wp","href":"https:\/\/api.w.org\/{rel}","templated":true}]}}