{"id":712979,"date":"2025-08-27T17:02:22","date_gmt":"2025-08-27T14:02:22","guid":{"rendered":"https:\/\/roveyayinevi.com.tr\/index.php\/urun\/okula-giden-kedi-2\/"},"modified":"2026-04-16T02:21:39","modified_gmt":"2026-04-15T23:21:39","slug":"okula-giden-kedi-2","status":"publish","type":"product","link":"https:\/\/roveyayinevi.com.tr\/index.php\/urun\/okula-giden-kedi-2\/","title":{"rendered":"Okula Giden Kedi"},"content":{"rendered":"<p>\u00c7ok sevgili okur!Kitab\u0131n ad\u0131n\u0131 okuyunca \u015fa\u015f\u0131rd\u0131n\u0131z m\u0131? \u201cKedi okula gitmez ki!\u201d mi dediniz. Bir kediyle arkada\u015fl\u0131k etmediyseniz, hayvan ve bitkilerle konu\u015fmam\u0131\u015fsan\u0131z \u015fa\u015f\u0131rmakta hakl\u0131s\u0131n\u0131z. \u015eair Mustafa Ruhi \u015eirin, \u015fiir \u00fc\u00e7lemesinin ilk kitab\u0131 Okula Giden Kedi kitab\u0131yla \u00e7ocuklar\u0131, hayvanlar\u0131 ve bitkileri \u015eiir Okulu\u2019na \u00e7a\u011f\u0131r\u0131yor. \u0130lk torunu Ahmet Kerem do\u011fdu\u011funda yazmaya ba\u015flam\u0131\u015f bu \u015fiirleri. Ahmet Kerem b\u00fcy\u00fcse de bu \u015fiirler ayn\u0131 ya\u015fta kalm\u0131\u015f. Ni\u00e7in mi? \u00c7ocuklar i\u00e7in yaz\u0131lan \u015fiirler k\u00fc\u00e7\u00fck ya\u015flarda kalarak daha sonra do\u011facak \u00e7ocuklarca da okunmak istedikleri i\u00e7in. Okula Giden Kedi\u2019deki \u015fiirleri okurken bu duygu ile \u015fiir yolculu\u011funa \u00e7\u0131kman\u0131z dile\u011fiyle. Kitaba \u015fair ve \u00e7ocuk edebiyat\u0131 yazar\u0131 Yalva\u00e7 Ural\u2019\u0131n yazd\u0131\u011f\u0131 tan\u0131t\u0131m yaz\u0131s\u0131 ve Berk \u00d6zt\u00fcrk\u2019\u00fcn resimleriyle daha \u00e7ok sevmeniz umuduyla&#8230;Mustafa Ruhi \u015eirin, \u00e7ocuk edebiyat\u0131m\u0131z\u0131n \u00e7a\u011fda\u015f yazar ve \u015fairlerinden biridir. \u015eirin\u2019in \u015fairli\u011fini ve \u015fiirlerini farkl\u0131 bir yerde konumland\u0131rmam\u0131z gerekir. \u015eiirindeki her s\u00f6zc\u00fck, onun incelikli dilinde bi\u00e7imlenip ona \u00f6zg\u00fc bir s\u00f6yleyi\u015f kazan\u0131r. \u015eirin, dizelerinde s\u00f6zc\u00fck s\u0131k\u0131nt\u0131s\u0131 \u00e7eken bir \u015fair de\u011fildir. O, \u00e7ocuk okurun alg\u0131s\u0131na girecek s\u00f6zc\u00fckleri ustal\u0131kla se\u00e7en, k\u0131sa t\u00fcmcelerle yaz\u0131ya d\u00f6n\u00fc\u015ft\u00fcren bir ustad\u0131r. Klasikle\u015fmi\u015f \u015fiir kal\u0131plar\u0131ndan ka\u00e7ar, \u00e7a\u011fda\u015f \u015fiirin ve \u00e7ocu\u011fun izle\u011finde yolculu\u011funu s\u00fcrd\u00fcr\u00fcr.Hem de s\u0131cac\u0131k ve bir o kadar da inand\u0131r\u0131c\u0131 dizelerle. Sakl\u0131 bir derinli\u011fi vard\u0131r hep. Konular\u0131 sevgi \u00fczerinde yo\u011funla\u015f\u0131r; \u015fiirlerinde anne, baba, dede, \u00e7ocuk d\u00f6rtgeni ve kediler, s\u0131kl\u0131kla yer bulur kendine. \u00c7ok az \u015fairde yakalan\u0131r bu denli lirik s\u00f6yleyi\u015fler. Kendisi t\u0131pk\u0131 \u015fiirlerine benzer; k\u0131r\u0131lgan, narin, incelikli, \u015fiir s\u00f6zc\u00fc\u011f\u00fcne yak\u0131\u015fan bir \u015fairdir o. Bu kitapta sizi de yakalayan bir \u015fiir olacak. Okula Giden Kedi\u2019yi severek ve ilgiyle okuyaca\u011f\u0131n\u0131za inan\u0131yorum. &#8211; Yalva\u00e7 Ural <\/p>\n","protected":false},"excerpt":{"rendered":"<p>\u00c7ok sevgili okur!Kitab\u0131n ad\u0131n\u0131 okuyunca \u015fa\u015f\u0131rd\u0131n\u0131z m\u0131? \u201cKedi okula gitmez ki!\u201d mi dediniz. Bir kediyle arkada\u015fl\u0131k etmediyseniz, hayvan ve bitkilerle konu\u015fmam\u0131\u015fsan\u0131z \u015fa\u015f\u0131rmakta hakl\u0131s\u0131n\u0131z. \u015eair Mustafa Ruhi<span class=\"excerpt-hellip\"> [\u2026]<\/span><\/p>\n","protected":false},"featured_media":0,"template":"","meta":{"_monsterinsights_skip_tracking":false,"_monsterinsights_sitenote_active":false,"_monsterinsights_sitenote_note":"","_monsterinsights_sitenote_category":0},"product_brand":[],"product_cat":[12312,12304],"product_tag":[],"class_list":{"0":"post-712979","1":"product","2":"type-product","3":"status-publish","5":"product_cat-diger","6":"product_cat-tarih","7":"pa_cilt-ciltsiz","8":"pa_tur-kitap","9":"pa_yayinevi-ucan-at","10":"pa_yazar-mustafa-ruhi-sirin","12":"first","13":"instock","14":"sale","15":"shipping-taxable","16":"purchasable","17":"product-type-simple"},"_links":{"self":[{"href":"https:\/\/roveyayinevi.com.tr\/index.php\/wp-json\/wp\/v2\/product\/712979","targetHints":{"allow":["GET"]}}],"collection":[{"href":"https:\/\/roveyayinevi.com.tr\/index.php\/wp-json\/wp\/v2\/product"}],"about":[{"href":"https:\/\/roveyayinevi.com.tr\/index.php\/wp-json\/wp\/v2\/types\/product"}],"wp:attachment":[{"href":"https:\/\/roveyayinevi.com.tr\/index.php\/wp-json\/wp\/v2\/media?parent=712979"}],"wp:term":[{"taxonomy":"product_brand","embeddable":true,"href":"https:\/\/roveyayinevi.com.tr\/index.php\/wp-json\/wp\/v2\/product_brand?post=712979"},{"taxonomy":"product_cat","embeddable":true,"href":"https:\/\/roveyayinevi.com.tr\/index.php\/wp-json\/wp\/v2\/product_cat?post=712979"},{"taxonomy":"product_tag","embeddable":true,"href":"https:\/\/roveyayinevi.com.tr\/index.php\/wp-json\/wp\/v2\/product_tag?post=712979"}],"curies":[{"name":"wp","href":"https:\/\/api.w.org\/{rel}","templated":true}]}}